{"id":5832,"date":"2025-11-10T16:32:59","date_gmt":"2025-11-10T14:32:59","guid":{"rendered":"https:\/\/www.barometreocupacions.cat\/?page_id=5832"},"modified":"2025-11-20T16:58:53","modified_gmt":"2025-11-20T14:58:53","slug":"evolucion-2018-2024-evolucion-de-la-demanda-de-competencias-blandas-7","status":"publish","type":"page","link":"https:\/\/www.barometreocupacions.cat\/es\/evolucion-2018-2024-evolucion-de-la-demanda-de-competencias-blandas-7\/","title":{"rendered":"DISTRIBUCI\u00d3N GEOGR\u00c1FICA DEL TELETRABAJO"},"content":{"rendered":"\t\t<div data-elementor-type=\"wp-page\" data-elementor-id=\"5832\" class=\"elementor elementor-5832 elementor-5831\" data-elementor-post-type=\"page\">\n\t\t\t\t<div class=\"elementor-element elementor-element-e68e719 e-flex e-con-boxed elementor-invisible e-con e-parent\" data-id=\"e68e719\" data-element_type=\"container\" data-settings=\"{&quot;animation&quot;:&quot;fadeIn&quot;}\">\n\t\t\t\t\t<div class=\"e-con-inner\">\n\t\t<div class=\"elementor-element elementor-element-4773a33 e-flex e-con-boxed elementor-invisible e-con e-child\" data-id=\"4773a33\" data-element_type=\"container\" data-settings=\"{&quot;animation&quot;:&quot;fadeIn&quot;}\">\n\t\t\t\t\t<div class=\"e-con-inner\">\n\t\t\t\t<div class=\"elementor-element elementor-element-d5ca779 elementor-widget elementor-widget-heading\" data-id=\"d5ca779\" data-element_type=\"widget\" data-widget_type=\"heading.default\">\n\t\t\t\t<div class=\"elementor-widget-container\">\n\t\t\t\t\t<h1 class=\"elementor-heading-title elementor-size-default\">DISTRIBUCI\u00d3N GEOGR\u00c1FICA DEL TELETRABAJO<\/h1>\t\t\t\t<\/div>\n\t\t\t\t<\/div>\n\t\t\t\t<div class=\"elementor-element elementor-element-2325861 elementor-widget elementor-widget-text-editor\" data-id=\"2325861\" data-element_type=\"widget\" data-widget_type=\"text-editor.default\">\n\t\t\t\t<div class=\"elementor-widget-container\">\n\t\t\t\t\t\t\t\t\t<p>\u00bfD\u00f3nde se concentra el teletrabajo en Catalu\u00f1a? \u00bfC\u00f3mo ha evolucionado en los \u00faltimos a\u00f1os la distribuci\u00f3n del teletrabajo en cada provincia? \u00bfQu\u00e9 diferencia presenta Catalu\u00f1a con el resto del Estado? Echa un vistazo a la distribuci\u00f3n territorial y temporal del teletrabajo en Catalu\u00f1a y Espa\u00f1a:   <\/p>\t\t\t\t\t\t\t\t<\/div>\n\t\t\t\t<\/div>\n\t\t\t\t\t<\/div>\n\t\t\t\t<\/div>\n\t\t\t\t\t<\/div>\n\t\t\t\t<\/div>\n\t\t<div class=\"elementor-element elementor-element-64c881e e-flex e-con-boxed elementor-invisible e-con e-parent\" data-id=\"64c881e\" data-element_type=\"container\" data-settings=\"{&quot;animation&quot;:&quot;fadeIn&quot;}\">\n\t\t\t\t\t<div class=\"e-con-inner\">\n\t\t\t\t<div class=\"elementor-element elementor-element-50671c9 elementor-widget elementor-widget-html\" data-id=\"50671c9\" data-element_type=\"widget\" data-widget_type=\"html.default\">\n\t\t\t\t<div class=\"elementor-widget-container\">\n\t\t\t\t\t<iframe title=\"DISTRIBUCI\u00d3N GEOGR\u00c1FICA DEL TELETRABAJO\" width=\"100%\" height=\"700\" src=\"https:\/\/app.powerbi.com\/view?r=eyJrIjoiZGM0NTgzNzMtN2Y4Ny00ZTE2LThhOTYtNmZlYmE5MzkwODdkIiwidCI6ImFlYzc2MmU0LTNkNTQtNDk1ZS1hOGZlLTQyODdkY2U2ZmU2OSIsImMiOjh9\" frameborder=\"0\" allowfullscreen=\"true\"><\/iframe>\t\t\t\t<\/div>\n\t\t\t\t<\/div>\n\t\t\t\t\t<\/div>\n\t\t\t\t<\/div>\n\t\t<div class=\"elementor-element elementor-element-a07243c e-flex e-con-boxed elementor-invisible e-con e-parent\" data-id=\"a07243c\" data-element_type=\"container\" data-settings=\"{&quot;animation&quot;:&quot;fadeIn&quot;,&quot;background_background&quot;:&quot;classic&quot;}\">\n\t\t\t\t\t<div class=\"e-con-inner\">\n\t\t\t\t<div class=\"elementor-element elementor-element-c4a94b0 elementor-widget elementor-widget-heading\" data-id=\"c4a94b0\" data-element_type=\"widget\" data-widget_type=\"heading.default\">\n\t\t\t\t<div class=\"elementor-widget-container\">\n\t\t\t\t\t<h3 class=\"elementor-heading-title elementor-size-default\">Y ADEM\u00c1S...<\/h3>\t\t\t\t<\/div>\n\t\t\t\t<\/div>\n\t\t<div class=\"elementor-element elementor-element-2280721 e-flex e-con-boxed e-con e-child\" data-id=\"2280721\" data-element_type=\"container\">\n\t\t\t\t\t<div class=\"e-con-inner\">\n\t\t<div class=\"elementor-element elementor-element-96cebf0 e-flex e-con-boxed e-con e-child\" data-id=\"96cebf0\" data-element_type=\"container\" data-settings=\"{&quot;background_background&quot;:&quot;classic&quot;}\">\n\t\t\t\t\t<div class=\"e-con-inner\">\n\t\t\t\t<div class=\"elementor-element elementor-element-4b53a81 elementor-position-left elementor-vertical-align-middle elementor-widget elementor-widget-image-box\" data-id=\"4b53a81\" data-element_type=\"widget\" data-widget_type=\"image-box.default\">\n\t\t\t\t<div class=\"elementor-widget-container\">\n\t\t\t\t\t<div class=\"elementor-image-box-wrapper\"><figure class=\"elementor-image-box-img\"><a href=\"https:\/\/www.barometreocupacions.cat\/es\/evolucion-2018-2024-evolucion-de-la-demanda-de-competencias-blandas-2\/\" tabindex=\"-1\"><img fetchpriority=\"high\" decoding=\"async\" width=\"512\" height=\"512\" src=\"https:\/\/www.barometreocupacions.cat\/wp-content\/uploads\/2025\/11\/evolucion.png\" class=\"attachment-full size-full wp-image-5860\" alt=\"\" srcset=\"https:\/\/www.barometreocupacions.cat\/wp-content\/uploads\/2025\/11\/evolucion.png 512w, https:\/\/www.barometreocupacions.cat\/wp-content\/uploads\/2025\/11\/evolucion-300x300.png 300w, https:\/\/www.barometreocupacions.cat\/wp-content\/uploads\/2025\/11\/evolucion-150x150.png 150w\" sizes=\"(max-width: 512px) 100vw, 512px\" \/><\/a><\/figure><div class=\"elementor-image-box-content\"><h3 class=\"elementor-image-box-title\"><a href=\"https:\/\/www.barometreocupacions.cat\/es\/evolucion-2018-2024-evolucion-de-la-demanda-de-competencias-blandas-2\/\">Evoluci\u00f3n del teletrabajo en Catalu\u00f1a<\/a><\/h3><p class=\"elementor-image-box-description\">New!<\/p><\/div><\/div>\t\t\t\t<\/div>\n\t\t\t\t<\/div>\n\t\t\t\t\t<\/div>\n\t\t\t\t<\/div>\n\t\t<div class=\"elementor-element elementor-element-37be490 e-flex e-con-boxed e-con e-child\" data-id=\"37be490\" data-element_type=\"container\" data-settings=\"{&quot;background_background&quot;:&quot;classic&quot;}\">\n\t\t\t\t\t<div class=\"e-con-inner\">\n\t\t\t\t<div class=\"elementor-element elementor-element-ff26540 elementor-position-left elementor-vertical-align-middle elementor-widget elementor-widget-image-box\" data-id=\"ff26540\" data-element_type=\"widget\" data-widget_type=\"image-box.default\">\n\t\t\t\t<div class=\"elementor-widget-container\">\n\t\t\t\t\t<div class=\"elementor-image-box-wrapper\"><figure class=\"elementor-image-box-img\"><a href=\"https:\/\/www.barometreocupacions.cat\/es\/evolucion-2018-2024-evolucion-de-la-demanda-de-competencias-blandas-3\/\" tabindex=\"-1\"><img decoding=\"async\" width=\"512\" height=\"512\" src=\"https:\/\/www.barometreocupacions.cat\/wp-content\/uploads\/2025\/11\/sectorial.png\" class=\"attachment-full size-full wp-image-5862\" alt=\"\" srcset=\"https:\/\/www.barometreocupacions.cat\/wp-content\/uploads\/2025\/11\/sectorial.png 512w, https:\/\/www.barometreocupacions.cat\/wp-content\/uploads\/2025\/11\/sectorial-300x300.png 300w, https:\/\/www.barometreocupacions.cat\/wp-content\/uploads\/2025\/11\/sectorial-150x150.png 150w\" sizes=\"(max-width: 512px) 100vw, 512px\" \/><\/a><\/figure><div class=\"elementor-image-box-content\"><h3 class=\"elementor-image-box-title\"><a href=\"https:\/\/www.barometreocupacions.cat\/es\/evolucion-2018-2024-evolucion-de-la-demanda-de-competencias-blandas-3\/\">Distribuci\u00f3n sectorial del teletrabajo <\/a><\/h3><p class=\"elementor-image-box-description\">New!<\/p><\/div><\/div>\t\t\t\t<\/div>\n\t\t\t\t<\/div>\n\t\t\t\t\t<\/div>\n\t\t\t\t<\/div>\n\t\t\t\t\t<\/div>\n\t\t\t\t<\/div>\n\t\t<div class=\"elementor-element elementor-element-48c0b11 e-flex e-con-boxed e-con e-child\" data-id=\"48c0b11\" data-element_type=\"container\">\n\t\t\t\t\t<div class=\"e-con-inner\">\n\t\t<div class=\"elementor-element elementor-element-448d801 e-flex e-con-boxed e-con e-child\" data-id=\"448d801\" data-element_type=\"container\" data-settings=\"{&quot;background_background&quot;:&quot;classic&quot;}\">\n\t\t\t\t\t<div class=\"e-con-inner\">\n\t\t\t\t<div class=\"elementor-element elementor-element-8b5a0b0 elementor-vertical-align-middle elementor-position-left elementor-widget elementor-widget-image-box\" data-id=\"8b5a0b0\" data-element_type=\"widget\" data-widget_type=\"image-box.default\">\n\t\t\t\t<div class=\"elementor-widget-container\">\n\t\t\t\t\t<div class=\"elementor-image-box-wrapper\"><figure class=\"elementor-image-box-img\"><a href=\"https:\/\/www.barometreocupacions.cat\/es\/evolucion-2018-2024-evolucion-de-la-demanda-de-competencias-blandas-4\/\" tabindex=\"-1\"><img decoding=\"async\" width=\"512\" height=\"512\" src=\"https:\/\/www.barometreocupacions.cat\/wp-content\/uploads\/2025\/11\/ocupaciones.png\" class=\"attachment-full size-full wp-image-5864\" alt=\"\" srcset=\"https:\/\/www.barometreocupacions.cat\/wp-content\/uploads\/2025\/11\/ocupaciones.png 512w, https:\/\/www.barometreocupacions.cat\/wp-content\/uploads\/2025\/11\/ocupaciones-300x300.png 300w, https:\/\/www.barometreocupacions.cat\/wp-content\/uploads\/2025\/11\/ocupaciones-150x150.png 150w\" sizes=\"(max-width: 512px) 100vw, 512px\" \/><\/a><\/figure><div class=\"elementor-image-box-content\"><h3 class=\"elementor-image-box-title\"><a href=\"https:\/\/www.barometreocupacions.cat\/es\/evolucion-2018-2024-evolucion-de-la-demanda-de-competencias-blandas-4\/\">Las ocupaciones con m\u00e1s teletrabajo<\/a><\/h3><p class=\"elementor-image-box-description\">New!<\/p><\/div><\/div>\t\t\t\t<\/div>\n\t\t\t\t<\/div>\n\t\t\t\t\t<\/div>\n\t\t\t\t<\/div>\n\t\t<div class=\"elementor-element elementor-element-53436ca e-flex e-con-boxed e-con e-child\" data-id=\"53436ca\" data-element_type=\"container\" data-settings=\"{&quot;background_background&quot;:&quot;classic&quot;}\">\n\t\t\t\t\t<div class=\"e-con-inner\">\n\t\t\t\t<div class=\"elementor-element elementor-element-4e9897b elementor-vertical-align-middle elementor-position-left elementor-widget elementor-widget-image-box\" data-id=\"4e9897b\" data-element_type=\"widget\" data-widget_type=\"image-box.default\">\n\t\t\t\t<div class=\"elementor-widget-container\">\n\t\t\t\t\t<div class=\"elementor-image-box-wrapper\"><figure class=\"elementor-image-box-img\"><a href=\"https:\/\/www.barometreocupacions.cat\/es\/evolucion-2018-2024-evolucion-de-la-demanda-de-competencias-blandas-5\/\" tabindex=\"-1\"><img loading=\"lazy\" decoding=\"async\" width=\"512\" height=\"512\" src=\"https:\/\/www.barometreocupacions.cat\/wp-content\/uploads\/2025\/11\/carcateristicas.png\" class=\"attachment-full size-full wp-image-5866\" alt=\"\" srcset=\"https:\/\/www.barometreocupacions.cat\/wp-content\/uploads\/2025\/11\/carcateristicas.png 512w, https:\/\/www.barometreocupacions.cat\/wp-content\/uploads\/2025\/11\/carcateristicas-300x300.png 300w, https:\/\/www.barometreocupacions.cat\/wp-content\/uploads\/2025\/11\/carcateristicas-150x150.png 150w\" sizes=\"(max-width: 512px) 100vw, 512px\" \/><\/a><\/figure><div class=\"elementor-image-box-content\"><h3 class=\"elementor-image-box-title\"><a href=\"https:\/\/www.barometreocupacions.cat\/es\/evolucion-2018-2024-evolucion-de-la-demanda-de-competencias-blandas-5\/\">Caracter\u00edsticas del teletrabajo<\/a><\/h3><p class=\"elementor-image-box-description\">New!<\/p><\/div><\/div>\t\t\t\t<\/div>\n\t\t\t\t<\/div>\n\t\t\t\t\t<\/div>\n\t\t\t\t<\/div>\n\t\t\t\t\t<\/div>\n\t\t\t\t<\/div>\n\t\t<div class=\"elementor-element elementor-element-a2c230d e-flex e-con-boxed e-con e-child\" data-id=\"a2c230d\" data-element_type=\"container\">\n\t\t\t\t\t<div class=\"e-con-inner\">\n\t\t<div class=\"elementor-element elementor-element-3d012f6 e-flex e-con-boxed e-con e-child\" data-id=\"3d012f6\" data-element_type=\"container\" data-settings=\"{&quot;background_background&quot;:&quot;classic&quot;}\">\n\t\t\t\t\t<div class=\"e-con-inner\">\n\t\t\t\t<div class=\"elementor-element elementor-element-60dedbf elementor-vertical-align-middle elementor-position-left elementor-widget elementor-widget-image-box\" data-id=\"60dedbf\" data-element_type=\"widget\" data-widget_type=\"image-box.default\">\n\t\t\t\t<div class=\"elementor-widget-container\">\n\t\t\t\t\t<div class=\"elementor-image-box-wrapper\"><figure class=\"elementor-image-box-img\"><a href=\"https:\/\/www.barometreocupacions.cat\/es\/evolucion-2018-2024-evolucion-de-la-demanda-de-competencias-blandas-6\/\" tabindex=\"-1\"><img loading=\"lazy\" decoding=\"async\" width=\"512\" height=\"512\" src=\"https:\/\/www.barometreocupacions.cat\/wp-content\/uploads\/2025\/11\/competencias.png\" class=\"attachment-full size-full wp-image-5870\" alt=\"\" srcset=\"https:\/\/www.barometreocupacions.cat\/wp-content\/uploads\/2025\/11\/competencias.png 512w, https:\/\/www.barometreocupacions.cat\/wp-content\/uploads\/2025\/11\/competencias-300x300.png 300w, https:\/\/www.barometreocupacions.cat\/wp-content\/uploads\/2025\/11\/competencias-150x150.png 150w\" sizes=\"(max-width: 512px) 100vw, 512px\" \/><\/a><\/figure><div class=\"elementor-image-box-content\"><h3 class=\"elementor-image-box-title\"><a href=\"https:\/\/www.barometreocupacions.cat\/es\/evolucion-2018-2024-evolucion-de-la-demanda-de-competencias-blandas-6\/\">Compet\u00e8ncies i teletreball<\/a><\/h3><p class=\"elementor-image-box-description\">New!<\/p><\/div><\/div>\t\t\t\t<\/div>\n\t\t\t\t<\/div>\n\t\t\t\t\t<\/div>\n\t\t\t\t<\/div>\n\t\t<div class=\"elementor-element elementor-element-d275ff3 e-flex e-con-boxed e-con e-child\" data-id=\"d275ff3\" data-element_type=\"container\" data-settings=\"{&quot;background_background&quot;:&quot;classic&quot;}\">\n\t\t\t\t\t<div class=\"e-con-inner\">\n\t\t\t\t\t<\/div>\n\t\t\t\t<\/div>\n\t\t\t\t\t<\/div>\n\t\t\t\t<\/div>\n\t\t\t\t\t<\/div>\n\t\t\t\t<\/div>\n\t\t\t\t<\/div>\n\t\t","protected":false},"excerpt":{"rendered":"<p>DISTRIBUCI\u00d3N GEOGR\u00c1FICA DEL TELETRABAJO \u00bfD\u00f3nde se concentra el teletrabajo en Catalu\u00f1a? \u00bfC\u00f3mo ha evolucionado en los \u00faltimos a\u00f1os la distribuci\u00f3n del teletrabajo en cada provincia? \u00bfQu\u00e9 diferencia presenta Catalu\u00f1a con el resto del Estado? Echa un vistazo a la distribuci\u00f3n territorial y temporal del teletrabajo en Catalu\u00f1a y Espa\u00f1a: Y ADEM\u00c1S&#8230; Evoluci\u00f3n del teletrabajo en [&hellip;]<\/p>\n","protected":false},"author":2,"featured_media":0,"parent":0,"menu_order":0,"comment_status":"closed","ping_status":"closed","template":"","meta":{"footnotes":""},"class_list":["post-5832","page","type-page","status-publish","hentry"],"yoast_head":"<!-- This site is optimized with the Yoast SEO plugin v25.4 - https:\/\/yoast.com\/wordpress\/plugins\/seo\/ -->\n<title>DISTRIBUCI\u00d3N GEOGR\u00c1FICA DEL TELETRABAJO - Bar\u00f2metre de compet\u00e8ncies i ocupacions de Catalunya<\/title>\n<meta name=\"robots\" content=\"index, follow, max-snippet:-1, max-image-preview:large, max-video-preview:-1\" \/>\n<link rel=\"canonical\" href=\"https:\/\/www.barometreocupacions.cat\/es\/evolucion-2018-2024-evolucion-de-la-demanda-de-competencias-blandas-7\/\" \/>\n<meta property=\"og:locale\" content=\"es_ES\" \/>\n<meta property=\"og:type\" content=\"article\" \/>\n<meta property=\"og:title\" content=\"DISTRIBUCI\u00d3N GEOGR\u00c1FICA DEL TELETRABAJO - Bar\u00f2metre de compet\u00e8ncies i ocupacions de Catalunya\" \/>\n<meta property=\"og:description\" content=\"DISTRIBUCI\u00d3N GEOGR\u00c1FICA DEL TELETRABAJO \u00bfD\u00f3nde se concentra el teletrabajo en Catalu\u00f1a? \u00bfC\u00f3mo ha evolucionado en los \u00faltimos a\u00f1os la distribuci\u00f3n del teletrabajo en cada provincia? \u00bfQu\u00e9 diferencia presenta Catalu\u00f1a con el resto del Estado? Echa un vistazo a la distribuci\u00f3n territorial y temporal del teletrabajo en Catalu\u00f1a y Espa\u00f1a: Y ADEM\u00c1S&#8230; Evoluci\u00f3n del teletrabajo en [&hellip;]\" \/>\n<meta property=\"og:url\" content=\"https:\/\/www.barometreocupacions.cat\/es\/evolucion-2018-2024-evolucion-de-la-demanda-de-competencias-blandas-7\/\" \/>\n<meta property=\"og:site_name\" content=\"Bar\u00f2metre de compet\u00e8ncies i ocupacions de Catalunya\" \/>\n<meta property=\"article:modified_time\" content=\"2025-11-20T14:58:53+00:00\" \/>\n<meta property=\"og:image\" content=\"https:\/\/www.barometreocupacions.cat\/wp-content\/uploads\/2025\/11\/evolucion.png\" \/>\n\t<meta property=\"og:image:width\" content=\"512\" \/>\n\t<meta property=\"og:image:height\" content=\"512\" \/>\n\t<meta property=\"og:image:type\" content=\"image\/png\" \/>\n<meta name=\"twitter:card\" content=\"summary_large_image\" \/>\n<script type=\"application\/ld+json\" class=\"yoast-schema-graph\">{\"@context\":\"https:\/\/schema.org\",\"@graph\":[{\"@type\":\"WebPage\",\"@id\":\"https:\/\/www.barometreocupacions.cat\/es\/evolucion-2018-2024-evolucion-de-la-demanda-de-competencias-blandas-7\/\",\"url\":\"https:\/\/www.barometreocupacions.cat\/es\/evolucion-2018-2024-evolucion-de-la-demanda-de-competencias-blandas-7\/\",\"name\":\"DISTRIBUCI\u00d3N GEOGR\u00c1FICA DEL TELETRABAJO - Bar\u00f2metre de compet\u00e8ncies i ocupacions de Catalunya\",\"isPartOf\":{\"@id\":\"https:\/\/www.barometreocupacions.cat\/es\/#website\"},\"primaryImageOfPage\":{\"@id\":\"https:\/\/www.barometreocupacions.cat\/es\/evolucion-2018-2024-evolucion-de-la-demanda-de-competencias-blandas-7\/#primaryimage\"},\"image\":{\"@id\":\"https:\/\/www.barometreocupacions.cat\/es\/evolucion-2018-2024-evolucion-de-la-demanda-de-competencias-blandas-7\/#primaryimage\"},\"thumbnailUrl\":\"https:\/\/www.barometreocupacions.cat\/wp-content\/uploads\/2025\/11\/evolucion.png\",\"datePublished\":\"2025-11-10T14:32:59+00:00\",\"dateModified\":\"2025-11-20T14:58:53+00:00\",\"breadcrumb\":{\"@id\":\"https:\/\/www.barometreocupacions.cat\/es\/evolucion-2018-2024-evolucion-de-la-demanda-de-competencias-blandas-7\/#breadcrumb\"},\"inLanguage\":\"es\",\"potentialAction\":[{\"@type\":\"ReadAction\",\"target\":[\"https:\/\/www.barometreocupacions.cat\/es\/evolucion-2018-2024-evolucion-de-la-demanda-de-competencias-blandas-7\/\"]}]},{\"@type\":\"ImageObject\",\"inLanguage\":\"es\",\"@id\":\"https:\/\/www.barometreocupacions.cat\/es\/evolucion-2018-2024-evolucion-de-la-demanda-de-competencias-blandas-7\/#primaryimage\",\"url\":\"https:\/\/www.barometreocupacions.cat\/wp-content\/uploads\/2025\/11\/evolucion.png\",\"contentUrl\":\"https:\/\/www.barometreocupacions.cat\/wp-content\/uploads\/2025\/11\/evolucion.png\"},{\"@type\":\"BreadcrumbList\",\"@id\":\"https:\/\/www.barometreocupacions.cat\/es\/evolucion-2018-2024-evolucion-de-la-demanda-de-competencias-blandas-7\/#breadcrumb\",\"itemListElement\":[{\"@type\":\"ListItem\",\"position\":1,\"name\":\"Inici\",\"item\":\"https:\/\/www.barometreocupacions.cat\/es\/\"},{\"@type\":\"ListItem\",\"position\":2,\"name\":\"DISTRIBUCI\u00d3N GEOGR\u00c1FICA DEL TELETRABAJO\"}]},{\"@type\":\"WebSite\",\"@id\":\"https:\/\/www.barometreocupacions.cat\/es\/#website\",\"url\":\"https:\/\/www.barometreocupacions.cat\/es\/\",\"name\":\"Bar\u00f2metre de compet\u00e8ncies i ocupacions de Catalunya\",\"description\":\"\",\"publisher\":{\"@id\":\"https:\/\/www.barometreocupacions.cat\/es\/#organization\"},\"potentialAction\":[{\"@type\":\"SearchAction\",\"target\":{\"@type\":\"EntryPoint\",\"urlTemplate\":\"https:\/\/www.barometreocupacions.cat\/es\/?s={search_term_string}\"},\"query-input\":{\"@type\":\"PropertyValueSpecification\",\"valueRequired\":true,\"valueName\":\"search_term_string\"}}],\"inLanguage\":\"es\"},{\"@type\":\"Organization\",\"@id\":\"https:\/\/www.barometreocupacions.cat\/es\/#organization\",\"name\":\"Bar\u00f2metre de compet\u00e8ncies i ocupacions de Catalunya\",\"url\":\"https:\/\/www.barometreocupacions.cat\/es\/\",\"logo\":{\"@type\":\"ImageObject\",\"inLanguage\":\"es\",\"@id\":\"https:\/\/www.barometreocupacions.cat\/es\/#\/schema\/logo\/image\/\",\"url\":\"https:\/\/www.barometreocupacions.cat\/wp-content\/uploads\/2024\/02\/logo.png\",\"contentUrl\":\"https:\/\/www.barometreocupacions.cat\/wp-content\/uploads\/2024\/02\/logo.png\",\"width\":504,\"height\":435,\"caption\":\"Bar\u00f2metre de compet\u00e8ncies i ocupacions de Catalunya\"},\"image\":{\"@id\":\"https:\/\/www.barometreocupacions.cat\/es\/#\/schema\/logo\/image\/\"}}]}<\/script>\n<!-- \/ Yoast SEO plugin. -->","yoast_head_json":{"title":"DISTRIBUCI\u00d3N GEOGR\u00c1FICA DEL TELETRABAJO - Bar\u00f2metre de compet\u00e8ncies i ocupacions de Catalunya","robots":{"index":"index","follow":"follow","max-snippet":"max-snippet:-1","max-image-preview":"max-image-preview:large","max-video-preview":"max-video-preview:-1"},"canonical":"https:\/\/www.barometreocupacions.cat\/es\/evolucion-2018-2024-evolucion-de-la-demanda-de-competencias-blandas-7\/","og_locale":"es_ES","og_type":"article","og_title":"DISTRIBUCI\u00d3N GEOGR\u00c1FICA DEL TELETRABAJO - Bar\u00f2metre de compet\u00e8ncies i ocupacions de Catalunya","og_description":"DISTRIBUCI\u00d3N GEOGR\u00c1FICA DEL TELETRABAJO \u00bfD\u00f3nde se concentra el teletrabajo en Catalu\u00f1a? \u00bfC\u00f3mo ha evolucionado en los \u00faltimos a\u00f1os la distribuci\u00f3n del teletrabajo en cada provincia? \u00bfQu\u00e9 diferencia presenta Catalu\u00f1a con el resto del Estado? Echa un vistazo a la distribuci\u00f3n territorial y temporal del teletrabajo en Catalu\u00f1a y Espa\u00f1a: Y ADEM\u00c1S&#8230; Evoluci\u00f3n del teletrabajo en [&hellip;]","og_url":"https:\/\/www.barometreocupacions.cat\/es\/evolucion-2018-2024-evolucion-de-la-demanda-de-competencias-blandas-7\/","og_site_name":"Bar\u00f2metre de compet\u00e8ncies i ocupacions de Catalunya","article_modified_time":"2025-11-20T14:58:53+00:00","og_image":[{"width":512,"height":512,"url":"https:\/\/www.barometreocupacions.cat\/wp-content\/uploads\/2025\/11\/evolucion.png","type":"image\/png"}],"twitter_card":"summary_large_image","schema":{"@context":"https:\/\/schema.org","@graph":[{"@type":"WebPage","@id":"https:\/\/www.barometreocupacions.cat\/es\/evolucion-2018-2024-evolucion-de-la-demanda-de-competencias-blandas-7\/","url":"https:\/\/www.barometreocupacions.cat\/es\/evolucion-2018-2024-evolucion-de-la-demanda-de-competencias-blandas-7\/","name":"DISTRIBUCI\u00d3N GEOGR\u00c1FICA DEL TELETRABAJO - Bar\u00f2metre de compet\u00e8ncies i ocupacions de Catalunya","isPartOf":{"@id":"https:\/\/www.barometreocupacions.cat\/es\/#website"},"primaryImageOfPage":{"@id":"https:\/\/www.barometreocupacions.cat\/es\/evolucion-2018-2024-evolucion-de-la-demanda-de-competencias-blandas-7\/#primaryimage"},"image":{"@id":"https:\/\/www.barometreocupacions.cat\/es\/evolucion-2018-2024-evolucion-de-la-demanda-de-competencias-blandas-7\/#primaryimage"},"thumbnailUrl":"https:\/\/www.barometreocupacions.cat\/wp-content\/uploads\/2025\/11\/evolucion.png","datePublished":"2025-11-10T14:32:59+00:00","dateModified":"2025-11-20T14:58:53+00:00","breadcrumb":{"@id":"https:\/\/www.barometreocupacions.cat\/es\/evolucion-2018-2024-evolucion-de-la-demanda-de-competencias-blandas-7\/#breadcrumb"},"inLanguage":"es","potentialAction":[{"@type":"ReadAction","target":["https:\/\/www.barometreocupacions.cat\/es\/evolucion-2018-2024-evolucion-de-la-demanda-de-competencias-blandas-7\/"]}]},{"@type":"ImageObject","inLanguage":"es","@id":"https:\/\/www.barometreocupacions.cat\/es\/evolucion-2018-2024-evolucion-de-la-demanda-de-competencias-blandas-7\/#primaryimage","url":"https:\/\/www.barometreocupacions.cat\/wp-content\/uploads\/2025\/11\/evolucion.png","contentUrl":"https:\/\/www.barometreocupacions.cat\/wp-content\/uploads\/2025\/11\/evolucion.png"},{"@type":"BreadcrumbList","@id":"https:\/\/www.barometreocupacions.cat\/es\/evolucion-2018-2024-evolucion-de-la-demanda-de-competencias-blandas-7\/#breadcrumb","itemListElement":[{"@type":"ListItem","position":1,"name":"Inici","item":"https:\/\/www.barometreocupacions.cat\/es\/"},{"@type":"ListItem","position":2,"name":"DISTRIBUCI\u00d3N GEOGR\u00c1FICA DEL TELETRABAJO"}]},{"@type":"WebSite","@id":"https:\/\/www.barometreocupacions.cat\/es\/#website","url":"https:\/\/www.barometreocupacions.cat\/es\/","name":"Bar\u00f2metre de compet\u00e8ncies i ocupacions de Catalunya","description":"","publisher":{"@id":"https:\/\/www.barometreocupacions.cat\/es\/#organization"},"potentialAction":[{"@type":"SearchAction","target":{"@type":"EntryPoint","urlTemplate":"https:\/\/www.barometreocupacions.cat\/es\/?s={search_term_string}"},"query-input":{"@type":"PropertyValueSpecification","valueRequired":true,"valueName":"search_term_string"}}],"inLanguage":"es"},{"@type":"Organization","@id":"https:\/\/www.barometreocupacions.cat\/es\/#organization","name":"Bar\u00f2metre de compet\u00e8ncies i ocupacions de Catalunya","url":"https:\/\/www.barometreocupacions.cat\/es\/","logo":{"@type":"ImageObject","inLanguage":"es","@id":"https:\/\/www.barometreocupacions.cat\/es\/#\/schema\/logo\/image\/","url":"https:\/\/www.barometreocupacions.cat\/wp-content\/uploads\/2024\/02\/logo.png","contentUrl":"https:\/\/www.barometreocupacions.cat\/wp-content\/uploads\/2024\/02\/logo.png","width":504,"height":435,"caption":"Bar\u00f2metre de compet\u00e8ncies i ocupacions de Catalunya"},"image":{"@id":"https:\/\/www.barometreocupacions.cat\/es\/#\/schema\/logo\/image\/"}}]}},"_links":{"self":[{"href":"https:\/\/www.barometreocupacions.cat\/es\/wp-json\/wp\/v2\/pages\/5832","targetHints":{"allow":["GET"]}}],"collection":[{"href":"https:\/\/www.barometreocupacions.cat\/es\/wp-json\/wp\/v2\/pages"}],"about":[{"href":"https:\/\/www.barometreocupacions.cat\/es\/wp-json\/wp\/v2\/types\/page"}],"author":[{"embeddable":true,"href":"https:\/\/www.barometreocupacions.cat\/es\/wp-json\/wp\/v2\/users\/2"}],"replies":[{"embeddable":true,"href":"https:\/\/www.barometreocupacions.cat\/es\/wp-json\/wp\/v2\/comments?post=5832"}],"version-history":[{"count":4,"href":"https:\/\/www.barometreocupacions.cat\/es\/wp-json\/wp\/v2\/pages\/5832\/revisions"}],"predecessor-version":[{"id":6062,"href":"https:\/\/www.barometreocupacions.cat\/es\/wp-json\/wp\/v2\/pages\/5832\/revisions\/6062"}],"wp:attachment":[{"href":"https:\/\/www.barometreocupacions.cat\/es\/wp-json\/wp\/v2\/media?parent=5832"}],"curies":[{"name":"wp","href":"https:\/\/api.w.org\/{rel}","templated":true}]}}