{"id":5684,"date":"2025-06-26T16:34:21","date_gmt":"2025-06-26T14:34:21","guid":{"rendered":"https:\/\/www.barometreocupacions.cat\/evolucion-2018-2024-evolucion-de-la-demanda-de-competencias-digitales\/"},"modified":"2025-08-06T10:19:42","modified_gmt":"2025-08-06T08:19:42","slug":"evolucion-2018-2024-evolucion-de-la-demanda-de-competencias-digitales","status":"publish","type":"page","link":"https:\/\/www.barometreocupacions.cat\/es\/evolucion-2018-2024-evolucion-de-la-demanda-de-competencias-digitales\/","title":{"rendered":"EVOLUCION 2018-2024: EVOLUCI\u00d3N DE LA DEMANDA DE COMPETENCIAS DIGITALES"},"content":{"rendered":"\t\t<div data-elementor-type=\"wp-page\" data-elementor-id=\"5684\" class=\"elementor elementor-5684 elementor-5243\" data-elementor-post-type=\"page\">\n\t\t\t\t<div class=\"elementor-element elementor-element-e68e719 e-flex e-con-boxed elementor-invisible e-con e-parent\" data-id=\"e68e719\" data-element_type=\"container\" data-settings=\"{&quot;animation&quot;:&quot;fadeIn&quot;}\">\n\t\t\t\t\t<div class=\"e-con-inner\">\n\t\t<div class=\"elementor-element elementor-element-4773a33 e-flex e-con-boxed elementor-invisible e-con e-child\" data-id=\"4773a33\" data-element_type=\"container\" data-settings=\"{&quot;animation&quot;:&quot;fadeIn&quot;}\">\n\t\t\t\t\t<div class=\"e-con-inner\">\n\t\t\t\t<div class=\"elementor-element elementor-element-d5ca779 elementor-widget elementor-widget-heading\" data-id=\"d5ca779\" data-element_type=\"widget\" data-widget_type=\"heading.default\">\n\t\t\t\t<div class=\"elementor-widget-container\">\n\t\t\t\t\t<h1 class=\"elementor-heading-title elementor-size-default\">EVOLUCI\u00d3N DE LA DEMANDA DE COMPETENCIAS DIGITALES<\/h1>\t\t\t\t<\/div>\n\t\t\t\t<\/div>\n\t\t\t\t<div class=\"elementor-element elementor-element-2325861 elementor-widget elementor-widget-text-editor\" data-id=\"2325861\" data-element_type=\"widget\" data-widget_type=\"text-editor.default\">\n\t\t\t\t<div class=\"elementor-widget-container\">\n\t\t\t\t\t\t\t\t\t<p>Descubre c\u00f3mo ha evolucionado la demanda de competencias digitales en Catalu\u00f1a:<\/p>\t\t\t\t\t\t\t\t<\/div>\n\t\t\t\t<\/div>\n\t\t\t\t\t<\/div>\n\t\t\t\t<\/div>\n\t\t\t\t\t<\/div>\n\t\t\t\t<\/div>\n\t\t<div class=\"elementor-element elementor-element-64c881e e-flex e-con-boxed elementor-invisible e-con e-parent\" data-id=\"64c881e\" data-element_type=\"container\" data-settings=\"{&quot;animation&quot;:&quot;fadeIn&quot;}\">\n\t\t\t\t\t<div class=\"e-con-inner\">\n\t\t\t\t<div class=\"elementor-element elementor-element-50671c9 elementor-widget elementor-widget-html\" data-id=\"50671c9\" data-element_type=\"widget\" data-widget_type=\"html.default\">\n\t\t\t\t<div class=\"elementor-widget-container\">\n\t\t\t\t\t<iframe title=\"informe iframes esp ocupacions D\" width=\"100%\" height=\"700\" src=\"https:\/\/app.powerbi.com\/view?r=eyJrIjoiODJmZDRhNjctNGFjYS00ZGU2LTk2YTktNmIxYTVmMjQxY2RiIiwidCI6IjM1NGExOGYzLTI5OWQtNDRkMy1iMmFkLTg4NTkxYmUzMDQxNCIsImMiOjh9\" frameborder=\"0\" allowFullScreen=\"true\"><\/iframe>\t\t\t\t<\/div>\n\t\t\t\t<\/div>\n\t\t\t\t\t<\/div>\n\t\t\t\t<\/div>\n\t\t<div class=\"elementor-element elementor-element-f73bf11 e-flex e-con-boxed elementor-invisible e-con e-parent\" data-id=\"f73bf11\" data-element_type=\"container\" data-settings=\"{&quot;animation&quot;:&quot;fadeIn&quot;}\">\n\t\t\t\t\t<div class=\"e-con-inner\">\n\t\t<div class=\"elementor-element elementor-element-0c48d87 e-flex e-con-boxed elementor-invisible e-con e-child\" data-id=\"0c48d87\" data-element_type=\"container\" data-settings=\"{&quot;animation&quot;:&quot;fadeIn&quot;}\">\n\t\t\t\t\t<div class=\"e-con-inner\">\n\t\t<div class=\"elementor-element elementor-element-d5ce0c7 e-flex e-con-boxed elementor-invisible e-con e-child\" data-id=\"d5ce0c7\" data-element_type=\"container\" data-settings=\"{&quot;animation&quot;:&quot;fadeIn&quot;}\">\n\t\t\t\t\t<div class=\"e-con-inner\">\n\t\t\t\t<div class=\"elementor-element elementor-element-20e4c2d elementor-widget elementor-widget-heading\" data-id=\"20e4c2d\" data-element_type=\"widget\" data-widget_type=\"heading.default\">\n\t\t\t\t<div class=\"elementor-widget-container\">\n\t\t\t\t\t<h3 class=\"elementor-heading-title elementor-size-default\">Y ADEM\u00c1S...<\/h3>\t\t\t\t<\/div>\n\t\t\t\t<\/div>\n\t\t<div class=\"elementor-element elementor-element-0de6f20 e-flex e-con-boxed e-con e-child\" data-id=\"0de6f20\" data-element_type=\"container\">\n\t\t\t\t\t<div class=\"e-con-inner\">\n\t\t<div class=\"elementor-element elementor-element-7e13b21 e-flex e-con-boxed e-con e-child\" data-id=\"7e13b21\" data-element_type=\"container\" data-settings=\"{&quot;background_background&quot;:&quot;classic&quot;}\">\n\t\t\t\t\t<div class=\"e-con-inner\">\n\t\t\t\t<div class=\"elementor-element elementor-element-7ae6cdb elementor-vertical-align-middle elementor-position-left elementor-widget elementor-widget-image-box\" data-id=\"7ae6cdb\" data-element_type=\"widget\" data-widget_type=\"image-box.default\">\n\t\t\t\t<div class=\"elementor-widget-container\">\n\t\t\t\t\t<div class=\"elementor-image-box-wrapper\"><figure class=\"elementor-image-box-img\"><a href=\"https:\/\/www.barometreocupacions.cat\/es\/evolucion-2018-2024-evolucion-de-la-demanda-de-trabajo-en-catalunya\/\" tabindex=\"-1\"><img fetchpriority=\"high\" decoding=\"async\" width=\"512\" height=\"512\" src=\"https:\/\/www.barometreocupacions.cat\/wp-content\/uploads\/2025\/06\/mapa-cat.png\" class=\"attachment-full size-full wp-image-5323\" alt=\"\" srcset=\"https:\/\/www.barometreocupacions.cat\/wp-content\/uploads\/2025\/06\/mapa-cat.png 512w, https:\/\/www.barometreocupacions.cat\/wp-content\/uploads\/2025\/06\/mapa-cat-300x300.png 300w, https:\/\/www.barometreocupacions.cat\/wp-content\/uploads\/2025\/06\/mapa-cat-150x150.png 150w\" sizes=\"(max-width: 512px) 100vw, 512px\" \/><\/a><\/figure><div class=\"elementor-image-box-content\"><h3 class=\"elementor-image-box-title\"><a href=\"https:\/\/www.barometreocupacions.cat\/es\/evolucion-2018-2024-evolucion-de-la-demanda-de-trabajo-en-catalunya\/\">Evoluci\u00f3n de la demanda de trabajo en Catalunya<\/a><\/h3><\/div><\/div>\t\t\t\t<\/div>\n\t\t\t\t<\/div>\n\t\t\t\t\t<\/div>\n\t\t\t\t<\/div>\n\t\t<div class=\"elementor-element elementor-element-110b4e3 e-flex e-con-boxed e-con e-child\" data-id=\"110b4e3\" data-element_type=\"container\" data-settings=\"{&quot;background_background&quot;:&quot;classic&quot;}\">\n\t\t\t\t\t<div class=\"e-con-inner\">\n\t\t\t\t<div class=\"elementor-element elementor-element-bc94f26 elementor-vertical-align-middle elementor-position-left elementor-widget elementor-widget-image-box\" data-id=\"bc94f26\" data-element_type=\"widget\" data-widget_type=\"image-box.default\">\n\t\t\t\t<div class=\"elementor-widget-container\">\n\t\t\t\t\t<div class=\"elementor-image-box-wrapper\"><figure class=\"elementor-image-box-img\"><a href=\"https:\/\/www.barometreocupacions.cat\/es\/evolucion-2018-2024-ocupaciones-por-volumen-y-evolucion-de-la-demanda\/\" tabindex=\"-1\"><img decoding=\"async\" width=\"512\" height=\"512\" src=\"https:\/\/www.barometreocupacions.cat\/wp-content\/uploads\/2025\/06\/desarrollo-profesional.png\" class=\"attachment-full size-full wp-image-5316\" alt=\"\" srcset=\"https:\/\/www.barometreocupacions.cat\/wp-content\/uploads\/2025\/06\/desarrollo-profesional.png 512w, https:\/\/www.barometreocupacions.cat\/wp-content\/uploads\/2025\/06\/desarrollo-profesional-300x300.png 300w, https:\/\/www.barometreocupacions.cat\/wp-content\/uploads\/2025\/06\/desarrollo-profesional-150x150.png 150w\" sizes=\"(max-width: 512px) 100vw, 512px\" \/><\/a><\/figure><div class=\"elementor-image-box-content\"><h3 class=\"elementor-image-box-title\"><a href=\"https:\/\/www.barometreocupacions.cat\/es\/evolucion-2018-2024-ocupaciones-por-volumen-y-evolucion-de-la-demanda\/\">Ocupaciones por volumen y ocupaci\u00f3n de la demanda<\/a><\/h3><\/div><\/div>\t\t\t\t<\/div>\n\t\t\t\t<\/div>\n\t\t\t\t\t<\/div>\n\t\t\t\t<\/div>\n\t\t\t\t\t<\/div>\n\t\t\t\t<\/div>\n\t\t<div class=\"elementor-element elementor-element-a53b7e2 e-flex e-con-boxed e-con e-child\" data-id=\"a53b7e2\" data-element_type=\"container\">\n\t\t\t\t\t<div class=\"e-con-inner\">\n\t\t<div class=\"elementor-element elementor-element-3af54aa e-flex e-con-boxed e-con e-child\" data-id=\"3af54aa\" data-element_type=\"container\" data-settings=\"{&quot;background_background&quot;:&quot;classic&quot;}\">\n\t\t\t\t\t<div class=\"e-con-inner\">\n\t\t\t\t<div class=\"elementor-element elementor-element-80dc3cc elementor-vertical-align-middle elementor-position-left elementor-widget elementor-widget-image-box\" data-id=\"80dc3cc\" data-element_type=\"widget\" data-widget_type=\"image-box.default\">\n\t\t\t\t<div class=\"elementor-widget-container\">\n\t\t\t\t\t<div class=\"elementor-image-box-wrapper\"><figure class=\"elementor-image-box-img\"><a href=\"https:\/\/www.barometreocupacions.cat\/es\/evolucion-2018-2024-evolucion-de-la-demanda-de-competencias-y-competencias-mas-demandadas-en-las-vacantes\/\" tabindex=\"-1\"><img decoding=\"async\" width=\"512\" height=\"512\" src=\"https:\/\/www.barometreocupacions.cat\/wp-content\/uploads\/2024\/10\/conocimiento.png\" class=\"attachment-full size-full wp-image-3657\" alt=\"\" srcset=\"https:\/\/www.barometreocupacions.cat\/wp-content\/uploads\/2024\/10\/conocimiento.png 512w, https:\/\/www.barometreocupacions.cat\/wp-content\/uploads\/2024\/10\/conocimiento-300x300.png 300w, https:\/\/www.barometreocupacions.cat\/wp-content\/uploads\/2024\/10\/conocimiento-150x150.png 150w\" sizes=\"(max-width: 512px) 100vw, 512px\" \/><\/a><\/figure><div class=\"elementor-image-box-content\"><h3 class=\"elementor-image-box-title\"><a href=\"https:\/\/www.barometreocupacions.cat\/es\/evolucion-2018-2024-evolucion-de-la-demanda-de-competencias-y-competencias-mas-demandadas-en-las-vacantes\/\">Evoluci\u00f3n de la demanda de competencias<\/a><\/h3><\/div><\/div>\t\t\t\t<\/div>\n\t\t\t\t<\/div>\n\t\t\t\t\t<\/div>\n\t\t\t\t<\/div>\n\t\t<div class=\"elementor-element elementor-element-dbc7abf e-flex e-con-boxed e-con e-child\" data-id=\"dbc7abf\" data-element_type=\"container\" data-settings=\"{&quot;background_background&quot;:&quot;classic&quot;}\">\n\t\t\t\t\t<div class=\"e-con-inner\">\n\t\t\t\t<div class=\"elementor-element elementor-element-21966fb elementor-vertical-align-middle elementor-position-left elementor-widget elementor-widget-image-box\" data-id=\"21966fb\" data-element_type=\"widget\" data-widget_type=\"image-box.default\">\n\t\t\t\t<div class=\"elementor-widget-container\">\n\t\t\t\t\t<div class=\"elementor-image-box-wrapper\"><figure class=\"elementor-image-box-img\"><a href=\"https:\/\/www.barometreocupacions.cat\/es\/evolucion-2018-2024-evolucion-de-la-demanda-de-competencias-digitales-avanzadas\/\" tabindex=\"-1\"><img loading=\"lazy\" decoding=\"async\" width=\"512\" height=\"512\" src=\"https:\/\/www.barometreocupacions.cat\/wp-content\/uploads\/2025\/06\/digitalizacion.png\" class=\"attachment-full size-full wp-image-5314\" alt=\"\" srcset=\"https:\/\/www.barometreocupacions.cat\/wp-content\/uploads\/2025\/06\/digitalizacion.png 512w, https:\/\/www.barometreocupacions.cat\/wp-content\/uploads\/2025\/06\/digitalizacion-300x300.png 300w, https:\/\/www.barometreocupacions.cat\/wp-content\/uploads\/2025\/06\/digitalizacion-150x150.png 150w\" sizes=\"(max-width: 512px) 100vw, 512px\" \/><\/a><\/figure><div class=\"elementor-image-box-content\"><h3 class=\"elementor-image-box-title\"><a href=\"https:\/\/www.barometreocupacions.cat\/es\/evolucion-2018-2024-evolucion-de-la-demanda-de-competencias-digitales-avanzadas\/\">Competencias digitales avanzadas<\/a><\/h3><\/div><\/div>\t\t\t\t<\/div>\n\t\t\t\t<\/div>\n\t\t\t\t\t<\/div>\n\t\t\t\t<\/div>\n\t\t\t\t\t<\/div>\n\t\t\t\t<\/div>\n\t\t<div class=\"elementor-element elementor-element-4850894 e-flex e-con-boxed e-con e-child\" data-id=\"4850894\" data-element_type=\"container\">\n\t\t\t\t\t<div class=\"e-con-inner\">\n\t\t<div class=\"elementor-element elementor-element-ba6ad27 e-flex e-con-boxed e-con e-child\" data-id=\"ba6ad27\" data-element_type=\"container\" data-settings=\"{&quot;background_background&quot;:&quot;classic&quot;}\">\n\t\t\t\t\t<div class=\"e-con-inner\">\n\t\t\t\t<div class=\"elementor-element elementor-element-d77e790 elementor-vertical-align-middle elementor-position-left elementor-widget elementor-widget-image-box\" data-id=\"d77e790\" data-element_type=\"widget\" data-widget_type=\"image-box.default\">\n\t\t\t\t<div class=\"elementor-widget-container\">\n\t\t\t\t\t<div class=\"elementor-image-box-wrapper\"><figure class=\"elementor-image-box-img\"><a href=\"https:\/\/www.barometreocupacions.cat\/es\/evolucion-2018-2024-evolucion-de-la-demanda-de-competencias-blandas\/\" tabindex=\"-1\"><img loading=\"lazy\" decoding=\"async\" width=\"512\" height=\"512\" src=\"https:\/\/www.barometreocupacions.cat\/wp-content\/uploads\/2024\/02\/habilidades.png\" class=\"attachment-full size-full wp-image-597\" alt=\"\" srcset=\"https:\/\/www.barometreocupacions.cat\/wp-content\/uploads\/2024\/02\/habilidades.png 512w, https:\/\/www.barometreocupacions.cat\/wp-content\/uploads\/2024\/02\/habilidades-300x300.png 300w, https:\/\/www.barometreocupacions.cat\/wp-content\/uploads\/2024\/02\/habilidades-150x150.png 150w\" sizes=\"(max-width: 512px) 100vw, 512px\" \/><\/a><\/figure><div class=\"elementor-image-box-content\"><h3 class=\"elementor-image-box-title\"><a href=\"https:\/\/www.barometreocupacions.cat\/es\/evolucion-2018-2024-evolucion-de-la-demanda-de-competencias-blandas\/\">Competencias blandas<\/a><\/h3><\/div><\/div>\t\t\t\t<\/div>\n\t\t\t\t<\/div>\n\t\t\t\t\t<\/div>\n\t\t\t\t<\/div>\n\t\t<div class=\"elementor-element elementor-element-eff11b2 e-flex e-con-boxed e-con e-child\" data-id=\"eff11b2\" data-element_type=\"container\" data-settings=\"{&quot;background_background&quot;:&quot;classic&quot;}\">\n\t\t\t\t\t<div class=\"e-con-inner\">\n\t\t\t\t\t<\/div>\n\t\t\t\t<\/div>\n\t\t\t\t\t<\/div>\n\t\t\t\t<\/div>\n\t\t\t\t\t<\/div>\n\t\t\t\t<\/div>\n\t\t\t\t\t<\/div>\n\t\t\t\t<\/div>\n\t\t\t\t\t<\/div>\n\t\t\t\t<\/div>\n\t\t\t\t<\/div>\n\t\t","protected":false},"excerpt":{"rendered":"<p>EVOLUCI\u00d3N DE LA DEMANDA DE COMPETENCIAS DIGITALES Descubre c\u00f3mo ha evolucionado la demanda de competencias digitales en Catalu\u00f1a: Y ADEM\u00c1S&#8230; Evoluci\u00f3n de la demanda de trabajo en Catalunya Ocupaciones por volumen y ocupaci\u00f3n de la demanda Evoluci\u00f3n de la demanda de competencias Competencias digitales avanzadas Competencias blandas<\/p>\n","protected":false},"author":2,"featured_media":0,"parent":0,"menu_order":0,"comment_status":"closed","ping_status":"closed","template":"","meta":{"footnotes":""},"class_list":["post-5684","page","type-page","status-publish","hentry"],"yoast_head":"<!-- This site is optimized with the Yoast SEO plugin v25.4 - https:\/\/yoast.com\/wordpress\/plugins\/seo\/ -->\n<title>EVOLUCION 2018-2024: EVOLUCI\u00d3N DE LA DEMANDA DE COMPETENCIAS DIGITALES - Bar\u00f2metre de compet\u00e8ncies i ocupacions de Catalunya<\/title>\n<meta name=\"robots\" content=\"index, follow, max-snippet:-1, max-image-preview:large, max-video-preview:-1\" \/>\n<link rel=\"canonical\" href=\"https:\/\/www.barometreocupacions.cat\/es\/evolucion-2018-2024-evolucion-de-la-demanda-de-competencias-digitales\/\" \/>\n<meta property=\"og:locale\" content=\"es_ES\" \/>\n<meta property=\"og:type\" content=\"article\" \/>\n<meta property=\"og:title\" content=\"EVOLUCION 2018-2024: EVOLUCI\u00d3N DE LA DEMANDA DE COMPETENCIAS DIGITALES - Bar\u00f2metre de compet\u00e8ncies i ocupacions de Catalunya\" \/>\n<meta property=\"og:description\" content=\"EVOLUCI\u00d3N DE LA DEMANDA DE COMPETENCIAS DIGITALES Descubre c\u00f3mo ha evolucionado la demanda de competencias digitales en Catalu\u00f1a: Y ADEM\u00c1S&#8230; Evoluci\u00f3n de la demanda de trabajo en Catalunya Ocupaciones por volumen y ocupaci\u00f3n de la demanda Evoluci\u00f3n de la demanda de competencias Competencias digitales avanzadas Competencias blandas\" \/>\n<meta property=\"og:url\" content=\"https:\/\/www.barometreocupacions.cat\/es\/evolucion-2018-2024-evolucion-de-la-demanda-de-competencias-digitales\/\" \/>\n<meta property=\"og:site_name\" content=\"Bar\u00f2metre de compet\u00e8ncies i ocupacions de Catalunya\" \/>\n<meta property=\"article:modified_time\" content=\"2025-08-06T08:19:42+00:00\" \/>\n<meta property=\"og:image\" content=\"https:\/\/www.barometreocupacions.cat\/wp-content\/uploads\/2025\/06\/mapa-cat.png\" \/>\n\t<meta property=\"og:image:width\" content=\"512\" \/>\n\t<meta property=\"og:image:height\" content=\"512\" \/>\n\t<meta property=\"og:image:type\" content=\"image\/png\" \/>\n<meta name=\"twitter:card\" content=\"summary_large_image\" \/>\n<meta name=\"twitter:label1\" content=\"Tiempo de lectura\" \/>\n\t<meta name=\"twitter:data1\" content=\"2 minutos\" \/>\n<script type=\"application\/ld+json\" class=\"yoast-schema-graph\">{\"@context\":\"https:\/\/schema.org\",\"@graph\":[{\"@type\":\"WebPage\",\"@id\":\"https:\/\/www.barometreocupacions.cat\/es\/evolucion-2018-2024-evolucion-de-la-demanda-de-competencias-digitales\/\",\"url\":\"https:\/\/www.barometreocupacions.cat\/es\/evolucion-2018-2024-evolucion-de-la-demanda-de-competencias-digitales\/\",\"name\":\"EVOLUCION 2018-2024: EVOLUCI\u00d3N DE LA DEMANDA DE COMPETENCIAS DIGITALES - Bar\u00f2metre de compet\u00e8ncies i ocupacions de Catalunya\",\"isPartOf\":{\"@id\":\"https:\/\/www.barometreocupacions.cat\/es\/#website\"},\"primaryImageOfPage\":{\"@id\":\"https:\/\/www.barometreocupacions.cat\/es\/evolucion-2018-2024-evolucion-de-la-demanda-de-competencias-digitales\/#primaryimage\"},\"image\":{\"@id\":\"https:\/\/www.barometreocupacions.cat\/es\/evolucion-2018-2024-evolucion-de-la-demanda-de-competencias-digitales\/#primaryimage\"},\"thumbnailUrl\":\"https:\/\/www.barometreocupacions.cat\/wp-content\/uploads\/2025\/06\/mapa-cat.png\",\"datePublished\":\"2025-06-26T14:34:21+00:00\",\"dateModified\":\"2025-08-06T08:19:42+00:00\",\"breadcrumb\":{\"@id\":\"https:\/\/www.barometreocupacions.cat\/es\/evolucion-2018-2024-evolucion-de-la-demanda-de-competencias-digitales\/#breadcrumb\"},\"inLanguage\":\"es\",\"potentialAction\":[{\"@type\":\"ReadAction\",\"target\":[\"https:\/\/www.barometreocupacions.cat\/es\/evolucion-2018-2024-evolucion-de-la-demanda-de-competencias-digitales\/\"]}]},{\"@type\":\"ImageObject\",\"inLanguage\":\"es\",\"@id\":\"https:\/\/www.barometreocupacions.cat\/es\/evolucion-2018-2024-evolucion-de-la-demanda-de-competencias-digitales\/#primaryimage\",\"url\":\"https:\/\/www.barometreocupacions.cat\/wp-content\/uploads\/2025\/06\/mapa-cat.png\",\"contentUrl\":\"https:\/\/www.barometreocupacions.cat\/wp-content\/uploads\/2025\/06\/mapa-cat.png\"},{\"@type\":\"BreadcrumbList\",\"@id\":\"https:\/\/www.barometreocupacions.cat\/es\/evolucion-2018-2024-evolucion-de-la-demanda-de-competencias-digitales\/#breadcrumb\",\"itemListElement\":[{\"@type\":\"ListItem\",\"position\":1,\"name\":\"Inici\",\"item\":\"https:\/\/www.barometreocupacions.cat\/es\/\"},{\"@type\":\"ListItem\",\"position\":2,\"name\":\"EVOLUCION 2018-2024: EVOLUCI\u00d3N DE LA DEMANDA DE COMPETENCIAS DIGITALES\"}]},{\"@type\":\"WebSite\",\"@id\":\"https:\/\/www.barometreocupacions.cat\/es\/#website\",\"url\":\"https:\/\/www.barometreocupacions.cat\/es\/\",\"name\":\"Bar\u00f2metre de compet\u00e8ncies i ocupacions de Catalunya\",\"description\":\"\",\"publisher\":{\"@id\":\"https:\/\/www.barometreocupacions.cat\/es\/#organization\"},\"potentialAction\":[{\"@type\":\"SearchAction\",\"target\":{\"@type\":\"EntryPoint\",\"urlTemplate\":\"https:\/\/www.barometreocupacions.cat\/es\/?s={search_term_string}\"},\"query-input\":{\"@type\":\"PropertyValueSpecification\",\"valueRequired\":true,\"valueName\":\"search_term_string\"}}],\"inLanguage\":\"es\"},{\"@type\":\"Organization\",\"@id\":\"https:\/\/www.barometreocupacions.cat\/es\/#organization\",\"name\":\"Bar\u00f2metre de compet\u00e8ncies i ocupacions de Catalunya\",\"url\":\"https:\/\/www.barometreocupacions.cat\/es\/\",\"logo\":{\"@type\":\"ImageObject\",\"inLanguage\":\"es\",\"@id\":\"https:\/\/www.barometreocupacions.cat\/es\/#\/schema\/logo\/image\/\",\"url\":\"https:\/\/www.barometreocupacions.cat\/wp-content\/uploads\/2024\/02\/logo.png\",\"contentUrl\":\"https:\/\/www.barometreocupacions.cat\/wp-content\/uploads\/2024\/02\/logo.png\",\"width\":504,\"height\":435,\"caption\":\"Bar\u00f2metre de compet\u00e8ncies i ocupacions de Catalunya\"},\"image\":{\"@id\":\"https:\/\/www.barometreocupacions.cat\/es\/#\/schema\/logo\/image\/\"}}]}<\/script>\n<!-- \/ Yoast SEO plugin. -->","yoast_head_json":{"title":"EVOLUCION 2018-2024: EVOLUCI\u00d3N DE LA DEMANDA DE COMPETENCIAS DIGITALES - Bar\u00f2metre de compet\u00e8ncies i ocupacions de Catalunya","robots":{"index":"index","follow":"follow","max-snippet":"max-snippet:-1","max-image-preview":"max-image-preview:large","max-video-preview":"max-video-preview:-1"},"canonical":"https:\/\/www.barometreocupacions.cat\/es\/evolucion-2018-2024-evolucion-de-la-demanda-de-competencias-digitales\/","og_locale":"es_ES","og_type":"article","og_title":"EVOLUCION 2018-2024: EVOLUCI\u00d3N DE LA DEMANDA DE COMPETENCIAS DIGITALES - Bar\u00f2metre de compet\u00e8ncies i ocupacions de Catalunya","og_description":"EVOLUCI\u00d3N DE LA DEMANDA DE COMPETENCIAS DIGITALES Descubre c\u00f3mo ha evolucionado la demanda de competencias digitales en Catalu\u00f1a: Y ADEM\u00c1S&#8230; Evoluci\u00f3n de la demanda de trabajo en Catalunya Ocupaciones por volumen y ocupaci\u00f3n de la demanda Evoluci\u00f3n de la demanda de competencias Competencias digitales avanzadas Competencias blandas","og_url":"https:\/\/www.barometreocupacions.cat\/es\/evolucion-2018-2024-evolucion-de-la-demanda-de-competencias-digitales\/","og_site_name":"Bar\u00f2metre de compet\u00e8ncies i ocupacions de Catalunya","article_modified_time":"2025-08-06T08:19:42+00:00","og_image":[{"width":512,"height":512,"url":"https:\/\/www.barometreocupacions.cat\/wp-content\/uploads\/2025\/06\/mapa-cat.png","type":"image\/png"}],"twitter_card":"summary_large_image","twitter_misc":{"Tiempo de lectura":"2 minutos"},"schema":{"@context":"https:\/\/schema.org","@graph":[{"@type":"WebPage","@id":"https:\/\/www.barometreocupacions.cat\/es\/evolucion-2018-2024-evolucion-de-la-demanda-de-competencias-digitales\/","url":"https:\/\/www.barometreocupacions.cat\/es\/evolucion-2018-2024-evolucion-de-la-demanda-de-competencias-digitales\/","name":"EVOLUCION 2018-2024: EVOLUCI\u00d3N DE LA DEMANDA DE COMPETENCIAS DIGITALES - Bar\u00f2metre de compet\u00e8ncies i ocupacions de Catalunya","isPartOf":{"@id":"https:\/\/www.barometreocupacions.cat\/es\/#website"},"primaryImageOfPage":{"@id":"https:\/\/www.barometreocupacions.cat\/es\/evolucion-2018-2024-evolucion-de-la-demanda-de-competencias-digitales\/#primaryimage"},"image":{"@id":"https:\/\/www.barometreocupacions.cat\/es\/evolucion-2018-2024-evolucion-de-la-demanda-de-competencias-digitales\/#primaryimage"},"thumbnailUrl":"https:\/\/www.barometreocupacions.cat\/wp-content\/uploads\/2025\/06\/mapa-cat.png","datePublished":"2025-06-26T14:34:21+00:00","dateModified":"2025-08-06T08:19:42+00:00","breadcrumb":{"@id":"https:\/\/www.barometreocupacions.cat\/es\/evolucion-2018-2024-evolucion-de-la-demanda-de-competencias-digitales\/#breadcrumb"},"inLanguage":"es","potentialAction":[{"@type":"ReadAction","target":["https:\/\/www.barometreocupacions.cat\/es\/evolucion-2018-2024-evolucion-de-la-demanda-de-competencias-digitales\/"]}]},{"@type":"ImageObject","inLanguage":"es","@id":"https:\/\/www.barometreocupacions.cat\/es\/evolucion-2018-2024-evolucion-de-la-demanda-de-competencias-digitales\/#primaryimage","url":"https:\/\/www.barometreocupacions.cat\/wp-content\/uploads\/2025\/06\/mapa-cat.png","contentUrl":"https:\/\/www.barometreocupacions.cat\/wp-content\/uploads\/2025\/06\/mapa-cat.png"},{"@type":"BreadcrumbList","@id":"https:\/\/www.barometreocupacions.cat\/es\/evolucion-2018-2024-evolucion-de-la-demanda-de-competencias-digitales\/#breadcrumb","itemListElement":[{"@type":"ListItem","position":1,"name":"Inici","item":"https:\/\/www.barometreocupacions.cat\/es\/"},{"@type":"ListItem","position":2,"name":"EVOLUCION 2018-2024: EVOLUCI\u00d3N DE LA DEMANDA DE COMPETENCIAS DIGITALES"}]},{"@type":"WebSite","@id":"https:\/\/www.barometreocupacions.cat\/es\/#website","url":"https:\/\/www.barometreocupacions.cat\/es\/","name":"Bar\u00f2metre de compet\u00e8ncies i ocupacions de Catalunya","description":"","publisher":{"@id":"https:\/\/www.barometreocupacions.cat\/es\/#organization"},"potentialAction":[{"@type":"SearchAction","target":{"@type":"EntryPoint","urlTemplate":"https:\/\/www.barometreocupacions.cat\/es\/?s={search_term_string}"},"query-input":{"@type":"PropertyValueSpecification","valueRequired":true,"valueName":"search_term_string"}}],"inLanguage":"es"},{"@type":"Organization","@id":"https:\/\/www.barometreocupacions.cat\/es\/#organization","name":"Bar\u00f2metre de compet\u00e8ncies i ocupacions de Catalunya","url":"https:\/\/www.barometreocupacions.cat\/es\/","logo":{"@type":"ImageObject","inLanguage":"es","@id":"https:\/\/www.barometreocupacions.cat\/es\/#\/schema\/logo\/image\/","url":"https:\/\/www.barometreocupacions.cat\/wp-content\/uploads\/2024\/02\/logo.png","contentUrl":"https:\/\/www.barometreocupacions.cat\/wp-content\/uploads\/2024\/02\/logo.png","width":504,"height":435,"caption":"Bar\u00f2metre de compet\u00e8ncies i ocupacions de Catalunya"},"image":{"@id":"https:\/\/www.barometreocupacions.cat\/es\/#\/schema\/logo\/image\/"}}]}},"_links":{"self":[{"href":"https:\/\/www.barometreocupacions.cat\/es\/wp-json\/wp\/v2\/pages\/5684","targetHints":{"allow":["GET"]}}],"collection":[{"href":"https:\/\/www.barometreocupacions.cat\/es\/wp-json\/wp\/v2\/pages"}],"about":[{"href":"https:\/\/www.barometreocupacions.cat\/es\/wp-json\/wp\/v2\/types\/page"}],"author":[{"embeddable":true,"href":"https:\/\/www.barometreocupacions.cat\/es\/wp-json\/wp\/v2\/users\/2"}],"replies":[{"embeddable":true,"href":"https:\/\/www.barometreocupacions.cat\/es\/wp-json\/wp\/v2\/comments?post=5684"}],"version-history":[{"count":8,"href":"https:\/\/www.barometreocupacions.cat\/es\/wp-json\/wp\/v2\/pages\/5684\/revisions"}],"predecessor-version":[{"id":5716,"href":"https:\/\/www.barometreocupacions.cat\/es\/wp-json\/wp\/v2\/pages\/5684\/revisions\/5716"}],"wp:attachment":[{"href":"https:\/\/www.barometreocupacions.cat\/es\/wp-json\/wp\/v2\/media?parent=5684"}],"curies":[{"name":"wp","href":"https:\/\/api.w.org\/{rel}","templated":true}]}}