{"id":4696,"date":"2025-02-26T11:22:33","date_gmt":"2025-02-26T09:22:33","guid":{"rendered":"https:\/\/www.barometreocupacions.cat\/?page_id=4696"},"modified":"2025-03-21T08:56:44","modified_gmt":"2025-03-21T06:56:44","slug":"zoom-los-perfiles-de-dificil-cobertura-para-las-mypimes-de-cataluna-factores-que-dificultan-la-cobertura-de-vacantes","status":"publish","type":"page","link":"https:\/\/www.barometreocupacions.cat\/es\/zoom-los-perfiles-de-dificil-cobertura-para-las-mypimes-de-cataluna-factores-que-dificultan-la-cobertura-de-vacantes\/","title":{"rendered":"zoom-Los perfiles de dif\u00edcil cobertura para las MYPIMES de Catalu\u00f1a &#8211; Factores que dificultan la cobertura de vacantes"},"content":{"rendered":"\t\t<div data-elementor-type=\"wp-page\" data-elementor-id=\"4696\" class=\"elementor elementor-4696 elementor-4695\" data-elementor-post-type=\"page\">\n\t\t\t\t<div class=\"elementor-element elementor-element-e68e719 e-flex e-con-boxed elementor-invisible e-con e-parent\" data-id=\"e68e719\" data-element_type=\"container\" data-settings=\"{&quot;animation&quot;:&quot;fadeIn&quot;}\">\n\t\t\t\t\t<div class=\"e-con-inner\">\n\t\t<div class=\"elementor-element elementor-element-4773a33 e-flex e-con-boxed elementor-invisible e-con e-child\" data-id=\"4773a33\" data-element_type=\"container\" data-settings=\"{&quot;animation&quot;:&quot;fadeIn&quot;}\">\n\t\t\t\t\t<div class=\"e-con-inner\">\n\t\t\t\t<div class=\"elementor-element elementor-element-d5ca779 elementor-widget elementor-widget-heading\" data-id=\"d5ca779\" data-element_type=\"widget\" data-widget_type=\"heading.default\">\n\t\t\t\t<div class=\"elementor-widget-container\">\n\t\t\t\t\t<h1 class=\"elementor-heading-title elementor-size-default\">Factores que dificultan la cobertura de vacantes<\/h1>\t\t\t\t<\/div>\n\t\t\t\t<\/div>\n\t\t\t\t<div class=\"elementor-element elementor-element-2325861 elementor-widget elementor-widget-text-editor\" data-id=\"2325861\" data-element_type=\"widget\" data-widget_type=\"text-editor.default\">\n\t\t\t\t<div class=\"elementor-widget-container\">\n\t\t\t\t\t\t\t\t\t<p>\u00bfCu\u00e1les son los principales motivos o razones que detectan las MIPYMES que dificultan los procesos de contrataci\u00f3n de personal? El motivo m\u00e1s destacado es la falta de candidatos. <br \/><strong>\u00a1Explora el resto de los motivos expresados por los participantes!<\/strong><\/p>\n\t\t\t\t\t\t\t\t<\/div>\n\t\t\t\t<\/div>\n\t\t\t\t\t<\/div>\n\t\t\t\t<\/div>\n\t\t\t\t\t<\/div>\n\t\t\t\t<\/div>\n\t\t<div class=\"elementor-element elementor-element-64c881e e-flex e-con-boxed elementor-invisible e-con e-parent\" data-id=\"64c881e\" data-element_type=\"container\" data-settings=\"{&quot;animation&quot;:&quot;fadeIn&quot;}\">\n\t\t\t\t\t<div class=\"e-con-inner\">\n\t\t\t\t<div class=\"elementor-element elementor-element-50671c9 elementor-widget elementor-widget-html\" data-id=\"50671c9\" data-element_type=\"widget\" data-widget_type=\"html.default\">\n\t\t\t\t<div class=\"elementor-widget-container\">\n\t\t\t\t\t<iframe title=\"ESP-F5\" width=\"100%\" height=\"700\" src=\"https:\/\/app.powerbi.com\/view?r=eyJrIjoiNjliODJkNjAtODBhYy00NzkxLWI1MGItNGQyOGY4ZjdmYTc5IiwidCI6IjM1NGExOGYzLTI5OWQtNDRkMy1iMmFkLTg4NTkxYmUzMDQxNCIsImMiOjh9\" frameborder=\"0\" allowFullScreen=\"true\"><\/iframe>\t\t\t\t<\/div>\n\t\t\t\t<\/div>\n\t\t\t\t\t<\/div>\n\t\t\t\t<\/div>\n\t\t<div class=\"elementor-element elementor-element-f73bf11 e-flex e-con-boxed elementor-invisible e-con e-parent\" data-id=\"f73bf11\" data-element_type=\"container\" data-settings=\"{&quot;animation&quot;:&quot;fadeIn&quot;}\">\n\t\t\t\t\t<div class=\"e-con-inner\">\n\t\t<div class=\"elementor-element elementor-element-0c48d87 e-flex e-con-boxed elementor-invisible e-con e-child\" data-id=\"0c48d87\" data-element_type=\"container\" data-settings=\"{&quot;animation&quot;:&quot;fadeIn&quot;}\">\n\t\t\t\t\t<div class=\"e-con-inner\">\n\t\t<div class=\"elementor-element elementor-element-3029325 e-flex e-con-boxed elementor-invisible e-con e-child\" data-id=\"3029325\" data-element_type=\"container\" data-settings=\"{&quot;animation&quot;:&quot;fadeIn&quot;}\">\n\t\t\t\t\t<div class=\"e-con-inner\">\n\t\t\t\t<div class=\"elementor-element elementor-element-e46a6f2 elementor-widget elementor-widget-heading\" data-id=\"e46a6f2\" data-element_type=\"widget\" data-widget_type=\"heading.default\">\n\t\t\t\t<div class=\"elementor-widget-container\">\n\t\t\t\t\t<h3 class=\"elementor-heading-title elementor-size-default\">Y ADEM\u00c1S...<\/h3>\t\t\t\t<\/div>\n\t\t\t\t<\/div>\n\t\t<div class=\"elementor-element elementor-element-028ffde e-flex e-con-boxed e-con e-child\" data-id=\"028ffde\" data-element_type=\"container\">\n\t\t\t\t\t<div class=\"e-con-inner\">\n\t\t<div class=\"elementor-element elementor-element-c42cfac e-flex e-con-boxed e-con e-child\" data-id=\"c42cfac\" data-element_type=\"container\" data-settings=\"{&quot;background_background&quot;:&quot;classic&quot;}\">\n\t\t\t\t\t<div class=\"e-con-inner\">\n\t\t\t\t<div class=\"elementor-element elementor-element-1a01f23 elementor-position-left elementor-vertical-align-middle elementor-widget elementor-widget-image-box\" data-id=\"1a01f23\" data-element_type=\"widget\" data-widget_type=\"image-box.default\">\n\t\t\t\t<div class=\"elementor-widget-container\">\n\t\t\t\t\t<div class=\"elementor-image-box-wrapper\"><figure class=\"elementor-image-box-img\"><a href=\"https:\/\/www.barometreocupacions.cat\/es\/zoom-los-perfiles-de-dificil-cobertura-para-las-mypimes-de-cataluna-ocupaciones-de-dificil-cobertura\/\" tabindex=\"-1\"><img fetchpriority=\"high\" decoding=\"async\" width=\"512\" height=\"512\" src=\"https:\/\/www.barometreocupacions.cat\/wp-content\/uploads\/2025\/02\/f1-dificil.png\" class=\"attachment-full size-full wp-image-4416\" alt=\"\" srcset=\"https:\/\/www.barometreocupacions.cat\/wp-content\/uploads\/2025\/02\/f1-dificil.png 512w, https:\/\/www.barometreocupacions.cat\/wp-content\/uploads\/2025\/02\/f1-dificil-300x300.png 300w, https:\/\/www.barometreocupacions.cat\/wp-content\/uploads\/2025\/02\/f1-dificil-150x150.png 150w\" sizes=\"(max-width: 512px) 100vw, 512px\" \/><\/a><\/figure><div class=\"elementor-image-box-content\"><h3 class=\"elementor-image-box-title\"><a href=\"https:\/\/www.barometreocupacions.cat\/es\/zoom-los-perfiles-de-dificil-cobertura-para-las-mypimes-de-cataluna-ocupaciones-de-dificil-cobertura\/\">Ocupaciones de dif\u00edcil cobertura<\/a><\/h3><\/div><\/div>\t\t\t\t<\/div>\n\t\t\t\t<\/div>\n\t\t\t\t\t<\/div>\n\t\t\t\t<\/div>\n\t\t<div class=\"elementor-element elementor-element-9b021d4 e-flex e-con-boxed e-con e-child\" data-id=\"9b021d4\" data-element_type=\"container\" data-settings=\"{&quot;background_background&quot;:&quot;classic&quot;}\">\n\t\t\t\t\t<div class=\"e-con-inner\">\n\t\t\t\t<div class=\"elementor-element elementor-element-2be45b6 elementor-position-left elementor-vertical-align-middle elementor-widget elementor-widget-image-box\" data-id=\"2be45b6\" data-element_type=\"widget\" data-widget_type=\"image-box.default\">\n\t\t\t\t<div class=\"elementor-widget-container\">\n\t\t\t\t\t<div class=\"elementor-image-box-wrapper\"><figure class=\"elementor-image-box-img\"><a href=\"https:\/\/www.barometreocupacions.cat\/es\/zoom-los-perfiles-de-dificil-cobertura-para-las-mypimes-de-cataluna-por-sector-de-actividad\/\" tabindex=\"-1\"><img decoding=\"async\" width=\"512\" height=\"512\" src=\"https:\/\/www.barometreocupacions.cat\/wp-content\/uploads\/2025\/02\/f2-sector.png\" class=\"attachment-full size-full wp-image-4418\" alt=\"\" srcset=\"https:\/\/www.barometreocupacions.cat\/wp-content\/uploads\/2025\/02\/f2-sector.png 512w, https:\/\/www.barometreocupacions.cat\/wp-content\/uploads\/2025\/02\/f2-sector-300x300.png 300w, https:\/\/www.barometreocupacions.cat\/wp-content\/uploads\/2025\/02\/f2-sector-150x150.png 150w\" sizes=\"(max-width: 512px) 100vw, 512px\" \/><\/a><\/figure><div class=\"elementor-image-box-content\"><h3 class=\"elementor-image-box-title\"><a href=\"https:\/\/www.barometreocupacions.cat\/es\/zoom-los-perfiles-de-dificil-cobertura-para-las-mypimes-de-cataluna-por-sector-de-actividad\/\">Intensidad y distribuci\u00f3n por sector de actividad<\/a><\/h3><\/div><\/div>\t\t\t\t<\/div>\n\t\t\t\t<\/div>\n\t\t\t\t\t<\/div>\n\t\t\t\t<\/div>\n\t\t\t\t\t<\/div>\n\t\t\t\t<\/div>\n\t\t<div class=\"elementor-element elementor-element-19036fc e-flex e-con-boxed e-con e-child\" data-id=\"19036fc\" data-element_type=\"container\">\n\t\t\t\t\t<div class=\"e-con-inner\">\n\t\t<div class=\"elementor-element elementor-element-9b16174 e-flex e-con-boxed e-con e-child\" data-id=\"9b16174\" data-element_type=\"container\" data-settings=\"{&quot;background_background&quot;:&quot;classic&quot;}\">\n\t\t\t\t\t<div class=\"e-con-inner\">\n\t\t\t\t<div class=\"elementor-element elementor-element-972eb7c elementor-position-left elementor-vertical-align-middle elementor-widget elementor-widget-image-box\" data-id=\"972eb7c\" data-element_type=\"widget\" data-widget_type=\"image-box.default\">\n\t\t\t\t<div class=\"elementor-widget-container\">\n\t\t\t\t\t<div class=\"elementor-image-box-wrapper\"><figure class=\"elementor-image-box-img\"><a href=\"https:\/\/www.barometreocupacions.cat\/es\/zoom-los-perfiles-de-dificil-cobertura-para-las-mypimes-de-cataluna-por-dimension-de-empresa\/\" tabindex=\"-1\"><img decoding=\"async\" width=\"512\" height=\"512\" src=\"https:\/\/www.barometreocupacions.cat\/wp-content\/uploads\/2025\/02\/f4-medida.png\" class=\"attachment-full size-full wp-image-4422\" alt=\"\" srcset=\"https:\/\/www.barometreocupacions.cat\/wp-content\/uploads\/2025\/02\/f4-medida.png 512w, https:\/\/www.barometreocupacions.cat\/wp-content\/uploads\/2025\/02\/f4-medida-300x300.png 300w, https:\/\/www.barometreocupacions.cat\/wp-content\/uploads\/2025\/02\/f4-medida-150x150.png 150w\" sizes=\"(max-width: 512px) 100vw, 512px\" \/><\/a><\/figure><div class=\"elementor-image-box-content\"><h3 class=\"elementor-image-box-title\"><a href=\"https:\/\/www.barometreocupacions.cat\/es\/zoom-los-perfiles-de-dificil-cobertura-para-las-mypimes-de-cataluna-por-dimension-de-empresa\/\">Intensidad de la dificultad por dimensi\u00f3n de empresa<\/a><\/h3><\/div><\/div>\t\t\t\t<\/div>\n\t\t\t\t<\/div>\n\t\t\t\t\t<\/div>\n\t\t\t\t<\/div>\n\t\t<div class=\"elementor-element elementor-element-a130a09 e-flex e-con-boxed e-con e-child\" data-id=\"a130a09\" data-element_type=\"container\" data-settings=\"{&quot;background_background&quot;:&quot;classic&quot;}\">\n\t\t\t\t\t<div class=\"e-con-inner\">\n\t\t\t\t<div class=\"elementor-element elementor-element-686aeab elementor-position-left elementor-vertical-align-middle elementor-widget elementor-widget-image-box\" data-id=\"686aeab\" data-element_type=\"widget\" data-widget_type=\"image-box.default\">\n\t\t\t\t<div class=\"elementor-widget-container\">\n\t\t\t\t\t<div class=\"elementor-image-box-wrapper\"><figure class=\"elementor-image-box-img\"><a href=\"https:\/\/www.barometreocupacions.cat\/es\/zoom-los-perfiles-de-dificil-cobertura-para-las-mypimes-de-cataluna-por-comarca\/\" tabindex=\"-1\"><img loading=\"lazy\" decoding=\"async\" width=\"512\" height=\"512\" src=\"https:\/\/www.barometreocupacions.cat\/wp-content\/uploads\/2025\/02\/f3-comarca.png\" class=\"attachment-full size-full wp-image-4420\" alt=\"\" srcset=\"https:\/\/www.barometreocupacions.cat\/wp-content\/uploads\/2025\/02\/f3-comarca.png 512w, https:\/\/www.barometreocupacions.cat\/wp-content\/uploads\/2025\/02\/f3-comarca-300x300.png 300w, https:\/\/www.barometreocupacions.cat\/wp-content\/uploads\/2025\/02\/f3-comarca-150x150.png 150w\" sizes=\"(max-width: 512px) 100vw, 512px\" \/><\/a><\/figure><div class=\"elementor-image-box-content\"><h3 class=\"elementor-image-box-title\"><a href=\"https:\/\/www.barometreocupacions.cat\/es\/zoom-los-perfiles-de-dificil-cobertura-para-las-mypimes-de-cataluna-por-comarca\/\">Distribuci\u00f3n territorial de la intensidad de la dificultad<\/a><\/h3><\/div><\/div>\t\t\t\t<\/div>\n\t\t\t\t<\/div>\n\t\t\t\t\t<\/div>\n\t\t\t\t<\/div>\n\t\t\t\t\t<\/div>\n\t\t\t\t<\/div>\n\t\t\t\t\t<\/div>\n\t\t\t\t<\/div>\n\t\t\t\t\t<\/div>\n\t\t\t\t<\/div>\n\t\t\t\t\t<\/div>\n\t\t\t\t<\/div>\n\t\t\t\t<\/div>\n\t\t","protected":false},"excerpt":{"rendered":"<p>Factores que dificultan la cobertura de vacantes \u00bfCu\u00e1les son los principales motivos o razones que detectan las MIPYMES que dificultan los procesos de contrataci\u00f3n de personal? El motivo m\u00e1s destacado es la falta de candidatos. \u00a1Explora el resto de los motivos expresados por los participantes! Y ADEM\u00c1S&#8230; Ocupaciones de dif\u00edcil cobertura Intensidad y distribuci\u00f3n por [&hellip;]<\/p>\n","protected":false},"author":2,"featured_media":0,"parent":0,"menu_order":0,"comment_status":"closed","ping_status":"closed","template":"","meta":{"footnotes":""},"class_list":["post-4696","page","type-page","status-publish","hentry"],"yoast_head":"<!-- This site is optimized with the Yoast SEO plugin v25.4 - https:\/\/yoast.com\/wordpress\/plugins\/seo\/ -->\n<title>zoom-Los perfiles de dif\u00edcil cobertura para las MYPIMES de Catalu\u00f1a - Factores que dificultan la cobertura de vacantes - Bar\u00f2metre de compet\u00e8ncies i ocupacions de Catalunya<\/title>\n<meta name=\"robots\" content=\"index, follow, max-snippet:-1, max-image-preview:large, max-video-preview:-1\" \/>\n<link rel=\"canonical\" href=\"https:\/\/www.barometreocupacions.cat\/es\/zoom-los-perfiles-de-dificil-cobertura-para-las-mypimes-de-cataluna-factores-que-dificultan-la-cobertura-de-vacantes\/\" \/>\n<meta property=\"og:locale\" content=\"es_ES\" \/>\n<meta property=\"og:type\" content=\"article\" \/>\n<meta property=\"og:title\" content=\"zoom-Los perfiles de dif\u00edcil cobertura para las MYPIMES de Catalu\u00f1a - Factores que dificultan la cobertura de vacantes - Bar\u00f2metre de compet\u00e8ncies i ocupacions de Catalunya\" \/>\n<meta property=\"og:description\" content=\"Factores que dificultan la cobertura de vacantes \u00bfCu\u00e1les son los principales motivos o razones que detectan las MIPYMES que dificultan los procesos de contrataci\u00f3n de personal? El motivo m\u00e1s destacado es la falta de candidatos. \u00a1Explora el resto de los motivos expresados por los participantes! Y ADEM\u00c1S&#8230; Ocupaciones de dif\u00edcil cobertura Intensidad y distribuci\u00f3n por [&hellip;]\" \/>\n<meta property=\"og:url\" content=\"https:\/\/www.barometreocupacions.cat\/es\/zoom-los-perfiles-de-dificil-cobertura-para-las-mypimes-de-cataluna-factores-que-dificultan-la-cobertura-de-vacantes\/\" \/>\n<meta property=\"og:site_name\" content=\"Bar\u00f2metre de compet\u00e8ncies i ocupacions de Catalunya\" \/>\n<meta property=\"article:modified_time\" content=\"2025-03-21T06:56:44+00:00\" \/>\n<meta property=\"og:image\" content=\"https:\/\/www.barometreocupacions.cat\/wp-content\/uploads\/2025\/02\/f1-dificil.png\" \/>\n<meta name=\"twitter:card\" content=\"summary_large_image\" \/>\n<meta name=\"twitter:label1\" content=\"Tiempo de lectura\" \/>\n\t<meta name=\"twitter:data1\" content=\"2 minutos\" \/>\n<script type=\"application\/ld+json\" class=\"yoast-schema-graph\">{\"@context\":\"https:\/\/schema.org\",\"@graph\":[{\"@type\":\"WebPage\",\"@id\":\"https:\/\/www.barometreocupacions.cat\/es\/zoom-los-perfiles-de-dificil-cobertura-para-las-mypimes-de-cataluna-factores-que-dificultan-la-cobertura-de-vacantes\/\",\"url\":\"https:\/\/www.barometreocupacions.cat\/es\/zoom-los-perfiles-de-dificil-cobertura-para-las-mypimes-de-cataluna-factores-que-dificultan-la-cobertura-de-vacantes\/\",\"name\":\"zoom-Los perfiles de dif\u00edcil cobertura para las MYPIMES de Catalu\u00f1a - Factores que dificultan la cobertura de vacantes - Bar\u00f2metre de compet\u00e8ncies i ocupacions de Catalunya\",\"isPartOf\":{\"@id\":\"https:\/\/www.barometreocupacions.cat\/es\/#website\"},\"primaryImageOfPage\":{\"@id\":\"https:\/\/www.barometreocupacions.cat\/es\/zoom-los-perfiles-de-dificil-cobertura-para-las-mypimes-de-cataluna-factores-que-dificultan-la-cobertura-de-vacantes\/#primaryimage\"},\"image\":{\"@id\":\"https:\/\/www.barometreocupacions.cat\/es\/zoom-los-perfiles-de-dificil-cobertura-para-las-mypimes-de-cataluna-factores-que-dificultan-la-cobertura-de-vacantes\/#primaryimage\"},\"thumbnailUrl\":\"https:\/\/www.barometreocupacions.cat\/wp-content\/uploads\/2025\/02\/f1-dificil.png\",\"datePublished\":\"2025-02-26T09:22:33+00:00\",\"dateModified\":\"2025-03-21T06:56:44+00:00\",\"breadcrumb\":{\"@id\":\"https:\/\/www.barometreocupacions.cat\/es\/zoom-los-perfiles-de-dificil-cobertura-para-las-mypimes-de-cataluna-factores-que-dificultan-la-cobertura-de-vacantes\/#breadcrumb\"},\"inLanguage\":\"es\",\"potentialAction\":[{\"@type\":\"ReadAction\",\"target\":[\"https:\/\/www.barometreocupacions.cat\/es\/zoom-los-perfiles-de-dificil-cobertura-para-las-mypimes-de-cataluna-factores-que-dificultan-la-cobertura-de-vacantes\/\"]}]},{\"@type\":\"ImageObject\",\"inLanguage\":\"es\",\"@id\":\"https:\/\/www.barometreocupacions.cat\/es\/zoom-los-perfiles-de-dificil-cobertura-para-las-mypimes-de-cataluna-factores-que-dificultan-la-cobertura-de-vacantes\/#primaryimage\",\"url\":\"https:\/\/www.barometreocupacions.cat\/wp-content\/uploads\/2025\/02\/f1-dificil.png\",\"contentUrl\":\"https:\/\/www.barometreocupacions.cat\/wp-content\/uploads\/2025\/02\/f1-dificil.png\"},{\"@type\":\"BreadcrumbList\",\"@id\":\"https:\/\/www.barometreocupacions.cat\/es\/zoom-los-perfiles-de-dificil-cobertura-para-las-mypimes-de-cataluna-factores-que-dificultan-la-cobertura-de-vacantes\/#breadcrumb\",\"itemListElement\":[{\"@type\":\"ListItem\",\"position\":1,\"name\":\"Inici\",\"item\":\"https:\/\/www.barometreocupacions.cat\/es\/\"},{\"@type\":\"ListItem\",\"position\":2,\"name\":\"zoom-Los perfiles de dif\u00edcil cobertura para las MYPIMES de Catalu\u00f1a &#8211; Factores que dificultan la cobertura de vacantes\"}]},{\"@type\":\"WebSite\",\"@id\":\"https:\/\/www.barometreocupacions.cat\/es\/#website\",\"url\":\"https:\/\/www.barometreocupacions.cat\/es\/\",\"name\":\"Bar\u00f2metre de compet\u00e8ncies i ocupacions de Catalunya\",\"description\":\"\",\"publisher\":{\"@id\":\"https:\/\/www.barometreocupacions.cat\/es\/#organization\"},\"potentialAction\":[{\"@type\":\"SearchAction\",\"target\":{\"@type\":\"EntryPoint\",\"urlTemplate\":\"https:\/\/www.barometreocupacions.cat\/es\/?s={search_term_string}\"},\"query-input\":{\"@type\":\"PropertyValueSpecification\",\"valueRequired\":true,\"valueName\":\"search_term_string\"}}],\"inLanguage\":\"es\"},{\"@type\":\"Organization\",\"@id\":\"https:\/\/www.barometreocupacions.cat\/es\/#organization\",\"name\":\"Bar\u00f2metre de compet\u00e8ncies i ocupacions de Catalunya\",\"url\":\"https:\/\/www.barometreocupacions.cat\/es\/\",\"logo\":{\"@type\":\"ImageObject\",\"inLanguage\":\"es\",\"@id\":\"https:\/\/www.barometreocupacions.cat\/es\/#\/schema\/logo\/image\/\",\"url\":\"https:\/\/www.barometreocupacions.cat\/wp-content\/uploads\/2024\/02\/logo.png\",\"contentUrl\":\"https:\/\/www.barometreocupacions.cat\/wp-content\/uploads\/2024\/02\/logo.png\",\"width\":504,\"height\":435,\"caption\":\"Bar\u00f2metre de compet\u00e8ncies i ocupacions de Catalunya\"},\"image\":{\"@id\":\"https:\/\/www.barometreocupacions.cat\/es\/#\/schema\/logo\/image\/\"}}]}<\/script>\n<!-- \/ Yoast SEO plugin. -->","yoast_head_json":{"title":"zoom-Los perfiles de dif\u00edcil cobertura para las MYPIMES de Catalu\u00f1a - Factores que dificultan la cobertura de vacantes - Bar\u00f2metre de compet\u00e8ncies i ocupacions de Catalunya","robots":{"index":"index","follow":"follow","max-snippet":"max-snippet:-1","max-image-preview":"max-image-preview:large","max-video-preview":"max-video-preview:-1"},"canonical":"https:\/\/www.barometreocupacions.cat\/es\/zoom-los-perfiles-de-dificil-cobertura-para-las-mypimes-de-cataluna-factores-que-dificultan-la-cobertura-de-vacantes\/","og_locale":"es_ES","og_type":"article","og_title":"zoom-Los perfiles de dif\u00edcil cobertura para las MYPIMES de Catalu\u00f1a - Factores que dificultan la cobertura de vacantes - Bar\u00f2metre de compet\u00e8ncies i ocupacions de Catalunya","og_description":"Factores que dificultan la cobertura de vacantes \u00bfCu\u00e1les son los principales motivos o razones que detectan las MIPYMES que dificultan los procesos de contrataci\u00f3n de personal? El motivo m\u00e1s destacado es la falta de candidatos. \u00a1Explora el resto de los motivos expresados por los participantes! Y ADEM\u00c1S&#8230; Ocupaciones de dif\u00edcil cobertura Intensidad y distribuci\u00f3n por [&hellip;]","og_url":"https:\/\/www.barometreocupacions.cat\/es\/zoom-los-perfiles-de-dificil-cobertura-para-las-mypimes-de-cataluna-factores-que-dificultan-la-cobertura-de-vacantes\/","og_site_name":"Bar\u00f2metre de compet\u00e8ncies i ocupacions de Catalunya","article_modified_time":"2025-03-21T06:56:44+00:00","og_image":[{"url":"https:\/\/www.barometreocupacions.cat\/wp-content\/uploads\/2025\/02\/f1-dificil.png","type":"","width":"","height":""}],"twitter_card":"summary_large_image","twitter_misc":{"Tiempo de lectura":"2 minutos"},"schema":{"@context":"https:\/\/schema.org","@graph":[{"@type":"WebPage","@id":"https:\/\/www.barometreocupacions.cat\/es\/zoom-los-perfiles-de-dificil-cobertura-para-las-mypimes-de-cataluna-factores-que-dificultan-la-cobertura-de-vacantes\/","url":"https:\/\/www.barometreocupacions.cat\/es\/zoom-los-perfiles-de-dificil-cobertura-para-las-mypimes-de-cataluna-factores-que-dificultan-la-cobertura-de-vacantes\/","name":"zoom-Los perfiles de dif\u00edcil cobertura para las MYPIMES de Catalu\u00f1a - Factores que dificultan la cobertura de vacantes - Bar\u00f2metre de compet\u00e8ncies i ocupacions de Catalunya","isPartOf":{"@id":"https:\/\/www.barometreocupacions.cat\/es\/#website"},"primaryImageOfPage":{"@id":"https:\/\/www.barometreocupacions.cat\/es\/zoom-los-perfiles-de-dificil-cobertura-para-las-mypimes-de-cataluna-factores-que-dificultan-la-cobertura-de-vacantes\/#primaryimage"},"image":{"@id":"https:\/\/www.barometreocupacions.cat\/es\/zoom-los-perfiles-de-dificil-cobertura-para-las-mypimes-de-cataluna-factores-que-dificultan-la-cobertura-de-vacantes\/#primaryimage"},"thumbnailUrl":"https:\/\/www.barometreocupacions.cat\/wp-content\/uploads\/2025\/02\/f1-dificil.png","datePublished":"2025-02-26T09:22:33+00:00","dateModified":"2025-03-21T06:56:44+00:00","breadcrumb":{"@id":"https:\/\/www.barometreocupacions.cat\/es\/zoom-los-perfiles-de-dificil-cobertura-para-las-mypimes-de-cataluna-factores-que-dificultan-la-cobertura-de-vacantes\/#breadcrumb"},"inLanguage":"es","potentialAction":[{"@type":"ReadAction","target":["https:\/\/www.barometreocupacions.cat\/es\/zoom-los-perfiles-de-dificil-cobertura-para-las-mypimes-de-cataluna-factores-que-dificultan-la-cobertura-de-vacantes\/"]}]},{"@type":"ImageObject","inLanguage":"es","@id":"https:\/\/www.barometreocupacions.cat\/es\/zoom-los-perfiles-de-dificil-cobertura-para-las-mypimes-de-cataluna-factores-que-dificultan-la-cobertura-de-vacantes\/#primaryimage","url":"https:\/\/www.barometreocupacions.cat\/wp-content\/uploads\/2025\/02\/f1-dificil.png","contentUrl":"https:\/\/www.barometreocupacions.cat\/wp-content\/uploads\/2025\/02\/f1-dificil.png"},{"@type":"BreadcrumbList","@id":"https:\/\/www.barometreocupacions.cat\/es\/zoom-los-perfiles-de-dificil-cobertura-para-las-mypimes-de-cataluna-factores-que-dificultan-la-cobertura-de-vacantes\/#breadcrumb","itemListElement":[{"@type":"ListItem","position":1,"name":"Inici","item":"https:\/\/www.barometreocupacions.cat\/es\/"},{"@type":"ListItem","position":2,"name":"zoom-Los perfiles de dif\u00edcil cobertura para las MYPIMES de Catalu\u00f1a &#8211; Factores que dificultan la cobertura de vacantes"}]},{"@type":"WebSite","@id":"https:\/\/www.barometreocupacions.cat\/es\/#website","url":"https:\/\/www.barometreocupacions.cat\/es\/","name":"Bar\u00f2metre de compet\u00e8ncies i ocupacions de Catalunya","description":"","publisher":{"@id":"https:\/\/www.barometreocupacions.cat\/es\/#organization"},"potentialAction":[{"@type":"SearchAction","target":{"@type":"EntryPoint","urlTemplate":"https:\/\/www.barometreocupacions.cat\/es\/?s={search_term_string}"},"query-input":{"@type":"PropertyValueSpecification","valueRequired":true,"valueName":"search_term_string"}}],"inLanguage":"es"},{"@type":"Organization","@id":"https:\/\/www.barometreocupacions.cat\/es\/#organization","name":"Bar\u00f2metre de compet\u00e8ncies i ocupacions de Catalunya","url":"https:\/\/www.barometreocupacions.cat\/es\/","logo":{"@type":"ImageObject","inLanguage":"es","@id":"https:\/\/www.barometreocupacions.cat\/es\/#\/schema\/logo\/image\/","url":"https:\/\/www.barometreocupacions.cat\/wp-content\/uploads\/2024\/02\/logo.png","contentUrl":"https:\/\/www.barometreocupacions.cat\/wp-content\/uploads\/2024\/02\/logo.png","width":504,"height":435,"caption":"Bar\u00f2metre de compet\u00e8ncies i ocupacions de Catalunya"},"image":{"@id":"https:\/\/www.barometreocupacions.cat\/es\/#\/schema\/logo\/image\/"}}]}},"_links":{"self":[{"href":"https:\/\/www.barometreocupacions.cat\/es\/wp-json\/wp\/v2\/pages\/4696","targetHints":{"allow":["GET"]}}],"collection":[{"href":"https:\/\/www.barometreocupacions.cat\/es\/wp-json\/wp\/v2\/pages"}],"about":[{"href":"https:\/\/www.barometreocupacions.cat\/es\/wp-json\/wp\/v2\/types\/page"}],"author":[{"embeddable":true,"href":"https:\/\/www.barometreocupacions.cat\/es\/wp-json\/wp\/v2\/users\/2"}],"replies":[{"embeddable":true,"href":"https:\/\/www.barometreocupacions.cat\/es\/wp-json\/wp\/v2\/comments?post=4696"}],"version-history":[{"count":9,"href":"https:\/\/www.barometreocupacions.cat\/es\/wp-json\/wp\/v2\/pages\/4696\/revisions"}],"predecessor-version":[{"id":5082,"href":"https:\/\/www.barometreocupacions.cat\/es\/wp-json\/wp\/v2\/pages\/4696\/revisions\/5082"}],"wp:attachment":[{"href":"https:\/\/www.barometreocupacions.cat\/es\/wp-json\/wp\/v2\/media?parent=4696"}],"curies":[{"name":"wp","href":"https:\/\/api.w.org\/{rel}","templated":true}]}}