{"id":4545,"date":"2025-02-25T14:30:39","date_gmt":"2025-02-25T12:30:39","guid":{"rendered":"https:\/\/www.barometreocupacions.cat\/?page_id=4545"},"modified":"2025-03-20T21:11:45","modified_gmt":"2025-03-20T19:11:45","slug":"zoom-ocupaciones-mas-demandadas-per-les-mypimes-ocupaciones-mas-demandadas","status":"publish","type":"page","link":"https:\/\/www.barometreocupacions.cat\/es\/zoom-ocupaciones-mas-demandadas-per-les-mypimes-ocupaciones-mas-demandadas\/","title":{"rendered":"zoom-Ocupaciones m\u00e1s demandadas per les MYPIMES &#8211; Ocupaciones m\u00e1s demandadas"},"content":{"rendered":"\t\t<div data-elementor-type=\"wp-page\" data-elementor-id=\"4545\" class=\"elementor elementor-4545 elementor-4544\" data-elementor-post-type=\"page\">\n\t\t\t\t<div class=\"elementor-element elementor-element-e68e719 e-flex e-con-boxed elementor-invisible e-con e-parent\" data-id=\"e68e719\" data-element_type=\"container\" data-settings=\"{&quot;animation&quot;:&quot;fadeIn&quot;}\">\n\t\t\t\t\t<div class=\"e-con-inner\">\n\t\t<div class=\"elementor-element elementor-element-4773a33 e-flex e-con-boxed elementor-invisible e-con e-child\" data-id=\"4773a33\" data-element_type=\"container\" data-settings=\"{&quot;animation&quot;:&quot;fadeIn&quot;}\">\n\t\t\t\t\t<div class=\"e-con-inner\">\n\t\t\t\t<div class=\"elementor-element elementor-element-d5ca779 elementor-widget elementor-widget-heading\" data-id=\"d5ca779\" data-element_type=\"widget\" data-widget_type=\"heading.default\">\n\t\t\t\t<div class=\"elementor-widget-container\">\n\t\t\t\t\t<h1 class=\"elementor-heading-title elementor-size-default\">OCUPACIONES M\u00c1S DEMANDADAS<\/h1>\t\t\t\t<\/div>\n\t\t\t\t<\/div>\n\t\t\t\t<div class=\"elementor-element elementor-element-2325861 elementor-widget elementor-widget-text-editor\" data-id=\"2325861\" data-element_type=\"widget\" data-widget_type=\"text-editor.default\">\n\t\t\t\t<div class=\"elementor-widget-container\">\n\t\t\t\t\t\t\t\t\t<p><strong>\u00bfCu\u00e1les son los empleos m\u00e1s demandados por las MIPYMES en Catalu\u00f1a?<\/strong> <br \/>Conoce los empleos m\u00e1s requeridos y explora los sectores con mayor demanda.<\/p>\n\t\t\t\t\t\t\t\t<\/div>\n\t\t\t\t<\/div>\n\t\t\t\t\t<\/div>\n\t\t\t\t<\/div>\n\t\t\t\t\t<\/div>\n\t\t\t\t<\/div>\n\t\t<div class=\"elementor-element elementor-element-64c881e e-flex e-con-boxed elementor-invisible e-con e-parent\" data-id=\"64c881e\" data-element_type=\"container\" data-settings=\"{&quot;animation&quot;:&quot;fadeIn&quot;}\">\n\t\t\t\t\t<div class=\"e-con-inner\">\n\t\t\t\t<div class=\"elementor-element elementor-element-50671c9 elementor-widget elementor-widget-html\" data-id=\"50671c9\" data-element_type=\"widget\" data-widget_type=\"html.default\">\n\t\t\t\t<div class=\"elementor-widget-container\">\n\t\t\t\t\t<iframe title=\"ESP-E1\" width=\"100%\" height=\"700\" src=\"https:\/\/app.powerbi.com\/view?r=eyJrIjoiMWMwZWQ3NGYtNDIxZC00YjAwLTkxNGItYWJkODAzNzA3ZTE5IiwidCI6IjM1NGExOGYzLTI5OWQtNDRkMy1iMmFkLTg4NTkxYmUzMDQxNCIsImMiOjh9\" frameborder=\"0\" allowFullScreen=\"true\"><\/iframe>\t\t\t\t<\/div>\n\t\t\t\t<\/div>\n\t\t\t\t\t<\/div>\n\t\t\t\t<\/div>\n\t\t<div class=\"elementor-element elementor-element-f73bf11 e-flex e-con-boxed elementor-invisible e-con e-parent\" data-id=\"f73bf11\" data-element_type=\"container\" data-settings=\"{&quot;animation&quot;:&quot;fadeIn&quot;}\">\n\t\t\t\t\t<div class=\"e-con-inner\">\n\t\t<div class=\"elementor-element elementor-element-0c48d87 e-flex e-con-boxed elementor-invisible e-con e-child\" data-id=\"0c48d87\" data-element_type=\"container\" data-settings=\"{&quot;animation&quot;:&quot;fadeIn&quot;}\">\n\t\t\t\t\t<div class=\"e-con-inner\">\n\t\t<div class=\"elementor-element elementor-element-3029325 e-flex e-con-boxed elementor-invisible e-con e-child\" data-id=\"3029325\" data-element_type=\"container\" data-settings=\"{&quot;animation&quot;:&quot;fadeIn&quot;}\">\n\t\t\t\t\t<div class=\"e-con-inner\">\n\t\t\t\t<div class=\"elementor-element elementor-element-e46a6f2 elementor-widget elementor-widget-heading\" data-id=\"e46a6f2\" data-element_type=\"widget\" data-widget_type=\"heading.default\">\n\t\t\t\t<div class=\"elementor-widget-container\">\n\t\t\t\t\t<h3 class=\"elementor-heading-title elementor-size-default\">Y ADEM\u00c1S...<\/h3>\t\t\t\t<\/div>\n\t\t\t\t<\/div>\n\t\t<div class=\"elementor-element elementor-element-028ffde e-flex e-con-boxed e-con e-child\" data-id=\"028ffde\" data-element_type=\"container\">\n\t\t\t\t\t<div class=\"e-con-inner\">\n\t\t<div class=\"elementor-element elementor-element-c42cfac e-flex e-con-boxed e-con e-child\" data-id=\"c42cfac\" data-element_type=\"container\" data-settings=\"{&quot;background_background&quot;:&quot;classic&quot;}\">\n\t\t\t\t\t<div class=\"e-con-inner\">\n\t\t\t\t<div class=\"elementor-element elementor-element-1a01f23 elementor-position-top elementor-widget elementor-widget-image-box\" data-id=\"1a01f23\" data-element_type=\"widget\" data-widget_type=\"image-box.default\">\n\t\t\t\t<div class=\"elementor-widget-container\">\n\t\t\t\t\t<div class=\"elementor-image-box-wrapper\"><figure class=\"elementor-image-box-img\"><a href=\"https:\/\/www.barometreocupacions.cat\/es\/zoom-ocupaciones-mas-demandadas-por-las-mypimes-ocupaciones-mas-demandadas-por-sector-de-actividad\/\" tabindex=\"-1\"><img fetchpriority=\"high\" decoding=\"async\" width=\"512\" height=\"512\" src=\"https:\/\/www.barometreocupacions.cat\/wp-content\/uploads\/2025\/02\/e2-sector.png\" class=\"attachment-full size-full wp-image-4398\" alt=\"\" srcset=\"https:\/\/www.barometreocupacions.cat\/wp-content\/uploads\/2025\/02\/e2-sector.png 512w, https:\/\/www.barometreocupacions.cat\/wp-content\/uploads\/2025\/02\/e2-sector-300x300.png 300w, https:\/\/www.barometreocupacions.cat\/wp-content\/uploads\/2025\/02\/e2-sector-150x150.png 150w\" sizes=\"(max-width: 512px) 100vw, 512px\" \/><\/a><\/figure><div class=\"elementor-image-box-content\"><h3 class=\"elementor-image-box-title\"><a href=\"https:\/\/www.barometreocupacions.cat\/es\/zoom-ocupaciones-mas-demandadas-por-las-mypimes-ocupaciones-mas-demandadas-por-sector-de-actividad\/\">Ocupaciones m\u00e1s demandadas por sector de actividad<\/a><\/h3><\/div><\/div>\t\t\t\t<\/div>\n\t\t\t\t<\/div>\n\t\t\t\t\t<\/div>\n\t\t\t\t<\/div>\n\t\t<div class=\"elementor-element elementor-element-9b021d4 e-flex e-con-boxed e-con e-child\" data-id=\"9b021d4\" data-element_type=\"container\" data-settings=\"{&quot;background_background&quot;:&quot;classic&quot;}\">\n\t\t\t\t\t<div class=\"e-con-inner\">\n\t\t\t\t<div class=\"elementor-element elementor-element-2be45b6 elementor-position-top elementor-widget elementor-widget-image-box\" data-id=\"2be45b6\" data-element_type=\"widget\" data-widget_type=\"image-box.default\">\n\t\t\t\t<div class=\"elementor-widget-container\">\n\t\t\t\t\t<div class=\"elementor-image-box-wrapper\"><figure class=\"elementor-image-box-img\"><a href=\"https:\/\/www.barometreocupacions.cat\/es\/zoom-ocupaciones-mas-demandadas-por-las-mypimes-ocupaciones-mas-demandadas-por-dimension-de-empresa\/\" tabindex=\"-1\"><img decoding=\"async\" width=\"512\" height=\"512\" src=\"https:\/\/www.barometreocupacions.cat\/wp-content\/uploads\/2025\/02\/e4-medida-empresa-sector.png\" class=\"attachment-full size-full wp-image-4402\" alt=\"\" srcset=\"https:\/\/www.barometreocupacions.cat\/wp-content\/uploads\/2025\/02\/e4-medida-empresa-sector.png 512w, https:\/\/www.barometreocupacions.cat\/wp-content\/uploads\/2025\/02\/e4-medida-empresa-sector-300x300.png 300w, https:\/\/www.barometreocupacions.cat\/wp-content\/uploads\/2025\/02\/e4-medida-empresa-sector-150x150.png 150w\" sizes=\"(max-width: 512px) 100vw, 512px\" \/><\/a><\/figure><div class=\"elementor-image-box-content\"><h3 class=\"elementor-image-box-title\"><a href=\"https:\/\/www.barometreocupacions.cat\/es\/zoom-ocupaciones-mas-demandadas-por-las-mypimes-ocupaciones-mas-demandadas-por-dimension-de-empresa\/\">Ocupaciones m\u00e1s demandadas por dimensi\u00f3n de empresa<\/a><\/h3><\/div><\/div>\t\t\t\t<\/div>\n\t\t\t\t<\/div>\n\t\t\t\t\t<\/div>\n\t\t\t\t<\/div>\n\t\t<div class=\"elementor-element elementor-element-62ff200 e-flex e-con-boxed e-con e-child\" data-id=\"62ff200\" data-element_type=\"container\" data-settings=\"{&quot;background_background&quot;:&quot;classic&quot;}\">\n\t\t\t\t\t<div class=\"e-con-inner\">\n\t\t\t\t<div class=\"elementor-element elementor-element-a26fa86 elementor-position-top elementor-widget elementor-widget-image-box\" data-id=\"a26fa86\" data-element_type=\"widget\" data-widget_type=\"image-box.default\">\n\t\t\t\t<div class=\"elementor-widget-container\">\n\t\t\t\t\t<div class=\"elementor-image-box-wrapper\"><figure class=\"elementor-image-box-img\"><a href=\"https:\/\/www.barometreocupacions.cat\/es\/zoom-ocupaciones-mas-demandadas-por-las-mypimes-perfil-competencial\/\" tabindex=\"-1\"><img decoding=\"async\" width=\"512\" height=\"512\" src=\"https:\/\/www.barometreocupacions.cat\/wp-content\/uploads\/2025\/02\/e5-competencias-asociadadas.png\" class=\"attachment-full size-full wp-image-4404\" alt=\"\" srcset=\"https:\/\/www.barometreocupacions.cat\/wp-content\/uploads\/2025\/02\/e5-competencias-asociadadas.png 512w, https:\/\/www.barometreocupacions.cat\/wp-content\/uploads\/2025\/02\/e5-competencias-asociadadas-300x300.png 300w, https:\/\/www.barometreocupacions.cat\/wp-content\/uploads\/2025\/02\/e5-competencias-asociadadas-150x150.png 150w\" sizes=\"(max-width: 512px) 100vw, 512px\" \/><\/a><\/figure><div class=\"elementor-image-box-content\"><h3 class=\"elementor-image-box-title\"><a href=\"https:\/\/www.barometreocupacions.cat\/es\/zoom-ocupaciones-mas-demandadas-por-las-mypimes-perfil-competencial\/\">Perfil competencial de las ocupaciones m\u00e1s demandadas<\/a><\/h3><\/div><\/div>\t\t\t\t<\/div>\n\t\t\t\t<\/div>\n\t\t\t\t\t<\/div>\n\t\t\t\t<\/div>\n\t\t\t\t\t<\/div>\n\t\t\t\t<\/div>\n\t\t\t\t\t<\/div>\n\t\t\t\t<\/div>\n\t\t\t\t\t<\/div>\n\t\t\t\t<\/div>\n\t\t\t\t\t<\/div>\n\t\t\t\t<\/div>\n\t\t\t\t<\/div>\n\t\t","protected":false},"excerpt":{"rendered":"<p>OCUPACIONES M\u00c1S DEMANDADAS \u00bfCu\u00e1les son los empleos m\u00e1s demandados por las MIPYMES en Catalu\u00f1a? Conoce los empleos m\u00e1s requeridos y explora los sectores con mayor demanda. Y ADEM\u00c1S&#8230; Ocupaciones m\u00e1s demandadas por sector de actividad Ocupaciones m\u00e1s demandadas por dimensi\u00f3n de empresa Perfil competencial de las ocupaciones m\u00e1s demandadas<\/p>\n","protected":false},"author":2,"featured_media":0,"parent":0,"menu_order":0,"comment_status":"closed","ping_status":"closed","template":"","meta":{"footnotes":""},"class_list":["post-4545","page","type-page","status-publish","hentry"],"yoast_head":"<!-- This site is optimized with the Yoast SEO plugin v25.4 - https:\/\/yoast.com\/wordpress\/plugins\/seo\/ -->\n<title>zoom-Ocupaciones m\u00e1s demandadas per les MYPIMES - Ocupaciones m\u00e1s demandadas - Bar\u00f2metre de compet\u00e8ncies i ocupacions de Catalunya<\/title>\n<meta name=\"robots\" content=\"index, follow, max-snippet:-1, max-image-preview:large, max-video-preview:-1\" \/>\n<link rel=\"canonical\" href=\"https:\/\/www.barometreocupacions.cat\/es\/zoom-ocupaciones-mas-demandadas-per-les-mypimes-ocupaciones-mas-demandadas\/\" \/>\n<meta property=\"og:locale\" content=\"es_ES\" \/>\n<meta property=\"og:type\" content=\"article\" \/>\n<meta property=\"og:title\" content=\"zoom-Ocupaciones m\u00e1s demandadas per les MYPIMES - Ocupaciones m\u00e1s demandadas - Bar\u00f2metre de compet\u00e8ncies i ocupacions de Catalunya\" \/>\n<meta property=\"og:description\" content=\"OCUPACIONES M\u00c1S DEMANDADAS \u00bfCu\u00e1les son los empleos m\u00e1s demandados por las MIPYMES en Catalu\u00f1a? Conoce los empleos m\u00e1s requeridos y explora los sectores con mayor demanda. Y ADEM\u00c1S&#8230; Ocupaciones m\u00e1s demandadas por sector de actividad Ocupaciones m\u00e1s demandadas por dimensi\u00f3n de empresa Perfil competencial de las ocupaciones m\u00e1s demandadas\" \/>\n<meta property=\"og:url\" content=\"https:\/\/www.barometreocupacions.cat\/es\/zoom-ocupaciones-mas-demandadas-per-les-mypimes-ocupaciones-mas-demandadas\/\" \/>\n<meta property=\"og:site_name\" content=\"Bar\u00f2metre de compet\u00e8ncies i ocupacions de Catalunya\" \/>\n<meta property=\"article:modified_time\" content=\"2025-03-20T19:11:45+00:00\" \/>\n<meta property=\"og:image\" content=\"https:\/\/www.barometreocupacions.cat\/wp-content\/uploads\/2025\/02\/e2-sector.png\" \/>\n<meta name=\"twitter:card\" content=\"summary_large_image\" \/>\n<meta name=\"twitter:label1\" content=\"Tiempo de lectura\" \/>\n\t<meta name=\"twitter:data1\" content=\"2 minutos\" \/>\n<script type=\"application\/ld+json\" class=\"yoast-schema-graph\">{\"@context\":\"https:\/\/schema.org\",\"@graph\":[{\"@type\":\"WebPage\",\"@id\":\"https:\/\/www.barometreocupacions.cat\/es\/zoom-ocupaciones-mas-demandadas-per-les-mypimes-ocupaciones-mas-demandadas\/\",\"url\":\"https:\/\/www.barometreocupacions.cat\/es\/zoom-ocupaciones-mas-demandadas-per-les-mypimes-ocupaciones-mas-demandadas\/\",\"name\":\"zoom-Ocupaciones m\u00e1s demandadas per les MYPIMES - Ocupaciones m\u00e1s demandadas - Bar\u00f2metre de compet\u00e8ncies i ocupacions de Catalunya\",\"isPartOf\":{\"@id\":\"https:\/\/www.barometreocupacions.cat\/es\/#website\"},\"primaryImageOfPage\":{\"@id\":\"https:\/\/www.barometreocupacions.cat\/es\/zoom-ocupaciones-mas-demandadas-per-les-mypimes-ocupaciones-mas-demandadas\/#primaryimage\"},\"image\":{\"@id\":\"https:\/\/www.barometreocupacions.cat\/es\/zoom-ocupaciones-mas-demandadas-per-les-mypimes-ocupaciones-mas-demandadas\/#primaryimage\"},\"thumbnailUrl\":\"https:\/\/www.barometreocupacions.cat\/wp-content\/uploads\/2025\/02\/e2-sector.png\",\"datePublished\":\"2025-02-25T12:30:39+00:00\",\"dateModified\":\"2025-03-20T19:11:45+00:00\",\"breadcrumb\":{\"@id\":\"https:\/\/www.barometreocupacions.cat\/es\/zoom-ocupaciones-mas-demandadas-per-les-mypimes-ocupaciones-mas-demandadas\/#breadcrumb\"},\"inLanguage\":\"es\",\"potentialAction\":[{\"@type\":\"ReadAction\",\"target\":[\"https:\/\/www.barometreocupacions.cat\/es\/zoom-ocupaciones-mas-demandadas-per-les-mypimes-ocupaciones-mas-demandadas\/\"]}]},{\"@type\":\"ImageObject\",\"inLanguage\":\"es\",\"@id\":\"https:\/\/www.barometreocupacions.cat\/es\/zoom-ocupaciones-mas-demandadas-per-les-mypimes-ocupaciones-mas-demandadas\/#primaryimage\",\"url\":\"https:\/\/www.barometreocupacions.cat\/wp-content\/uploads\/2025\/02\/e2-sector.png\",\"contentUrl\":\"https:\/\/www.barometreocupacions.cat\/wp-content\/uploads\/2025\/02\/e2-sector.png\"},{\"@type\":\"BreadcrumbList\",\"@id\":\"https:\/\/www.barometreocupacions.cat\/es\/zoom-ocupaciones-mas-demandadas-per-les-mypimes-ocupaciones-mas-demandadas\/#breadcrumb\",\"itemListElement\":[{\"@type\":\"ListItem\",\"position\":1,\"name\":\"Inici\",\"item\":\"https:\/\/www.barometreocupacions.cat\/es\/\"},{\"@type\":\"ListItem\",\"position\":2,\"name\":\"zoom-Ocupaciones m\u00e1s demandadas per les MYPIMES &#8211; Ocupaciones m\u00e1s demandadas\"}]},{\"@type\":\"WebSite\",\"@id\":\"https:\/\/www.barometreocupacions.cat\/es\/#website\",\"url\":\"https:\/\/www.barometreocupacions.cat\/es\/\",\"name\":\"Bar\u00f2metre de compet\u00e8ncies i ocupacions de Catalunya\",\"description\":\"\",\"publisher\":{\"@id\":\"https:\/\/www.barometreocupacions.cat\/es\/#organization\"},\"potentialAction\":[{\"@type\":\"SearchAction\",\"target\":{\"@type\":\"EntryPoint\",\"urlTemplate\":\"https:\/\/www.barometreocupacions.cat\/es\/?s={search_term_string}\"},\"query-input\":{\"@type\":\"PropertyValueSpecification\",\"valueRequired\":true,\"valueName\":\"search_term_string\"}}],\"inLanguage\":\"es\"},{\"@type\":\"Organization\",\"@id\":\"https:\/\/www.barometreocupacions.cat\/es\/#organization\",\"name\":\"Bar\u00f2metre de compet\u00e8ncies i ocupacions de Catalunya\",\"url\":\"https:\/\/www.barometreocupacions.cat\/es\/\",\"logo\":{\"@type\":\"ImageObject\",\"inLanguage\":\"es\",\"@id\":\"https:\/\/www.barometreocupacions.cat\/es\/#\/schema\/logo\/image\/\",\"url\":\"https:\/\/www.barometreocupacions.cat\/wp-content\/uploads\/2024\/02\/logo.png\",\"contentUrl\":\"https:\/\/www.barometreocupacions.cat\/wp-content\/uploads\/2024\/02\/logo.png\",\"width\":504,\"height\":435,\"caption\":\"Bar\u00f2metre de compet\u00e8ncies i ocupacions de Catalunya\"},\"image\":{\"@id\":\"https:\/\/www.barometreocupacions.cat\/es\/#\/schema\/logo\/image\/\"}}]}<\/script>\n<!-- \/ Yoast SEO plugin. -->","yoast_head_json":{"title":"zoom-Ocupaciones m\u00e1s demandadas per les MYPIMES - Ocupaciones m\u00e1s demandadas - Bar\u00f2metre de compet\u00e8ncies i ocupacions de Catalunya","robots":{"index":"index","follow":"follow","max-snippet":"max-snippet:-1","max-image-preview":"max-image-preview:large","max-video-preview":"max-video-preview:-1"},"canonical":"https:\/\/www.barometreocupacions.cat\/es\/zoom-ocupaciones-mas-demandadas-per-les-mypimes-ocupaciones-mas-demandadas\/","og_locale":"es_ES","og_type":"article","og_title":"zoom-Ocupaciones m\u00e1s demandadas per les MYPIMES - Ocupaciones m\u00e1s demandadas - Bar\u00f2metre de compet\u00e8ncies i ocupacions de Catalunya","og_description":"OCUPACIONES M\u00c1S DEMANDADAS \u00bfCu\u00e1les son los empleos m\u00e1s demandados por las MIPYMES en Catalu\u00f1a? Conoce los empleos m\u00e1s requeridos y explora los sectores con mayor demanda. Y ADEM\u00c1S&#8230; Ocupaciones m\u00e1s demandadas por sector de actividad Ocupaciones m\u00e1s demandadas por dimensi\u00f3n de empresa Perfil competencial de las ocupaciones m\u00e1s demandadas","og_url":"https:\/\/www.barometreocupacions.cat\/es\/zoom-ocupaciones-mas-demandadas-per-les-mypimes-ocupaciones-mas-demandadas\/","og_site_name":"Bar\u00f2metre de compet\u00e8ncies i ocupacions de Catalunya","article_modified_time":"2025-03-20T19:11:45+00:00","og_image":[{"url":"https:\/\/www.barometreocupacions.cat\/wp-content\/uploads\/2025\/02\/e2-sector.png","type":"","width":"","height":""}],"twitter_card":"summary_large_image","twitter_misc":{"Tiempo de lectura":"2 minutos"},"schema":{"@context":"https:\/\/schema.org","@graph":[{"@type":"WebPage","@id":"https:\/\/www.barometreocupacions.cat\/es\/zoom-ocupaciones-mas-demandadas-per-les-mypimes-ocupaciones-mas-demandadas\/","url":"https:\/\/www.barometreocupacions.cat\/es\/zoom-ocupaciones-mas-demandadas-per-les-mypimes-ocupaciones-mas-demandadas\/","name":"zoom-Ocupaciones m\u00e1s demandadas per les MYPIMES - Ocupaciones m\u00e1s demandadas - Bar\u00f2metre de compet\u00e8ncies i ocupacions de Catalunya","isPartOf":{"@id":"https:\/\/www.barometreocupacions.cat\/es\/#website"},"primaryImageOfPage":{"@id":"https:\/\/www.barometreocupacions.cat\/es\/zoom-ocupaciones-mas-demandadas-per-les-mypimes-ocupaciones-mas-demandadas\/#primaryimage"},"image":{"@id":"https:\/\/www.barometreocupacions.cat\/es\/zoom-ocupaciones-mas-demandadas-per-les-mypimes-ocupaciones-mas-demandadas\/#primaryimage"},"thumbnailUrl":"https:\/\/www.barometreocupacions.cat\/wp-content\/uploads\/2025\/02\/e2-sector.png","datePublished":"2025-02-25T12:30:39+00:00","dateModified":"2025-03-20T19:11:45+00:00","breadcrumb":{"@id":"https:\/\/www.barometreocupacions.cat\/es\/zoom-ocupaciones-mas-demandadas-per-les-mypimes-ocupaciones-mas-demandadas\/#breadcrumb"},"inLanguage":"es","potentialAction":[{"@type":"ReadAction","target":["https:\/\/www.barometreocupacions.cat\/es\/zoom-ocupaciones-mas-demandadas-per-les-mypimes-ocupaciones-mas-demandadas\/"]}]},{"@type":"ImageObject","inLanguage":"es","@id":"https:\/\/www.barometreocupacions.cat\/es\/zoom-ocupaciones-mas-demandadas-per-les-mypimes-ocupaciones-mas-demandadas\/#primaryimage","url":"https:\/\/www.barometreocupacions.cat\/wp-content\/uploads\/2025\/02\/e2-sector.png","contentUrl":"https:\/\/www.barometreocupacions.cat\/wp-content\/uploads\/2025\/02\/e2-sector.png"},{"@type":"BreadcrumbList","@id":"https:\/\/www.barometreocupacions.cat\/es\/zoom-ocupaciones-mas-demandadas-per-les-mypimes-ocupaciones-mas-demandadas\/#breadcrumb","itemListElement":[{"@type":"ListItem","position":1,"name":"Inici","item":"https:\/\/www.barometreocupacions.cat\/es\/"},{"@type":"ListItem","position":2,"name":"zoom-Ocupaciones m\u00e1s demandadas per les MYPIMES &#8211; Ocupaciones m\u00e1s demandadas"}]},{"@type":"WebSite","@id":"https:\/\/www.barometreocupacions.cat\/es\/#website","url":"https:\/\/www.barometreocupacions.cat\/es\/","name":"Bar\u00f2metre de compet\u00e8ncies i ocupacions de Catalunya","description":"","publisher":{"@id":"https:\/\/www.barometreocupacions.cat\/es\/#organization"},"potentialAction":[{"@type":"SearchAction","target":{"@type":"EntryPoint","urlTemplate":"https:\/\/www.barometreocupacions.cat\/es\/?s={search_term_string}"},"query-input":{"@type":"PropertyValueSpecification","valueRequired":true,"valueName":"search_term_string"}}],"inLanguage":"es"},{"@type":"Organization","@id":"https:\/\/www.barometreocupacions.cat\/es\/#organization","name":"Bar\u00f2metre de compet\u00e8ncies i ocupacions de Catalunya","url":"https:\/\/www.barometreocupacions.cat\/es\/","logo":{"@type":"ImageObject","inLanguage":"es","@id":"https:\/\/www.barometreocupacions.cat\/es\/#\/schema\/logo\/image\/","url":"https:\/\/www.barometreocupacions.cat\/wp-content\/uploads\/2024\/02\/logo.png","contentUrl":"https:\/\/www.barometreocupacions.cat\/wp-content\/uploads\/2024\/02\/logo.png","width":504,"height":435,"caption":"Bar\u00f2metre de compet\u00e8ncies i ocupacions de Catalunya"},"image":{"@id":"https:\/\/www.barometreocupacions.cat\/es\/#\/schema\/logo\/image\/"}}]}},"_links":{"self":[{"href":"https:\/\/www.barometreocupacions.cat\/es\/wp-json\/wp\/v2\/pages\/4545","targetHints":{"allow":["GET"]}}],"collection":[{"href":"https:\/\/www.barometreocupacions.cat\/es\/wp-json\/wp\/v2\/pages"}],"about":[{"href":"https:\/\/www.barometreocupacions.cat\/es\/wp-json\/wp\/v2\/types\/page"}],"author":[{"embeddable":true,"href":"https:\/\/www.barometreocupacions.cat\/es\/wp-json\/wp\/v2\/users\/2"}],"replies":[{"embeddable":true,"href":"https:\/\/www.barometreocupacions.cat\/es\/wp-json\/wp\/v2\/comments?post=4545"}],"version-history":[{"count":10,"href":"https:\/\/www.barometreocupacions.cat\/es\/wp-json\/wp\/v2\/pages\/4545\/revisions"}],"predecessor-version":[{"id":5044,"href":"https:\/\/www.barometreocupacions.cat\/es\/wp-json\/wp\/v2\/pages\/4545\/revisions\/5044"}],"wp:attachment":[{"href":"https:\/\/www.barometreocupacions.cat\/es\/wp-json\/wp\/v2\/media?parent=4545"}],"curies":[{"name":"wp","href":"https:\/\/api.w.org\/{rel}","templated":true}]}}