{"id":4375,"date":"2025-02-04T12:47:29","date_gmt":"2025-02-04T10:47:29","guid":{"rendered":"https:\/\/www.barometreocupacions.cat\/?page_id=4375"},"modified":"2025-03-21T14:09:00","modified_gmt":"2025-03-21T12:09:00","slug":"zoom-la-demanda-de-talento-de-las-mipymes-en-cataluna","status":"publish","type":"page","link":"https:\/\/www.barometreocupacions.cat\/es\/zoom-la-demanda-de-talento-de-las-mipymes-en-cataluna\/","title":{"rendered":"zoom-La demanda de talento de las MIPYMES en Catalu\u00f1a"},"content":{"rendered":"\t\t<div data-elementor-type=\"wp-page\" data-elementor-id=\"4375\" class=\"elementor elementor-4375 elementor-4374\" data-elementor-post-type=\"page\">\n\t\t\t\t<div class=\"elementor-element elementor-element-e68e719 e-flex e-con-boxed elementor-invisible e-con e-parent\" data-id=\"e68e719\" data-element_type=\"container\" data-settings=\"{&quot;animation&quot;:&quot;fadeIn&quot;}\">\n\t\t\t\t\t<div class=\"e-con-inner\">\n\t\t<div class=\"elementor-element elementor-element-4773a33 e-flex e-con-boxed elementor-invisible e-con e-child\" data-id=\"4773a33\" data-element_type=\"container\" data-settings=\"{&quot;animation&quot;:&quot;fadeIn&quot;}\">\n\t\t\t\t\t<div class=\"e-con-inner\">\n\t\t\t\t<div class=\"elementor-element elementor-element-d5ca779 elementor-widget elementor-widget-heading\" data-id=\"d5ca779\" data-element_type=\"widget\" data-widget_type=\"heading.default\">\n\t\t\t\t<div class=\"elementor-widget-container\">\n\t\t\t\t\t<h1 class=\"elementor-heading-title elementor-size-default\">La demanda de talento de las MIPYMES en Catalu\u00f1a<\/h1>\t\t\t\t<\/div>\n\t\t\t\t<\/div>\n\t\t\t\t<div class=\"elementor-element elementor-element-2325861 elementor-widget elementor-widget-text-editor\" data-id=\"2325861\" data-element_type=\"widget\" data-widget_type=\"text-editor.default\">\n\t\t\t\t<div class=\"elementor-widget-container\">\n\t\t\t\t\t\t\t\t\t<p><strong>\u00bfQuieres saber m\u00e1s sobre las vacantes ofrecidas por las MIPYMES encuestadas?<\/strong> <br \/>A continuaci\u00f3n te presentamos informaci\u00f3n m\u00e1s detallada sobre estos procesos de incorporaci\u00f3n:<\/p>\n\t\t\t\t\t\t\t\t<\/div>\n\t\t\t\t<\/div>\n\t\t\t\t\t<\/div>\n\t\t\t\t<\/div>\n\t\t\t\t<div class=\"elementor-element elementor-element-39a3fb5 elementor-widget elementor-widget-heading\" data-id=\"39a3fb5\" data-element_type=\"widget\" data-widget_type=\"heading.default\">\n\t\t\t\t<div class=\"elementor-widget-container\">\n\t\t\t\t\t<h3 class=\"elementor-heading-title elementor-size-default\">\u00bfD\u00f3nde estan las vacantes ofrecidas por las MIPYMES?<\/h3>\t\t\t\t<\/div>\n\t\t\t\t<\/div>\n\t\t\t\t<div class=\"elementor-element elementor-element-a6763f9 elementor-widget elementor-widget-text-editor\" data-id=\"a6763f9\" data-element_type=\"widget\" data-widget_type=\"text-editor.default\">\n\t\t\t\t<div class=\"elementor-widget-container\">\n\t\t\t\t\t\t\t\t\t<p>\u00a1Explora el mapa de les vacantes!<\/p>\t\t\t\t\t\t\t\t<\/div>\n\t\t\t\t<\/div>\n\t\t<div class=\"elementor-element elementor-element-9a40f2d e-flex e-con-boxed elementor-invisible e-con e-child\" data-id=\"9a40f2d\" data-element_type=\"container\" data-settings=\"{&quot;animation&quot;:&quot;fadeIn&quot;}\">\n\t\t\t\t\t<div class=\"e-con-inner\">\n\t\t\t\t<div class=\"elementor-element elementor-element-3a1c495 elementor-widget elementor-widget-html\" data-id=\"3a1c495\" data-element_type=\"widget\" data-widget_type=\"html.default\">\n\t\t\t\t<div class=\"elementor-widget-container\">\n\t\t\t\t\t<iframe title=\"ESP-D1\" width=\"100%\" height=\"700\" src=\"https:\/\/app.powerbi.com\/view?r=eyJrIjoiNzQ2NGUyNTAtZjQ0Ni00MTJjLWEyMzQtMWE0MzE3ZWE5NmFiIiwidCI6IjM1NGExOGYzLTI5OWQtNDRkMy1iMmFkLTg4NTkxYmUzMDQxNCIsImMiOjh9\" frameborder=\"0\" allowFullScreen=\"true\"><\/iframe>\t\t\t\t<\/div>\n\t\t\t\t<\/div>\n\t\t\t\t\t<\/div>\n\t\t\t\t<\/div>\n\t\t\t\t\t<\/div>\n\t\t\t\t<\/div>\n\t\t<div class=\"elementor-element elementor-element-df68456 e-flex e-con-boxed elementor-invisible e-con e-parent\" data-id=\"df68456\" data-element_type=\"container\" data-settings=\"{&quot;animation&quot;:&quot;fadeIn&quot;}\">\n\t\t\t\t\t<div class=\"e-con-inner\">\n\t\t\t\t<div class=\"elementor-element elementor-element-8ddaece elementor-widget elementor-widget-heading\" data-id=\"8ddaece\" data-element_type=\"widget\" data-widget_type=\"heading.default\">\n\t\t\t\t<div class=\"elementor-widget-container\">\n\t\t\t\t\t<h3 class=\"elementor-heading-title elementor-size-default\">\u00bfC\u00f3mo han sido los procesos de incorporaci\u00f3n de las MIPYMES?<\/h3>\t\t\t\t<\/div>\n\t\t\t\t<\/div>\n\t\t\t\t<div class=\"elementor-element elementor-element-5bc747e elementor-widget elementor-widget-text-editor\" data-id=\"5bc747e\" data-element_type=\"widget\" data-widget_type=\"text-editor.default\">\n\t\t\t\t<div class=\"elementor-widget-container\">\n\t\t\t\t\t\t\t\t\t<p><strong>\u00bfHasta qu\u00e9 punto es dif\u00edcil encontrar talento?<\/strong> M\u00e1s del 70% de las vacantes han requerido m\u00e1s de tres meses para cubrirlas. M\u00e1s del 50% han sido clasificadas por los empresarios como de dif\u00edcil cobertura.<\/p>\t\t\t\t\t\t\t\t<\/div>\n\t\t\t\t<\/div>\n\t\t<div class=\"elementor-element elementor-element-c107082 e-flex e-con-boxed elementor-invisible e-con e-child\" data-id=\"c107082\" data-element_type=\"container\" data-settings=\"{&quot;animation&quot;:&quot;fadeIn&quot;}\">\n\t\t\t\t\t<div class=\"e-con-inner\">\n\t\t\t\t<div class=\"elementor-element elementor-element-701c486 elementor-widget elementor-widget-html\" data-id=\"701c486\" data-element_type=\"widget\" data-widget_type=\"html.default\">\n\t\t\t\t<div class=\"elementor-widget-container\">\n\t\t\t\t\t<iframe title=\"ESP-D2\" width=\"100%\" height=\"700\" src=\"https:\/\/app.powerbi.com\/view?r=eyJrIjoiZjIxYzdkYzAtZGM5ZC00Yjg5LWJhYzQtNmRhOTJlNjdlMDUyIiwidCI6IjM1NGExOGYzLTI5OWQtNDRkMy1iMmFkLTg4NTkxYmUzMDQxNCIsImMiOjh9\" frameborder=\"0\" allowFullScreen=\"true\"><\/iframe>\t\t\t\t<\/div>\n\t\t\t\t<\/div>\n\t\t\t\t\t<\/div>\n\t\t\t\t<\/div>\n\t\t\t\t\t<\/div>\n\t\t\t\t<\/div>\n\t\t\t\t<\/div>\n\t\t","protected":false},"excerpt":{"rendered":"<p>La demanda de talento de las MIPYMES en Catalu\u00f1a \u00bfQuieres saber m\u00e1s sobre las vacantes ofrecidas por las MIPYMES encuestadas? A continuaci\u00f3n te presentamos informaci\u00f3n m\u00e1s detallada sobre estos procesos de incorporaci\u00f3n: \u00bfD\u00f3nde estan las vacantes ofrecidas por las MIPYMES? \u00a1Explora el mapa de les vacantes! \u00bfC\u00f3mo han sido los procesos de incorporaci\u00f3n de las [&hellip;]<\/p>\n","protected":false},"author":2,"featured_media":0,"parent":0,"menu_order":0,"comment_status":"closed","ping_status":"closed","template":"","meta":{"footnotes":""},"class_list":["post-4375","page","type-page","status-publish","hentry"],"yoast_head":"<!-- This site is optimized with the Yoast SEO plugin v25.4 - https:\/\/yoast.com\/wordpress\/plugins\/seo\/ -->\n<title>zoom-La demanda de talento de las MIPYMES en Catalu\u00f1a - Bar\u00f2metre de compet\u00e8ncies i ocupacions de Catalunya<\/title>\n<meta name=\"robots\" content=\"index, follow, max-snippet:-1, max-image-preview:large, max-video-preview:-1\" \/>\n<link rel=\"canonical\" href=\"https:\/\/www.barometreocupacions.cat\/es\/zoom-la-demanda-de-talento-de-las-mipymes-en-cataluna\/\" \/>\n<meta property=\"og:locale\" content=\"es_ES\" \/>\n<meta property=\"og:type\" content=\"article\" \/>\n<meta property=\"og:title\" content=\"zoom-La demanda de talento de las MIPYMES en Catalu\u00f1a - Bar\u00f2metre de compet\u00e8ncies i ocupacions de Catalunya\" \/>\n<meta property=\"og:description\" content=\"La demanda de talento de las MIPYMES en Catalu\u00f1a \u00bfQuieres saber m\u00e1s sobre las vacantes ofrecidas por las MIPYMES encuestadas? A continuaci\u00f3n te presentamos informaci\u00f3n m\u00e1s detallada sobre estos procesos de incorporaci\u00f3n: \u00bfD\u00f3nde estan las vacantes ofrecidas por las MIPYMES? \u00a1Explora el mapa de les vacantes! \u00bfC\u00f3mo han sido los procesos de incorporaci\u00f3n de las [&hellip;]\" \/>\n<meta property=\"og:url\" content=\"https:\/\/www.barometreocupacions.cat\/es\/zoom-la-demanda-de-talento-de-las-mipymes-en-cataluna\/\" \/>\n<meta property=\"og:site_name\" content=\"Bar\u00f2metre de compet\u00e8ncies i ocupacions de Catalunya\" \/>\n<meta property=\"article:modified_time\" content=\"2025-03-21T12:09:00+00:00\" \/>\n<meta name=\"twitter:card\" content=\"summary_large_image\" \/>\n<meta name=\"twitter:label1\" content=\"Tiempo de lectura\" \/>\n\t<meta name=\"twitter:data1\" content=\"1 minuto\" \/>\n<script type=\"application\/ld+json\" class=\"yoast-schema-graph\">{\"@context\":\"https:\/\/schema.org\",\"@graph\":[{\"@type\":\"WebPage\",\"@id\":\"https:\/\/www.barometreocupacions.cat\/es\/zoom-la-demanda-de-talento-de-las-mipymes-en-cataluna\/\",\"url\":\"https:\/\/www.barometreocupacions.cat\/es\/zoom-la-demanda-de-talento-de-las-mipymes-en-cataluna\/\",\"name\":\"zoom-La demanda de talento de las MIPYMES en Catalu\u00f1a - Bar\u00f2metre de compet\u00e8ncies i ocupacions de Catalunya\",\"isPartOf\":{\"@id\":\"https:\/\/www.barometreocupacions.cat\/es\/#website\"},\"datePublished\":\"2025-02-04T10:47:29+00:00\",\"dateModified\":\"2025-03-21T12:09:00+00:00\",\"breadcrumb\":{\"@id\":\"https:\/\/www.barometreocupacions.cat\/es\/zoom-la-demanda-de-talento-de-las-mipymes-en-cataluna\/#breadcrumb\"},\"inLanguage\":\"es\",\"potentialAction\":[{\"@type\":\"ReadAction\",\"target\":[\"https:\/\/www.barometreocupacions.cat\/es\/zoom-la-demanda-de-talento-de-las-mipymes-en-cataluna\/\"]}]},{\"@type\":\"BreadcrumbList\",\"@id\":\"https:\/\/www.barometreocupacions.cat\/es\/zoom-la-demanda-de-talento-de-las-mipymes-en-cataluna\/#breadcrumb\",\"itemListElement\":[{\"@type\":\"ListItem\",\"position\":1,\"name\":\"Inici\",\"item\":\"https:\/\/www.barometreocupacions.cat\/es\/\"},{\"@type\":\"ListItem\",\"position\":2,\"name\":\"zoom-La demanda de talento de las MIPYMES en Catalu\u00f1a\"}]},{\"@type\":\"WebSite\",\"@id\":\"https:\/\/www.barometreocupacions.cat\/es\/#website\",\"url\":\"https:\/\/www.barometreocupacions.cat\/es\/\",\"name\":\"Bar\u00f2metre de compet\u00e8ncies i ocupacions de Catalunya\",\"description\":\"\",\"publisher\":{\"@id\":\"https:\/\/www.barometreocupacions.cat\/es\/#organization\"},\"potentialAction\":[{\"@type\":\"SearchAction\",\"target\":{\"@type\":\"EntryPoint\",\"urlTemplate\":\"https:\/\/www.barometreocupacions.cat\/es\/?s={search_term_string}\"},\"query-input\":{\"@type\":\"PropertyValueSpecification\",\"valueRequired\":true,\"valueName\":\"search_term_string\"}}],\"inLanguage\":\"es\"},{\"@type\":\"Organization\",\"@id\":\"https:\/\/www.barometreocupacions.cat\/es\/#organization\",\"name\":\"Bar\u00f2metre de compet\u00e8ncies i ocupacions de Catalunya\",\"url\":\"https:\/\/www.barometreocupacions.cat\/es\/\",\"logo\":{\"@type\":\"ImageObject\",\"inLanguage\":\"es\",\"@id\":\"https:\/\/www.barometreocupacions.cat\/es\/#\/schema\/logo\/image\/\",\"url\":\"https:\/\/www.barometreocupacions.cat\/wp-content\/uploads\/2024\/02\/logo.png\",\"contentUrl\":\"https:\/\/www.barometreocupacions.cat\/wp-content\/uploads\/2024\/02\/logo.png\",\"width\":504,\"height\":435,\"caption\":\"Bar\u00f2metre de compet\u00e8ncies i ocupacions de Catalunya\"},\"image\":{\"@id\":\"https:\/\/www.barometreocupacions.cat\/es\/#\/schema\/logo\/image\/\"}}]}<\/script>\n<!-- \/ Yoast SEO plugin. -->","yoast_head_json":{"title":"zoom-La demanda de talento de las MIPYMES en Catalu\u00f1a - Bar\u00f2metre de compet\u00e8ncies i ocupacions de Catalunya","robots":{"index":"index","follow":"follow","max-snippet":"max-snippet:-1","max-image-preview":"max-image-preview:large","max-video-preview":"max-video-preview:-1"},"canonical":"https:\/\/www.barometreocupacions.cat\/es\/zoom-la-demanda-de-talento-de-las-mipymes-en-cataluna\/","og_locale":"es_ES","og_type":"article","og_title":"zoom-La demanda de talento de las MIPYMES en Catalu\u00f1a - Bar\u00f2metre de compet\u00e8ncies i ocupacions de Catalunya","og_description":"La demanda de talento de las MIPYMES en Catalu\u00f1a \u00bfQuieres saber m\u00e1s sobre las vacantes ofrecidas por las MIPYMES encuestadas? A continuaci\u00f3n te presentamos informaci\u00f3n m\u00e1s detallada sobre estos procesos de incorporaci\u00f3n: \u00bfD\u00f3nde estan las vacantes ofrecidas por las MIPYMES? \u00a1Explora el mapa de les vacantes! \u00bfC\u00f3mo han sido los procesos de incorporaci\u00f3n de las [&hellip;]","og_url":"https:\/\/www.barometreocupacions.cat\/es\/zoom-la-demanda-de-talento-de-las-mipymes-en-cataluna\/","og_site_name":"Bar\u00f2metre de compet\u00e8ncies i ocupacions de Catalunya","article_modified_time":"2025-03-21T12:09:00+00:00","twitter_card":"summary_large_image","twitter_misc":{"Tiempo de lectura":"1 minuto"},"schema":{"@context":"https:\/\/schema.org","@graph":[{"@type":"WebPage","@id":"https:\/\/www.barometreocupacions.cat\/es\/zoom-la-demanda-de-talento-de-las-mipymes-en-cataluna\/","url":"https:\/\/www.barometreocupacions.cat\/es\/zoom-la-demanda-de-talento-de-las-mipymes-en-cataluna\/","name":"zoom-La demanda de talento de las MIPYMES en Catalu\u00f1a - Bar\u00f2metre de compet\u00e8ncies i ocupacions de Catalunya","isPartOf":{"@id":"https:\/\/www.barometreocupacions.cat\/es\/#website"},"datePublished":"2025-02-04T10:47:29+00:00","dateModified":"2025-03-21T12:09:00+00:00","breadcrumb":{"@id":"https:\/\/www.barometreocupacions.cat\/es\/zoom-la-demanda-de-talento-de-las-mipymes-en-cataluna\/#breadcrumb"},"inLanguage":"es","potentialAction":[{"@type":"ReadAction","target":["https:\/\/www.barometreocupacions.cat\/es\/zoom-la-demanda-de-talento-de-las-mipymes-en-cataluna\/"]}]},{"@type":"BreadcrumbList","@id":"https:\/\/www.barometreocupacions.cat\/es\/zoom-la-demanda-de-talento-de-las-mipymes-en-cataluna\/#breadcrumb","itemListElement":[{"@type":"ListItem","position":1,"name":"Inici","item":"https:\/\/www.barometreocupacions.cat\/es\/"},{"@type":"ListItem","position":2,"name":"zoom-La demanda de talento de las MIPYMES en Catalu\u00f1a"}]},{"@type":"WebSite","@id":"https:\/\/www.barometreocupacions.cat\/es\/#website","url":"https:\/\/www.barometreocupacions.cat\/es\/","name":"Bar\u00f2metre de compet\u00e8ncies i ocupacions de Catalunya","description":"","publisher":{"@id":"https:\/\/www.barometreocupacions.cat\/es\/#organization"},"potentialAction":[{"@type":"SearchAction","target":{"@type":"EntryPoint","urlTemplate":"https:\/\/www.barometreocupacions.cat\/es\/?s={search_term_string}"},"query-input":{"@type":"PropertyValueSpecification","valueRequired":true,"valueName":"search_term_string"}}],"inLanguage":"es"},{"@type":"Organization","@id":"https:\/\/www.barometreocupacions.cat\/es\/#organization","name":"Bar\u00f2metre de compet\u00e8ncies i ocupacions de Catalunya","url":"https:\/\/www.barometreocupacions.cat\/es\/","logo":{"@type":"ImageObject","inLanguage":"es","@id":"https:\/\/www.barometreocupacions.cat\/es\/#\/schema\/logo\/image\/","url":"https:\/\/www.barometreocupacions.cat\/wp-content\/uploads\/2024\/02\/logo.png","contentUrl":"https:\/\/www.barometreocupacions.cat\/wp-content\/uploads\/2024\/02\/logo.png","width":504,"height":435,"caption":"Bar\u00f2metre de compet\u00e8ncies i ocupacions de Catalunya"},"image":{"@id":"https:\/\/www.barometreocupacions.cat\/es\/#\/schema\/logo\/image\/"}}]}},"_links":{"self":[{"href":"https:\/\/www.barometreocupacions.cat\/es\/wp-json\/wp\/v2\/pages\/4375","targetHints":{"allow":["GET"]}}],"collection":[{"href":"https:\/\/www.barometreocupacions.cat\/es\/wp-json\/wp\/v2\/pages"}],"about":[{"href":"https:\/\/www.barometreocupacions.cat\/es\/wp-json\/wp\/v2\/types\/page"}],"author":[{"embeddable":true,"href":"https:\/\/www.barometreocupacions.cat\/es\/wp-json\/wp\/v2\/users\/2"}],"replies":[{"embeddable":true,"href":"https:\/\/www.barometreocupacions.cat\/es\/wp-json\/wp\/v2\/comments?post=4375"}],"version-history":[{"count":30,"href":"https:\/\/www.barometreocupacions.cat\/es\/wp-json\/wp\/v2\/pages\/4375\/revisions"}],"predecessor-version":[{"id":5204,"href":"https:\/\/www.barometreocupacions.cat\/es\/wp-json\/wp\/v2\/pages\/4375\/revisions\/5204"}],"wp:attachment":[{"href":"https:\/\/www.barometreocupacions.cat\/es\/wp-json\/wp\/v2\/media?parent=4375"}],"curies":[{"name":"wp","href":"https:\/\/api.w.org\/{rel}","templated":true}]}}