{"id":4347,"date":"2025-02-04T12:03:17","date_gmt":"2025-02-04T10:03:17","guid":{"rendered":"https:\/\/www.barometreocupacions.cat\/?page_id=4347"},"modified":"2025-03-20T20:50:34","modified_gmt":"2025-03-20T18:50:34","slug":"zoom-metodologia-de-la-encuesta","status":"publish","type":"page","link":"https:\/\/www.barometreocupacions.cat\/es\/zoom-metodologia-de-la-encuesta\/","title":{"rendered":"zoom-Metodolog\u00eda de la encuesta"},"content":{"rendered":"\t\t<div data-elementor-type=\"wp-page\" data-elementor-id=\"4347\" class=\"elementor elementor-4347 elementor-4346\" data-elementor-post-type=\"page\">\n\t\t\t\t<div class=\"elementor-element elementor-element-e68e719 e-flex e-con-boxed elementor-invisible e-con e-parent\" data-id=\"e68e719\" data-element_type=\"container\" data-settings=\"{&quot;animation&quot;:&quot;fadeIn&quot;}\">\n\t\t\t\t\t<div class=\"e-con-inner\">\n\t\t\t\t<div class=\"elementor-element elementor-element-c4431e8 elementor-widget elementor-widget-heading\" data-id=\"c4431e8\" data-element_type=\"widget\" data-widget_type=\"heading.default\">\n\t\t\t\t<div class=\"elementor-widget-container\">\n\t\t\t\t\t<h1 class=\"elementor-heading-title elementor-size-default\">METODOLOG\u00cdA DE LA ENCUESTA<\/h1>\t\t\t\t<\/div>\n\t\t\t\t<\/div>\n\t\t\t\t<div class=\"elementor-element elementor-element-4ab99dc elementor-widget elementor-widget-heading\" data-id=\"4ab99dc\" data-element_type=\"widget\" data-widget_type=\"heading.default\">\n\t\t\t\t<div class=\"elementor-widget-container\">\n\t\t\t\t\t<h3 class=\"elementor-heading-title elementor-size-default\">\u00bfC\u00f3mo obtenemos datos comparables y relevantes para las MIPYMES?<\/h3>\t\t\t\t<\/div>\n\t\t\t\t<\/div>\n\t\t\t\t<div class=\"elementor-element elementor-element-92ba032 elementor-widget elementor-widget-text-editor\" data-id=\"92ba032\" data-element_type=\"widget\" data-widget_type=\"text-editor.default\">\n\t\t\t\t<div class=\"elementor-widget-container\">\n\t\t\t\t\t\t\t\t\t<p>El ZOOM PIMEC se basa en una metodolog\u00eda de recogida de datos primaria, a partir de las respuestas de 506 empresarios y directivos que nos explican, de primera mano, sus necesidades y retos en materia de talento y formaci\u00f3n.<\/p>\n\t\t\t\t\t\t\t\t<\/div>\n\t\t\t\t<\/div>\n\t\t<div class=\"elementor-element elementor-element-8a78aee e-flex e-con-boxed elementor-invisible e-con e-child\" data-id=\"8a78aee\" data-element_type=\"container\" data-settings=\"{&quot;animation&quot;:&quot;fadeIn&quot;}\">\n\t\t\t\t\t<div class=\"e-con-inner\">\n\t\t<div class=\"elementor-element elementor-element-9b4a40c e-con-full e-flex e-con e-child\" data-id=\"9b4a40c\" data-element_type=\"container\">\n\t\t\t\t<div class=\"elementor-element elementor-element-98e0a14 elementor-widget elementor-widget-image\" data-id=\"98e0a14\" data-element_type=\"widget\" data-widget_type=\"image.default\">\n\t\t\t\t<div class=\"elementor-widget-container\">\n\t\t\t\t\t\t\t\t\t\t\t\t\t\t\t<img fetchpriority=\"high\" decoding=\"async\" width=\"750\" height=\"750\" src=\"https:\/\/www.barometreocupacions.cat\/wp-content\/uploads\/2025\/02\/metodologia.jpg\" class=\"attachment-full size-full wp-image-4726\" alt=\"\" srcset=\"https:\/\/www.barometreocupacions.cat\/wp-content\/uploads\/2025\/02\/metodologia.jpg 750w, https:\/\/www.barometreocupacions.cat\/wp-content\/uploads\/2025\/02\/metodologia-300x300.jpg 300w, https:\/\/www.barometreocupacions.cat\/wp-content\/uploads\/2025\/02\/metodologia-150x150.jpg 150w\" sizes=\"(max-width: 750px) 100vw, 750px\" \/>\t\t\t\t\t\t\t\t\t\t\t\t\t\t\t<\/div>\n\t\t\t\t<\/div>\n\t\t\t\t<\/div>\n\t\t<div class=\"elementor-element elementor-element-9655602 e-con-full e-flex e-con e-child\" data-id=\"9655602\" data-element_type=\"container\">\n\t\t\t\t<div class=\"elementor-element elementor-element-d0eab1a elementor-widget elementor-widget-text-editor\" data-id=\"d0eab1a\" data-element_type=\"widget\" data-widget_type=\"text-editor.default\">\n\t\t\t\t<div class=\"elementor-widget-container\">\n\t\t\t\t\t\t\t\t\t<p>Entre <strong>marzo y octubre de 2024<\/strong>, hemos recogido datos a trav\u00e9s de:<\/p>\n<ul>\n<li><strong>Encuestas telef\u00f3nicas (CATI):<\/strong><\/li>\n<li>entrevistas personalizadas que permiten obtener informaci\u00f3n clave directamente de las empresas.<\/li>\n<li><strong>Cuestionarios en l\u00ednea (CAWI):<\/strong> una herramienta r\u00e1pida y accesible que ha permitido una amplia participaci\u00f3n de MIPYMES.<\/li>\n<\/ul>\n<p>Para poder ofrecer datos comparables a nivel internacional, hemos clasificado las competencias y los empleos como sigue:<\/p>\n<ul>\n<li><strong>ESCO (European Skills, Competences, Qualifications and Occupations):<\/strong> para identificar y categorizar las competencias clave.<\/li>\n<li><strong>ISCO (International Standard Classification of Occupations):<\/strong> para clasificar los empleos de forma estandarizada.<\/li>\n<\/ul>\n\t\t\t\t\t\t\t\t<\/div>\n\t\t\t\t<\/div>\n\t\t\t\t<\/div>\n\t\t\t\t\t<\/div>\n\t\t\t\t<\/div>\n\t\t\t\t\t<\/div>\n\t\t\t\t<\/div>\n\t\t<div class=\"elementor-element elementor-element-fdd7ea6 e-flex e-con-boxed elementor-invisible e-con e-parent\" data-id=\"fdd7ea6\" data-element_type=\"container\" data-settings=\"{&quot;animation&quot;:&quot;fadeIn&quot;}\">\n\t\t\t\t\t<div class=\"e-con-inner\">\n\t\t\t\t<div class=\"elementor-element elementor-element-6b754ab elementor-widget elementor-widget-heading\" data-id=\"6b754ab\" data-element_type=\"widget\" data-widget_type=\"heading.default\">\n\t\t\t\t<div class=\"elementor-widget-container\">\n\t\t\t\t\t<h3 class=\"elementor-heading-title elementor-size-default\">\u00bfQu\u00e9 aportamos?<\/h3>\t\t\t\t<\/div>\n\t\t\t\t<\/div>\n\t\t\t\t<div class=\"elementor-element elementor-element-babe416 elementor-widget elementor-widget-text-editor\" data-id=\"babe416\" data-element_type=\"widget\" data-widget_type=\"text-editor.default\">\n\t\t\t\t<div class=\"elementor-widget-container\">\n\t\t\t\t\t\t\t\t\t<ul>\n<li><strong>Datos rigurosos:<\/strong> una encuesta representativa del tejido de MIPYMES catal\u00e1n.<\/li>\n<li><strong>Datos armonizados y comparables:<\/strong> las taxonom\u00edas internacionales permiten establecer un marco com\u00fan que facilita el an\u00e1lisis comparativo.<\/li>\n<li><strong>Una visi\u00f3n \u00fanica del mercado laboral catal\u00e1n:<\/strong> perfiles y competencias espec\u00edficas de las MIPYMES, en un marco global.<\/li>\n<li><strong> Las dificultades reales para cubrir vacantes:<\/strong> \u00bfCu\u00e1les son las vacantes dif\u00edciles de cubrir y qu\u00e9 factores condicionan la captaci\u00f3n de talento?<\/li>\n<\/ul>\n\t\t\t\t\t\t\t\t<\/div>\n\t\t\t\t<\/div>\n\t\t\t\t\t<\/div>\n\t\t\t\t<\/div>\n\t\t<div class=\"elementor-element elementor-element-103dd29 e-flex e-con-boxed elementor-invisible e-con e-parent\" data-id=\"103dd29\" data-element_type=\"container\" data-settings=\"{&quot;animation&quot;:&quot;fadeIn&quot;}\">\n\t\t\t\t\t<div class=\"e-con-inner\">\n\t\t\t\t<div class=\"elementor-element elementor-element-aca0eb7 elementor-widget elementor-widget-text-editor\" data-id=\"aca0eb7\" data-element_type=\"widget\" data-widget_type=\"text-editor.default\">\n\t\t\t\t<div class=\"elementor-widget-container\">\n\t\t\t\t\t\t\t\t\t<p><strong>\u00bfQuieres participar? Accede a la encuesta<\/strong><\/p>\t\t\t\t\t\t\t\t<\/div>\n\t\t\t\t<\/div>\n\t\t\t\t<div class=\"elementor-element elementor-element-43922ab elementor-align-center elementor-widget elementor-widget-button\" data-id=\"43922ab\" data-element_type=\"widget\" data-widget_type=\"button.default\">\n\t\t\t\t<div class=\"elementor-widget-container\">\n\t\t\t\t\t\t\t\t\t<div class=\"elementor-button-wrapper\">\n\t\t\t\t\t<a class=\"elementor-button elementor-button-link elementor-size-sm\" href=\"https:\/\/enquestes.pimec.org\/\" target=\"_blank\">\n\t\t\t\t\t\t<span class=\"elementor-button-content-wrapper\">\n\t\t\t\t\t\t\t\t\t<span class=\"elementor-button-text\">Acceso a la encuesta <\/span>\n\t\t\t\t\t<\/span>\n\t\t\t\t\t<\/a>\n\t\t\t\t<\/div>\n\t\t\t\t\t\t\t\t<\/div>\n\t\t\t\t<\/div>\n\t\t\t\t\t<\/div>\n\t\t\t\t<\/div>\n\t\t\t\t<\/div>\n\t\t","protected":false},"excerpt":{"rendered":"<p>METODOLOG\u00cdA DE LA ENCUESTA \u00bfC\u00f3mo obtenemos datos comparables y relevantes para las MIPYMES? El ZOOM PIMEC se basa en una metodolog\u00eda de recogida de datos primaria, a partir de las respuestas de 506 empresarios y directivos que nos explican, de primera mano, sus necesidades y retos en materia de talento y formaci\u00f3n. Entre marzo y [&hellip;]<\/p>\n","protected":false},"author":2,"featured_media":0,"parent":0,"menu_order":0,"comment_status":"closed","ping_status":"closed","template":"","meta":{"footnotes":""},"class_list":["post-4347","page","type-page","status-publish","hentry"],"yoast_head":"<!-- This site is optimized with the Yoast SEO plugin v25.4 - https:\/\/yoast.com\/wordpress\/plugins\/seo\/ -->\n<title>zoom-Metodolog\u00eda de la encuesta - Bar\u00f2metre de compet\u00e8ncies i ocupacions de Catalunya<\/title>\n<meta name=\"robots\" content=\"index, follow, max-snippet:-1, max-image-preview:large, max-video-preview:-1\" \/>\n<link rel=\"canonical\" href=\"https:\/\/www.barometreocupacions.cat\/es\/zoom-metodologia-de-la-encuesta\/\" \/>\n<meta property=\"og:locale\" content=\"es_ES\" \/>\n<meta property=\"og:type\" content=\"article\" \/>\n<meta property=\"og:title\" content=\"zoom-Metodolog\u00eda de la encuesta - Bar\u00f2metre de compet\u00e8ncies i ocupacions de Catalunya\" \/>\n<meta property=\"og:description\" content=\"METODOLOG\u00cdA DE LA ENCUESTA \u00bfC\u00f3mo obtenemos datos comparables y relevantes para las MIPYMES? El ZOOM PIMEC se basa en una metodolog\u00eda de recogida de datos primaria, a partir de las respuestas de 506 empresarios y directivos que nos explican, de primera mano, sus necesidades y retos en materia de talento y formaci\u00f3n. Entre marzo y [&hellip;]\" \/>\n<meta property=\"og:url\" content=\"https:\/\/www.barometreocupacions.cat\/es\/zoom-metodologia-de-la-encuesta\/\" \/>\n<meta property=\"og:site_name\" content=\"Bar\u00f2metre de compet\u00e8ncies i ocupacions de Catalunya\" \/>\n<meta property=\"article:modified_time\" content=\"2025-03-20T18:50:34+00:00\" \/>\n<meta property=\"og:image\" content=\"https:\/\/www.barometreocupacions.cat\/wp-content\/uploads\/2025\/02\/metodologia.jpg\" \/>\n<meta name=\"twitter:card\" content=\"summary_large_image\" \/>\n<meta name=\"twitter:label1\" content=\"Tiempo de lectura\" \/>\n\t<meta name=\"twitter:data1\" content=\"4 minutos\" \/>\n<script type=\"application\/ld+json\" class=\"yoast-schema-graph\">{\"@context\":\"https:\/\/schema.org\",\"@graph\":[{\"@type\":\"WebPage\",\"@id\":\"https:\/\/www.barometreocupacions.cat\/es\/zoom-metodologia-de-la-encuesta\/\",\"url\":\"https:\/\/www.barometreocupacions.cat\/es\/zoom-metodologia-de-la-encuesta\/\",\"name\":\"zoom-Metodolog\u00eda de la encuesta - Bar\u00f2metre de compet\u00e8ncies i ocupacions de Catalunya\",\"isPartOf\":{\"@id\":\"https:\/\/www.barometreocupacions.cat\/es\/#website\"},\"primaryImageOfPage\":{\"@id\":\"https:\/\/www.barometreocupacions.cat\/es\/zoom-metodologia-de-la-encuesta\/#primaryimage\"},\"image\":{\"@id\":\"https:\/\/www.barometreocupacions.cat\/es\/zoom-metodologia-de-la-encuesta\/#primaryimage\"},\"thumbnailUrl\":\"https:\/\/www.barometreocupacions.cat\/wp-content\/uploads\/2025\/02\/metodologia.jpg\",\"datePublished\":\"2025-02-04T10:03:17+00:00\",\"dateModified\":\"2025-03-20T18:50:34+00:00\",\"breadcrumb\":{\"@id\":\"https:\/\/www.barometreocupacions.cat\/es\/zoom-metodologia-de-la-encuesta\/#breadcrumb\"},\"inLanguage\":\"es\",\"potentialAction\":[{\"@type\":\"ReadAction\",\"target\":[\"https:\/\/www.barometreocupacions.cat\/es\/zoom-metodologia-de-la-encuesta\/\"]}]},{\"@type\":\"ImageObject\",\"inLanguage\":\"es\",\"@id\":\"https:\/\/www.barometreocupacions.cat\/es\/zoom-metodologia-de-la-encuesta\/#primaryimage\",\"url\":\"https:\/\/www.barometreocupacions.cat\/wp-content\/uploads\/2025\/02\/metodologia.jpg\",\"contentUrl\":\"https:\/\/www.barometreocupacions.cat\/wp-content\/uploads\/2025\/02\/metodologia.jpg\"},{\"@type\":\"BreadcrumbList\",\"@id\":\"https:\/\/www.barometreocupacions.cat\/es\/zoom-metodologia-de-la-encuesta\/#breadcrumb\",\"itemListElement\":[{\"@type\":\"ListItem\",\"position\":1,\"name\":\"Inici\",\"item\":\"https:\/\/www.barometreocupacions.cat\/es\/\"},{\"@type\":\"ListItem\",\"position\":2,\"name\":\"zoom-Metodolog\u00eda de la encuesta\"}]},{\"@type\":\"WebSite\",\"@id\":\"https:\/\/www.barometreocupacions.cat\/es\/#website\",\"url\":\"https:\/\/www.barometreocupacions.cat\/es\/\",\"name\":\"Bar\u00f2metre de compet\u00e8ncies i ocupacions de Catalunya\",\"description\":\"\",\"publisher\":{\"@id\":\"https:\/\/www.barometreocupacions.cat\/es\/#organization\"},\"potentialAction\":[{\"@type\":\"SearchAction\",\"target\":{\"@type\":\"EntryPoint\",\"urlTemplate\":\"https:\/\/www.barometreocupacions.cat\/es\/?s={search_term_string}\"},\"query-input\":{\"@type\":\"PropertyValueSpecification\",\"valueRequired\":true,\"valueName\":\"search_term_string\"}}],\"inLanguage\":\"es\"},{\"@type\":\"Organization\",\"@id\":\"https:\/\/www.barometreocupacions.cat\/es\/#organization\",\"name\":\"Bar\u00f2metre de compet\u00e8ncies i ocupacions de Catalunya\",\"url\":\"https:\/\/www.barometreocupacions.cat\/es\/\",\"logo\":{\"@type\":\"ImageObject\",\"inLanguage\":\"es\",\"@id\":\"https:\/\/www.barometreocupacions.cat\/es\/#\/schema\/logo\/image\/\",\"url\":\"https:\/\/www.barometreocupacions.cat\/wp-content\/uploads\/2024\/02\/logo.png\",\"contentUrl\":\"https:\/\/www.barometreocupacions.cat\/wp-content\/uploads\/2024\/02\/logo.png\",\"width\":504,\"height\":435,\"caption\":\"Bar\u00f2metre de compet\u00e8ncies i ocupacions de Catalunya\"},\"image\":{\"@id\":\"https:\/\/www.barometreocupacions.cat\/es\/#\/schema\/logo\/image\/\"}}]}<\/script>\n<!-- \/ Yoast SEO plugin. -->","yoast_head_json":{"title":"zoom-Metodolog\u00eda de la encuesta - Bar\u00f2metre de compet\u00e8ncies i ocupacions de Catalunya","robots":{"index":"index","follow":"follow","max-snippet":"max-snippet:-1","max-image-preview":"max-image-preview:large","max-video-preview":"max-video-preview:-1"},"canonical":"https:\/\/www.barometreocupacions.cat\/es\/zoom-metodologia-de-la-encuesta\/","og_locale":"es_ES","og_type":"article","og_title":"zoom-Metodolog\u00eda de la encuesta - Bar\u00f2metre de compet\u00e8ncies i ocupacions de Catalunya","og_description":"METODOLOG\u00cdA DE LA ENCUESTA \u00bfC\u00f3mo obtenemos datos comparables y relevantes para las MIPYMES? El ZOOM PIMEC se basa en una metodolog\u00eda de recogida de datos primaria, a partir de las respuestas de 506 empresarios y directivos que nos explican, de primera mano, sus necesidades y retos en materia de talento y formaci\u00f3n. Entre marzo y [&hellip;]","og_url":"https:\/\/www.barometreocupacions.cat\/es\/zoom-metodologia-de-la-encuesta\/","og_site_name":"Bar\u00f2metre de compet\u00e8ncies i ocupacions de Catalunya","article_modified_time":"2025-03-20T18:50:34+00:00","og_image":[{"url":"https:\/\/www.barometreocupacions.cat\/wp-content\/uploads\/2025\/02\/metodologia.jpg","type":"","width":"","height":""}],"twitter_card":"summary_large_image","twitter_misc":{"Tiempo de lectura":"4 minutos"},"schema":{"@context":"https:\/\/schema.org","@graph":[{"@type":"WebPage","@id":"https:\/\/www.barometreocupacions.cat\/es\/zoom-metodologia-de-la-encuesta\/","url":"https:\/\/www.barometreocupacions.cat\/es\/zoom-metodologia-de-la-encuesta\/","name":"zoom-Metodolog\u00eda de la encuesta - Bar\u00f2metre de compet\u00e8ncies i ocupacions de Catalunya","isPartOf":{"@id":"https:\/\/www.barometreocupacions.cat\/es\/#website"},"primaryImageOfPage":{"@id":"https:\/\/www.barometreocupacions.cat\/es\/zoom-metodologia-de-la-encuesta\/#primaryimage"},"image":{"@id":"https:\/\/www.barometreocupacions.cat\/es\/zoom-metodologia-de-la-encuesta\/#primaryimage"},"thumbnailUrl":"https:\/\/www.barometreocupacions.cat\/wp-content\/uploads\/2025\/02\/metodologia.jpg","datePublished":"2025-02-04T10:03:17+00:00","dateModified":"2025-03-20T18:50:34+00:00","breadcrumb":{"@id":"https:\/\/www.barometreocupacions.cat\/es\/zoom-metodologia-de-la-encuesta\/#breadcrumb"},"inLanguage":"es","potentialAction":[{"@type":"ReadAction","target":["https:\/\/www.barometreocupacions.cat\/es\/zoom-metodologia-de-la-encuesta\/"]}]},{"@type":"ImageObject","inLanguage":"es","@id":"https:\/\/www.barometreocupacions.cat\/es\/zoom-metodologia-de-la-encuesta\/#primaryimage","url":"https:\/\/www.barometreocupacions.cat\/wp-content\/uploads\/2025\/02\/metodologia.jpg","contentUrl":"https:\/\/www.barometreocupacions.cat\/wp-content\/uploads\/2025\/02\/metodologia.jpg"},{"@type":"BreadcrumbList","@id":"https:\/\/www.barometreocupacions.cat\/es\/zoom-metodologia-de-la-encuesta\/#breadcrumb","itemListElement":[{"@type":"ListItem","position":1,"name":"Inici","item":"https:\/\/www.barometreocupacions.cat\/es\/"},{"@type":"ListItem","position":2,"name":"zoom-Metodolog\u00eda de la encuesta"}]},{"@type":"WebSite","@id":"https:\/\/www.barometreocupacions.cat\/es\/#website","url":"https:\/\/www.barometreocupacions.cat\/es\/","name":"Bar\u00f2metre de compet\u00e8ncies i ocupacions de Catalunya","description":"","publisher":{"@id":"https:\/\/www.barometreocupacions.cat\/es\/#organization"},"potentialAction":[{"@type":"SearchAction","target":{"@type":"EntryPoint","urlTemplate":"https:\/\/www.barometreocupacions.cat\/es\/?s={search_term_string}"},"query-input":{"@type":"PropertyValueSpecification","valueRequired":true,"valueName":"search_term_string"}}],"inLanguage":"es"},{"@type":"Organization","@id":"https:\/\/www.barometreocupacions.cat\/es\/#organization","name":"Bar\u00f2metre de compet\u00e8ncies i ocupacions de Catalunya","url":"https:\/\/www.barometreocupacions.cat\/es\/","logo":{"@type":"ImageObject","inLanguage":"es","@id":"https:\/\/www.barometreocupacions.cat\/es\/#\/schema\/logo\/image\/","url":"https:\/\/www.barometreocupacions.cat\/wp-content\/uploads\/2024\/02\/logo.png","contentUrl":"https:\/\/www.barometreocupacions.cat\/wp-content\/uploads\/2024\/02\/logo.png","width":504,"height":435,"caption":"Bar\u00f2metre de compet\u00e8ncies i ocupacions de Catalunya"},"image":{"@id":"https:\/\/www.barometreocupacions.cat\/es\/#\/schema\/logo\/image\/"}}]}},"_links":{"self":[{"href":"https:\/\/www.barometreocupacions.cat\/es\/wp-json\/wp\/v2\/pages\/4347","targetHints":{"allow":["GET"]}}],"collection":[{"href":"https:\/\/www.barometreocupacions.cat\/es\/wp-json\/wp\/v2\/pages"}],"about":[{"href":"https:\/\/www.barometreocupacions.cat\/es\/wp-json\/wp\/v2\/types\/page"}],"author":[{"embeddable":true,"href":"https:\/\/www.barometreocupacions.cat\/es\/wp-json\/wp\/v2\/users\/2"}],"replies":[{"embeddable":true,"href":"https:\/\/www.barometreocupacions.cat\/es\/wp-json\/wp\/v2\/comments?post=4347"}],"version-history":[{"count":9,"href":"https:\/\/www.barometreocupacions.cat\/es\/wp-json\/wp\/v2\/pages\/4347\/revisions"}],"predecessor-version":[{"id":5017,"href":"https:\/\/www.barometreocupacions.cat\/es\/wp-json\/wp\/v2\/pages\/4347\/revisions\/5017"}],"wp:attachment":[{"href":"https:\/\/www.barometreocupacions.cat\/es\/wp-json\/wp\/v2\/media?parent=4347"}],"curies":[{"name":"wp","href":"https:\/\/api.w.org\/{rel}","templated":true}]}}