{"id":3453,"date":"2024-10-01T13:12:58","date_gmt":"2024-10-01T11:12:58","guid":{"rendered":"https:\/\/www.barometreocupacions.cat\/?page_id=3453"},"modified":"2024-11-14T17:59:43","modified_gmt":"2024-11-14T15:59:43","slug":"ocupaciones-verdes-en-cataluna-demanda-por-sector-de-actividad","status":"publish","type":"page","link":"https:\/\/www.barometreocupacions.cat\/es\/ocupaciones-verdes-en-cataluna-demanda-por-sector-de-actividad\/","title":{"rendered":"OCUPACIONES VERDES EN CATALU\u00d1A &#8211; DEMANDA POR SECTOR DE ACTIVIDAD"},"content":{"rendered":"\t\t<div data-elementor-type=\"wp-page\" data-elementor-id=\"3453\" class=\"elementor elementor-3453 elementor-3452\" data-elementor-post-type=\"page\">\n\t\t\t\t<div class=\"elementor-element elementor-element-e68e719 e-flex e-con-boxed elementor-invisible e-con e-parent\" data-id=\"e68e719\" data-element_type=\"container\" data-settings=\"{&quot;animation&quot;:&quot;fadeIn&quot;}\">\n\t\t\t\t\t<div class=\"e-con-inner\">\n\t\t<div class=\"elementor-element elementor-element-4773a33 e-flex e-con-boxed elementor-invisible e-con e-child\" data-id=\"4773a33\" data-element_type=\"container\" data-settings=\"{&quot;animation&quot;:&quot;fadeIn&quot;}\">\n\t\t\t\t\t<div class=\"e-con-inner\">\n\t\t\t\t<div class=\"elementor-element elementor-element-d5ca779 elementor-widget elementor-widget-heading\" data-id=\"d5ca779\" data-element_type=\"widget\" data-widget_type=\"heading.default\">\n\t\t\t\t<div class=\"elementor-widget-container\">\n\t\t\t\t\t<h1 class=\"elementor-heading-title elementor-size-default\">OCUPACIONES VERDES: DEMANDA POR SECTOR DE ACTIVIDAD <\/h1>\t\t\t\t<\/div>\n\t\t\t\t<\/div>\n\t\t\t\t<div class=\"elementor-element elementor-element-2325861 elementor-widget elementor-widget-text-editor\" data-id=\"2325861\" data-element_type=\"widget\" data-widget_type=\"text-editor.default\">\n\t\t\t\t<div class=\"elementor-widget-container\">\n\t\t\t\t\t\t\t\t\t<p>\u00bfQu\u00e9 sectores de actividad est\u00e1n incorporando m\u00e1s profesionales \u201cverdes\u201d en sus procesos productivos? \u00bfSon los empleos verdes espec\u00edficos de los sectores de la energ\u00eda y de la consultor\u00eda energ\u00e9tica? <br \/><strong>\u00a1Invest\u00edgalo a continuaci\u00f3n!<\/strong><\/p>\n\t\t\t\t\t\t\t\t<\/div>\n\t\t\t\t<\/div>\n\t\t\t\t\t<\/div>\n\t\t\t\t<\/div>\n\t\t\t\t\t<\/div>\n\t\t\t\t<\/div>\n\t\t<div class=\"elementor-element elementor-element-64c881e e-flex e-con-boxed elementor-invisible e-con e-parent\" data-id=\"64c881e\" data-element_type=\"container\" data-settings=\"{&quot;animation&quot;:&quot;fadeIn&quot;}\">\n\t\t\t\t\t<div class=\"e-con-inner\">\n\t\t\t\t<div class=\"elementor-element elementor-element-50671c9 elementor-widget elementor-widget-html\" data-id=\"50671c9\" data-element_type=\"widget\" data-widget_type=\"html.default\">\n\t\t\t\t<div class=\"elementor-widget-container\">\n\t\t\t\t\t<iframe title=\"Informer PIMEC Ocupacions (Esp) - Cat Ocupacions verdes sector\" width=\"100%\" height=\"700\" src=\"https:\/\/app.powerbi.com\/view?r=eyJrIjoiNDRmNWUyZjEtMTcyMC00NGMxLTk5MTUtMGQxMDk4MTNiNTllIiwidCI6IjM1NGExOGYzLTI5OWQtNDRkMy1iMmFkLTg4NTkxYmUzMDQxNCIsImMiOjh9\" frameborder=\"0\" allowFullScreen=\"true\"><\/iframe>\t\t\t\t<\/div>\n\t\t\t\t<\/div>\n\t\t\t\t\t<\/div>\n\t\t\t\t<\/div>\n\t\t<div class=\"elementor-element elementor-element-f73bf11 e-flex e-con-boxed elementor-invisible e-con e-parent\" data-id=\"f73bf11\" data-element_type=\"container\" data-settings=\"{&quot;animation&quot;:&quot;fadeIn&quot;}\">\n\t\t\t\t\t<div class=\"e-con-inner\">\n\t\t<div class=\"elementor-element elementor-element-037d7b8 e-flex e-con-boxed elementor-invisible e-con e-child\" data-id=\"037d7b8\" data-element_type=\"container\" data-settings=\"{&quot;animation&quot;:&quot;fadeIn&quot;}\">\n\t\t\t\t\t<div class=\"e-con-inner\">\n\t\t\t\t<div class=\"elementor-element elementor-element-07e03e5 elementor-widget elementor-widget-heading\" data-id=\"07e03e5\" data-element_type=\"widget\" data-widget_type=\"heading.default\">\n\t\t\t\t<div class=\"elementor-widget-container\">\n\t\t\t\t\t<h3 class=\"elementor-heading-title elementor-size-default\">Y ADEM\u00c1S...<\/h3>\t\t\t\t<\/div>\n\t\t\t\t<\/div>\n\t\t<div class=\"elementor-element elementor-element-4af7304 e-flex e-con-boxed e-con e-child\" data-id=\"4af7304\" data-element_type=\"container\">\n\t\t\t\t\t<div class=\"e-con-inner\">\n\t\t<div class=\"elementor-element elementor-element-90db1c8 e-flex e-con-boxed e-con e-child\" data-id=\"90db1c8\" data-element_type=\"container\" data-settings=\"{&quot;background_background&quot;:&quot;classic&quot;}\">\n\t\t\t\t\t<div class=\"e-con-inner\">\n\t\t\t\t<div class=\"elementor-element elementor-element-ff80a19 elementor-position-left elementor-vertical-align-middle elementor-widget elementor-widget-image-box\" data-id=\"ff80a19\" data-element_type=\"widget\" data-widget_type=\"image-box.default\">\n\t\t\t\t<div class=\"elementor-widget-container\">\n\t\t\t\t\t<div class=\"elementor-image-box-wrapper\"><figure class=\"elementor-image-box-img\"><a href=\"https:\/\/www.barometreocupacions.cat\/es\/ocupaciones-verdes-en-cataluna-demanda-en-cataluna\/\" tabindex=\"-1\"><img fetchpriority=\"high\" decoding=\"async\" width=\"512\" height=\"512\" src=\"https:\/\/www.barometreocupacions.cat\/wp-content\/uploads\/2024\/10\/demanda-catalunya.png\" class=\"attachment-full size-full wp-image-3537\" alt=\"\" srcset=\"https:\/\/www.barometreocupacions.cat\/wp-content\/uploads\/2024\/10\/demanda-catalunya.png 512w, https:\/\/www.barometreocupacions.cat\/wp-content\/uploads\/2024\/10\/demanda-catalunya-300x300.png 300w, https:\/\/www.barometreocupacions.cat\/wp-content\/uploads\/2024\/10\/demanda-catalunya-150x150.png 150w\" sizes=\"(max-width: 512px) 100vw, 512px\" \/><\/a><\/figure><div class=\"elementor-image-box-content\"><h3 class=\"elementor-image-box-title\"><a href=\"https:\/\/www.barometreocupacions.cat\/es\/ocupaciones-verdes-en-cataluna-demanda-en-cataluna\/\">Demanda en Catalu\u00f1a<\/a><\/h3><\/div><\/div>\t\t\t\t<\/div>\n\t\t\t\t<\/div>\n\t\t\t\t\t<\/div>\n\t\t\t\t<\/div>\n\t\t<div class=\"elementor-element elementor-element-28cebc4 e-flex e-con-boxed e-con e-child\" data-id=\"28cebc4\" data-element_type=\"container\" data-settings=\"{&quot;background_background&quot;:&quot;classic&quot;}\">\n\t\t\t\t\t<div class=\"e-con-inner\">\n\t\t\t\t<div class=\"elementor-element elementor-element-1a168c3 elementor-position-left elementor-vertical-align-middle elementor-widget elementor-widget-image-box\" data-id=\"1a168c3\" data-element_type=\"widget\" data-widget_type=\"image-box.default\">\n\t\t\t\t<div class=\"elementor-widget-container\">\n\t\t\t\t\t<div class=\"elementor-image-box-wrapper\"><figure class=\"elementor-image-box-img\"><a href=\"https:\/\/www.barometreocupacions.cat\/es\/ocupaciones-verdes-en-cataluna-evolucion-de-la-demanda\/\" tabindex=\"-1\"><img decoding=\"async\" width=\"512\" height=\"512\" src=\"https:\/\/www.barometreocupacions.cat\/wp-content\/uploads\/2024\/10\/evolucion.png\" class=\"attachment-full size-full wp-image-3539\" alt=\"\" srcset=\"https:\/\/www.barometreocupacions.cat\/wp-content\/uploads\/2024\/10\/evolucion.png 512w, https:\/\/www.barometreocupacions.cat\/wp-content\/uploads\/2024\/10\/evolucion-300x300.png 300w, https:\/\/www.barometreocupacions.cat\/wp-content\/uploads\/2024\/10\/evolucion-150x150.png 150w\" sizes=\"(max-width: 512px) 100vw, 512px\" \/><\/a><\/figure><div class=\"elementor-image-box-content\"><h3 class=\"elementor-image-box-title\"><a href=\"https:\/\/www.barometreocupacions.cat\/es\/ocupaciones-verdes-en-cataluna-evolucion-de-la-demanda\/\">Evoluci\u00f3n de la demanda<\/a><\/h3><\/div><\/div>\t\t\t\t<\/div>\n\t\t\t\t<\/div>\n\t\t\t\t\t<\/div>\n\t\t\t\t<\/div>\n\t\t\t\t\t<\/div>\n\t\t\t\t<\/div>\n\t\t<div class=\"elementor-element elementor-element-d544d14 e-flex e-con-boxed e-con e-child\" data-id=\"d544d14\" data-element_type=\"container\">\n\t\t\t\t\t<div class=\"e-con-inner\">\n\t\t<div class=\"elementor-element elementor-element-1d7fdff e-flex e-con-boxed e-con e-child\" data-id=\"1d7fdff\" data-element_type=\"container\" data-settings=\"{&quot;background_background&quot;:&quot;classic&quot;}\">\n\t\t\t\t\t<div class=\"e-con-inner\">\n\t\t\t\t<div class=\"elementor-element elementor-element-a051720 elementor-position-left elementor-vertical-align-middle elementor-widget elementor-widget-image-box\" data-id=\"a051720\" data-element_type=\"widget\" data-widget_type=\"image-box.default\">\n\t\t\t\t<div class=\"elementor-widget-container\">\n\t\t\t\t\t<div class=\"elementor-image-box-wrapper\"><figure class=\"elementor-image-box-img\"><a href=\"https:\/\/www.barometreocupacions.cat\/es\/ocupaciones-verdes-en-cataluna-demanda-por-provincia\/\" tabindex=\"-1\"><img decoding=\"async\" width=\"109\" height=\"109\" src=\"https:\/\/www.barometreocupacions.cat\/wp-content\/uploads\/2024\/02\/mapa_cat.png\" class=\"attachment-full size-full wp-image-776\" alt=\"\" \/><\/a><\/figure><div class=\"elementor-image-box-content\"><h3 class=\"elementor-image-box-title\"><a href=\"https:\/\/www.barometreocupacions.cat\/es\/ocupaciones-verdes-en-cataluna-demanda-por-provincia\/\">Demanda por provincia<\/a><\/h3><\/div><\/div>\t\t\t\t<\/div>\n\t\t\t\t<\/div>\n\t\t\t\t\t<\/div>\n\t\t\t\t<\/div>\n\t\t<div class=\"elementor-element elementor-element-7fe606c e-flex e-con-boxed e-con e-child\" data-id=\"7fe606c\" data-element_type=\"container\" data-settings=\"{&quot;background_background&quot;:&quot;classic&quot;}\">\n\t\t\t\t\t<div class=\"e-con-inner\">\n\t\t\t\t<div class=\"elementor-element elementor-element-d7ad216 elementor-position-left elementor-vertical-align-middle elementor-widget elementor-widget-image-box\" data-id=\"d7ad216\" data-element_type=\"widget\" data-widget_type=\"image-box.default\">\n\t\t\t\t<div class=\"elementor-widget-container\">\n\t\t\t\t\t<div class=\"elementor-image-box-wrapper\"><figure class=\"elementor-image-box-img\"><a href=\"https:\/\/www.barometreocupacions.cat\/es\/ocupaciones-verdes-en-catalunya-ubicuidad-intersectorial\/\" tabindex=\"-1\"><img loading=\"lazy\" decoding=\"async\" width=\"512\" height=\"512\" src=\"https:\/\/www.barometreocupacions.cat\/wp-content\/uploads\/2024\/10\/ubicuidad.png\" class=\"attachment-full size-full wp-image-3546\" alt=\"\" srcset=\"https:\/\/www.barometreocupacions.cat\/wp-content\/uploads\/2024\/10\/ubicuidad.png 512w, https:\/\/www.barometreocupacions.cat\/wp-content\/uploads\/2024\/10\/ubicuidad-300x300.png 300w, https:\/\/www.barometreocupacions.cat\/wp-content\/uploads\/2024\/10\/ubicuidad-150x150.png 150w\" sizes=\"(max-width: 512px) 100vw, 512px\" \/><\/a><\/figure><div class=\"elementor-image-box-content\"><h3 class=\"elementor-image-box-title\"><a href=\"https:\/\/www.barometreocupacions.cat\/es\/ocupaciones-verdes-en-catalunya-ubicuidad-intersectorial\/\">Ubicuidad intersectorial<\/a><\/h3><\/div><\/div>\t\t\t\t<\/div>\n\t\t\t\t<\/div>\n\t\t\t\t\t<\/div>\n\t\t\t\t<\/div>\n\t\t\t\t\t<\/div>\n\t\t\t\t<\/div>\n\t\t\t\t\t<\/div>\n\t\t\t\t<\/div>\n\t\t\t\t\t<\/div>\n\t\t\t\t<\/div>\n\t\t\t\t<\/div>\n\t\t","protected":false},"excerpt":{"rendered":"<p>OCUPACIONES VERDES: DEMANDA POR SECTOR DE ACTIVIDAD \u00bfQu\u00e9 sectores de actividad est\u00e1n incorporando m\u00e1s profesionales \u201cverdes\u201d en sus procesos productivos? \u00bfSon los empleos verdes espec\u00edficos de los sectores de la energ\u00eda y de la consultor\u00eda energ\u00e9tica? \u00a1Invest\u00edgalo a continuaci\u00f3n! Y ADEM\u00c1S&#8230; Demanda en Catalu\u00f1a Evoluci\u00f3n de la demanda Demanda por provincia Ubicuidad intersectorial<\/p>\n","protected":false},"author":2,"featured_media":0,"parent":0,"menu_order":0,"comment_status":"closed","ping_status":"closed","template":"","meta":{"footnotes":""},"class_list":["post-3453","page","type-page","status-publish","hentry"],"yoast_head":"<!-- This site is optimized with the Yoast SEO plugin v25.4 - https:\/\/yoast.com\/wordpress\/plugins\/seo\/ -->\n<title>OCUPACIONES VERDES EN CATALU\u00d1A - DEMANDA POR SECTOR DE ACTIVIDAD - Bar\u00f2metre de compet\u00e8ncies i ocupacions de Catalunya<\/title>\n<meta name=\"robots\" content=\"index, follow, max-snippet:-1, max-image-preview:large, max-video-preview:-1\" \/>\n<link rel=\"canonical\" href=\"https:\/\/www.barometreocupacions.cat\/es\/ocupaciones-verdes-en-cataluna-demanda-por-sector-de-actividad\/\" \/>\n<meta property=\"og:locale\" content=\"es_ES\" \/>\n<meta property=\"og:type\" content=\"article\" \/>\n<meta property=\"og:title\" content=\"OCUPACIONES VERDES EN CATALU\u00d1A - DEMANDA POR SECTOR DE ACTIVIDAD - Bar\u00f2metre de compet\u00e8ncies i ocupacions de Catalunya\" \/>\n<meta property=\"og:description\" content=\"OCUPACIONES VERDES: DEMANDA POR SECTOR DE ACTIVIDAD \u00bfQu\u00e9 sectores de actividad est\u00e1n incorporando m\u00e1s profesionales \u201cverdes\u201d en sus procesos productivos? \u00bfSon los empleos verdes espec\u00edficos de los sectores de la energ\u00eda y de la consultor\u00eda energ\u00e9tica? \u00a1Invest\u00edgalo a continuaci\u00f3n! Y ADEM\u00c1S&#8230; Demanda en Catalu\u00f1a Evoluci\u00f3n de la demanda Demanda por provincia Ubicuidad intersectorial\" \/>\n<meta property=\"og:url\" content=\"https:\/\/www.barometreocupacions.cat\/es\/ocupaciones-verdes-en-cataluna-demanda-por-sector-de-actividad\/\" \/>\n<meta property=\"og:site_name\" content=\"Bar\u00f2metre de compet\u00e8ncies i ocupacions de Catalunya\" \/>\n<meta property=\"article:modified_time\" content=\"2024-11-14T15:59:43+00:00\" \/>\n<meta property=\"og:image\" content=\"https:\/\/www.barometreocupacions.cat\/wp-content\/uploads\/2024\/10\/demanda-catalunya.png\" \/>\n<meta name=\"twitter:card\" content=\"summary_large_image\" \/>\n<meta name=\"twitter:label1\" content=\"Tiempo de lectura\" \/>\n\t<meta name=\"twitter:data1\" content=\"2 minutos\" \/>\n<script type=\"application\/ld+json\" class=\"yoast-schema-graph\">{\"@context\":\"https:\/\/schema.org\",\"@graph\":[{\"@type\":\"WebPage\",\"@id\":\"https:\/\/www.barometreocupacions.cat\/es\/ocupaciones-verdes-en-cataluna-demanda-por-sector-de-actividad\/\",\"url\":\"https:\/\/www.barometreocupacions.cat\/es\/ocupaciones-verdes-en-cataluna-demanda-por-sector-de-actividad\/\",\"name\":\"OCUPACIONES VERDES EN CATALU\u00d1A - DEMANDA POR SECTOR DE ACTIVIDAD - Bar\u00f2metre de compet\u00e8ncies i ocupacions de Catalunya\",\"isPartOf\":{\"@id\":\"https:\/\/www.barometreocupacions.cat\/es\/#website\"},\"primaryImageOfPage\":{\"@id\":\"https:\/\/www.barometreocupacions.cat\/es\/ocupaciones-verdes-en-cataluna-demanda-por-sector-de-actividad\/#primaryimage\"},\"image\":{\"@id\":\"https:\/\/www.barometreocupacions.cat\/es\/ocupaciones-verdes-en-cataluna-demanda-por-sector-de-actividad\/#primaryimage\"},\"thumbnailUrl\":\"https:\/\/www.barometreocupacions.cat\/wp-content\/uploads\/2024\/10\/demanda-catalunya.png\",\"datePublished\":\"2024-10-01T11:12:58+00:00\",\"dateModified\":\"2024-11-14T15:59:43+00:00\",\"breadcrumb\":{\"@id\":\"https:\/\/www.barometreocupacions.cat\/es\/ocupaciones-verdes-en-cataluna-demanda-por-sector-de-actividad\/#breadcrumb\"},\"inLanguage\":\"es\",\"potentialAction\":[{\"@type\":\"ReadAction\",\"target\":[\"https:\/\/www.barometreocupacions.cat\/es\/ocupaciones-verdes-en-cataluna-demanda-por-sector-de-actividad\/\"]}]},{\"@type\":\"ImageObject\",\"inLanguage\":\"es\",\"@id\":\"https:\/\/www.barometreocupacions.cat\/es\/ocupaciones-verdes-en-cataluna-demanda-por-sector-de-actividad\/#primaryimage\",\"url\":\"https:\/\/www.barometreocupacions.cat\/wp-content\/uploads\/2024\/10\/demanda-catalunya.png\",\"contentUrl\":\"https:\/\/www.barometreocupacions.cat\/wp-content\/uploads\/2024\/10\/demanda-catalunya.png\"},{\"@type\":\"BreadcrumbList\",\"@id\":\"https:\/\/www.barometreocupacions.cat\/es\/ocupaciones-verdes-en-cataluna-demanda-por-sector-de-actividad\/#breadcrumb\",\"itemListElement\":[{\"@type\":\"ListItem\",\"position\":1,\"name\":\"Inici\",\"item\":\"https:\/\/www.barometreocupacions.cat\/es\/\"},{\"@type\":\"ListItem\",\"position\":2,\"name\":\"OCUPACIONES VERDES EN CATALU\u00d1A &#8211; DEMANDA POR SECTOR DE ACTIVIDAD\"}]},{\"@type\":\"WebSite\",\"@id\":\"https:\/\/www.barometreocupacions.cat\/es\/#website\",\"url\":\"https:\/\/www.barometreocupacions.cat\/es\/\",\"name\":\"Bar\u00f2metre de compet\u00e8ncies i ocupacions de Catalunya\",\"description\":\"\",\"publisher\":{\"@id\":\"https:\/\/www.barometreocupacions.cat\/es\/#organization\"},\"potentialAction\":[{\"@type\":\"SearchAction\",\"target\":{\"@type\":\"EntryPoint\",\"urlTemplate\":\"https:\/\/www.barometreocupacions.cat\/es\/?s={search_term_string}\"},\"query-input\":{\"@type\":\"PropertyValueSpecification\",\"valueRequired\":true,\"valueName\":\"search_term_string\"}}],\"inLanguage\":\"es\"},{\"@type\":\"Organization\",\"@id\":\"https:\/\/www.barometreocupacions.cat\/es\/#organization\",\"name\":\"Bar\u00f2metre de compet\u00e8ncies i ocupacions de Catalunya\",\"url\":\"https:\/\/www.barometreocupacions.cat\/es\/\",\"logo\":{\"@type\":\"ImageObject\",\"inLanguage\":\"es\",\"@id\":\"https:\/\/www.barometreocupacions.cat\/es\/#\/schema\/logo\/image\/\",\"url\":\"https:\/\/www.barometreocupacions.cat\/wp-content\/uploads\/2024\/02\/logo.png\",\"contentUrl\":\"https:\/\/www.barometreocupacions.cat\/wp-content\/uploads\/2024\/02\/logo.png\",\"width\":504,\"height\":435,\"caption\":\"Bar\u00f2metre de compet\u00e8ncies i ocupacions de Catalunya\"},\"image\":{\"@id\":\"https:\/\/www.barometreocupacions.cat\/es\/#\/schema\/logo\/image\/\"}}]}<\/script>\n<!-- \/ Yoast SEO plugin. -->","yoast_head_json":{"title":"OCUPACIONES VERDES EN CATALU\u00d1A - DEMANDA POR SECTOR DE ACTIVIDAD - Bar\u00f2metre de compet\u00e8ncies i ocupacions de Catalunya","robots":{"index":"index","follow":"follow","max-snippet":"max-snippet:-1","max-image-preview":"max-image-preview:large","max-video-preview":"max-video-preview:-1"},"canonical":"https:\/\/www.barometreocupacions.cat\/es\/ocupaciones-verdes-en-cataluna-demanda-por-sector-de-actividad\/","og_locale":"es_ES","og_type":"article","og_title":"OCUPACIONES VERDES EN CATALU\u00d1A - DEMANDA POR SECTOR DE ACTIVIDAD - Bar\u00f2metre de compet\u00e8ncies i ocupacions de Catalunya","og_description":"OCUPACIONES VERDES: DEMANDA POR SECTOR DE ACTIVIDAD \u00bfQu\u00e9 sectores de actividad est\u00e1n incorporando m\u00e1s profesionales \u201cverdes\u201d en sus procesos productivos? \u00bfSon los empleos verdes espec\u00edficos de los sectores de la energ\u00eda y de la consultor\u00eda energ\u00e9tica? \u00a1Invest\u00edgalo a continuaci\u00f3n! Y ADEM\u00c1S&#8230; Demanda en Catalu\u00f1a Evoluci\u00f3n de la demanda Demanda por provincia Ubicuidad intersectorial","og_url":"https:\/\/www.barometreocupacions.cat\/es\/ocupaciones-verdes-en-cataluna-demanda-por-sector-de-actividad\/","og_site_name":"Bar\u00f2metre de compet\u00e8ncies i ocupacions de Catalunya","article_modified_time":"2024-11-14T15:59:43+00:00","og_image":[{"url":"https:\/\/www.barometreocupacions.cat\/wp-content\/uploads\/2024\/10\/demanda-catalunya.png","type":"","width":"","height":""}],"twitter_card":"summary_large_image","twitter_misc":{"Tiempo de lectura":"2 minutos"},"schema":{"@context":"https:\/\/schema.org","@graph":[{"@type":"WebPage","@id":"https:\/\/www.barometreocupacions.cat\/es\/ocupaciones-verdes-en-cataluna-demanda-por-sector-de-actividad\/","url":"https:\/\/www.barometreocupacions.cat\/es\/ocupaciones-verdes-en-cataluna-demanda-por-sector-de-actividad\/","name":"OCUPACIONES VERDES EN CATALU\u00d1A - DEMANDA POR SECTOR DE ACTIVIDAD - Bar\u00f2metre de compet\u00e8ncies i ocupacions de Catalunya","isPartOf":{"@id":"https:\/\/www.barometreocupacions.cat\/es\/#website"},"primaryImageOfPage":{"@id":"https:\/\/www.barometreocupacions.cat\/es\/ocupaciones-verdes-en-cataluna-demanda-por-sector-de-actividad\/#primaryimage"},"image":{"@id":"https:\/\/www.barometreocupacions.cat\/es\/ocupaciones-verdes-en-cataluna-demanda-por-sector-de-actividad\/#primaryimage"},"thumbnailUrl":"https:\/\/www.barometreocupacions.cat\/wp-content\/uploads\/2024\/10\/demanda-catalunya.png","datePublished":"2024-10-01T11:12:58+00:00","dateModified":"2024-11-14T15:59:43+00:00","breadcrumb":{"@id":"https:\/\/www.barometreocupacions.cat\/es\/ocupaciones-verdes-en-cataluna-demanda-por-sector-de-actividad\/#breadcrumb"},"inLanguage":"es","potentialAction":[{"@type":"ReadAction","target":["https:\/\/www.barometreocupacions.cat\/es\/ocupaciones-verdes-en-cataluna-demanda-por-sector-de-actividad\/"]}]},{"@type":"ImageObject","inLanguage":"es","@id":"https:\/\/www.barometreocupacions.cat\/es\/ocupaciones-verdes-en-cataluna-demanda-por-sector-de-actividad\/#primaryimage","url":"https:\/\/www.barometreocupacions.cat\/wp-content\/uploads\/2024\/10\/demanda-catalunya.png","contentUrl":"https:\/\/www.barometreocupacions.cat\/wp-content\/uploads\/2024\/10\/demanda-catalunya.png"},{"@type":"BreadcrumbList","@id":"https:\/\/www.barometreocupacions.cat\/es\/ocupaciones-verdes-en-cataluna-demanda-por-sector-de-actividad\/#breadcrumb","itemListElement":[{"@type":"ListItem","position":1,"name":"Inici","item":"https:\/\/www.barometreocupacions.cat\/es\/"},{"@type":"ListItem","position":2,"name":"OCUPACIONES VERDES EN CATALU\u00d1A &#8211; DEMANDA POR SECTOR DE ACTIVIDAD"}]},{"@type":"WebSite","@id":"https:\/\/www.barometreocupacions.cat\/es\/#website","url":"https:\/\/www.barometreocupacions.cat\/es\/","name":"Bar\u00f2metre de compet\u00e8ncies i ocupacions de Catalunya","description":"","publisher":{"@id":"https:\/\/www.barometreocupacions.cat\/es\/#organization"},"potentialAction":[{"@type":"SearchAction","target":{"@type":"EntryPoint","urlTemplate":"https:\/\/www.barometreocupacions.cat\/es\/?s={search_term_string}"},"query-input":{"@type":"PropertyValueSpecification","valueRequired":true,"valueName":"search_term_string"}}],"inLanguage":"es"},{"@type":"Organization","@id":"https:\/\/www.barometreocupacions.cat\/es\/#organization","name":"Bar\u00f2metre de compet\u00e8ncies i ocupacions de Catalunya","url":"https:\/\/www.barometreocupacions.cat\/es\/","logo":{"@type":"ImageObject","inLanguage":"es","@id":"https:\/\/www.barometreocupacions.cat\/es\/#\/schema\/logo\/image\/","url":"https:\/\/www.barometreocupacions.cat\/wp-content\/uploads\/2024\/02\/logo.png","contentUrl":"https:\/\/www.barometreocupacions.cat\/wp-content\/uploads\/2024\/02\/logo.png","width":504,"height":435,"caption":"Bar\u00f2metre de compet\u00e8ncies i ocupacions de Catalunya"},"image":{"@id":"https:\/\/www.barometreocupacions.cat\/es\/#\/schema\/logo\/image\/"}}]}},"_links":{"self":[{"href":"https:\/\/www.barometreocupacions.cat\/es\/wp-json\/wp\/v2\/pages\/3453","targetHints":{"allow":["GET"]}}],"collection":[{"href":"https:\/\/www.barometreocupacions.cat\/es\/wp-json\/wp\/v2\/pages"}],"about":[{"href":"https:\/\/www.barometreocupacions.cat\/es\/wp-json\/wp\/v2\/types\/page"}],"author":[{"embeddable":true,"href":"https:\/\/www.barometreocupacions.cat\/es\/wp-json\/wp\/v2\/users\/2"}],"replies":[{"embeddable":true,"href":"https:\/\/www.barometreocupacions.cat\/es\/wp-json\/wp\/v2\/comments?post=3453"}],"version-history":[{"count":12,"href":"https:\/\/www.barometreocupacions.cat\/es\/wp-json\/wp\/v2\/pages\/3453\/revisions"}],"predecessor-version":[{"id":4231,"href":"https:\/\/www.barometreocupacions.cat\/es\/wp-json\/wp\/v2\/pages\/3453\/revisions\/4231"}],"wp:attachment":[{"href":"https:\/\/www.barometreocupacions.cat\/es\/wp-json\/wp\/v2\/media?parent=3453"}],"curies":[{"name":"wp","href":"https:\/\/api.w.org\/{rel}","templated":true}]}}