{"id":1838,"date":"2024-03-08T11:56:07","date_gmt":"2024-03-08T09:56:07","guid":{"rendered":"https:\/\/www.barometreocupacions.cat\/ranking-ampliat-de-competencies-toves\/"},"modified":"2024-04-18T09:53:23","modified_gmt":"2024-04-18T07:53:23","slug":"ranking-ampliado-de-competencias-blandas","status":"publish","type":"page","link":"https:\/\/www.barometreocupacions.cat\/es\/ranking-ampliado-de-competencias-blandas\/","title":{"rendered":"Ranking ampliado de competencias blandas"},"content":{"rendered":"\t\t<div data-elementor-type=\"wp-page\" data-elementor-id=\"1838\" class=\"elementor elementor-1838 elementor-1441\" data-elementor-post-type=\"page\">\n\t\t\t\t<div class=\"elementor-element elementor-element-e68e719 e-flex e-con-boxed elementor-invisible e-con e-parent\" data-id=\"e68e719\" data-element_type=\"container\" data-settings=\"{&quot;animation&quot;:&quot;fadeIn&quot;}\">\n\t\t\t\t\t<div class=\"e-con-inner\">\n\t\t\t\t<div class=\"elementor-element elementor-element-c4431e8 elementor-widget elementor-widget-heading\" data-id=\"c4431e8\" data-element_type=\"widget\" data-widget_type=\"heading.default\">\n\t\t\t\t<div class=\"elementor-widget-container\">\n\t\t\t\t\t<h1 class=\"elementor-heading-title elementor-size-default\">RANKING AMPLIADO DE COMPETENCIAS BLANDAS<\/h1>\t\t\t\t<\/div>\n\t\t\t\t<\/div>\n\t\t\t\t\t<\/div>\n\t\t\t\t<\/div>\n\t\t<div class=\"elementor-element elementor-element-64c881e e-flex e-con-boxed elementor-invisible e-con e-parent\" data-id=\"64c881e\" data-element_type=\"container\" data-settings=\"{&quot;animation&quot;:&quot;fadeIn&quot;}\">\n\t\t\t\t\t<div class=\"e-con-inner\">\n\t\t\t\t<div class=\"elementor-element elementor-element-50671c9 elementor-widget elementor-widget-html\" data-id=\"50671c9\" data-element_type=\"widget\" data-widget_type=\"html.default\">\n\t\t\t\t<div class=\"elementor-widget-container\">\n\t\t\t\t\t<iframe title=\"Informe PIMEC ESP - General\" width=\"100%\" height=\"700\" src=\"https:\/\/app.powerbi.com\/view?r=eyJrIjoiYmJlMzBlNTgtZDdkMC00NTA2LWEyYWMtYmUzMjYyZGJmMTJmIiwidCI6IjM1NGExOGYzLTI5OWQtNDRkMy1iMmFkLTg4NTkxYmUzMDQxNCIsImMiOjh9\" frameborder=\"0\" allowFullScreen=\"true\"><\/iframe>\t\t\t\t<\/div>\n\t\t\t\t<\/div>\n\t\t\t\t\t<\/div>\n\t\t\t\t<\/div>\n\t\t<div class=\"elementor-element elementor-element-f73bf11 e-flex e-con-boxed elementor-invisible e-con e-parent\" data-id=\"f73bf11\" data-element_type=\"container\" data-settings=\"{&quot;animation&quot;:&quot;fadeIn&quot;}\">\n\t\t\t\t\t<div class=\"e-con-inner\">\n\t\t<div class=\"elementor-element elementor-element-e76a5a1 e-flex e-con-boxed elementor-invisible e-con e-child\" data-id=\"e76a5a1\" data-element_type=\"container\" data-settings=\"{&quot;animation&quot;:&quot;fadeIn&quot;}\">\n\t\t\t\t\t<div class=\"e-con-inner\">\n\t\t<div class=\"elementor-element elementor-element-97c1e8f e-con-full e-flex e-con e-child\" data-id=\"97c1e8f\" data-element_type=\"container\">\n\t\t<div class=\"elementor-element elementor-element-c72164f e-flex e-con-boxed e-con e-child\" data-id=\"c72164f\" data-element_type=\"container\" data-settings=\"{&quot;background_background&quot;:&quot;classic&quot;}\">\n\t\t\t\t\t<div class=\"e-con-inner\">\n\t\t\t\t<div class=\"elementor-element elementor-element-b4ee16c elementor-position-left elementor-vertical-align-middle elementor-widget elementor-widget-image-box\" data-id=\"b4ee16c\" data-element_type=\"widget\" data-widget_type=\"image-box.default\">\n\t\t\t\t<div class=\"elementor-widget-container\">\n\t\t\t\t\t<div class=\"elementor-image-box-wrapper\"><figure class=\"elementor-image-box-img\"><a href=\"https:\/\/www.barometreocupacions.cat\/es\/competencias-blandas-mas-demandadas-por-sector\/\" tabindex=\"-1\"><img fetchpriority=\"high\" decoding=\"async\" width=\"512\" height=\"512\" src=\"https:\/\/www.barometreocupacions.cat\/wp-content\/uploads\/2024\/02\/sector-toves.png\" class=\"attachment-full size-full wp-image-1108\" alt=\"\" srcset=\"https:\/\/www.barometreocupacions.cat\/wp-content\/uploads\/2024\/02\/sector-toves.png 512w, https:\/\/www.barometreocupacions.cat\/wp-content\/uploads\/2024\/02\/sector-toves-300x300.png 300w, https:\/\/www.barometreocupacions.cat\/wp-content\/uploads\/2024\/02\/sector-toves-150x150.png 150w\" sizes=\"(max-width: 512px) 100vw, 512px\" \/><\/a><\/figure><div class=\"elementor-image-box-content\"><h3 class=\"elementor-image-box-title\"><a href=\"https:\/\/www.barometreocupacions.cat\/es\/competencias-blandas-mas-demandadas-por-sector\/\">Competencias blandas: distribuci\u00f3n y demanada por sector <\/a><\/h3><\/div><\/div>\t\t\t\t<\/div>\n\t\t\t\t<\/div>\n\t\t\t\t\t<\/div>\n\t\t\t\t<\/div>\n\t\t<div class=\"elementor-element elementor-element-66f4224 e-flex e-con-boxed e-con e-child\" data-id=\"66f4224\" data-element_type=\"container\" data-settings=\"{&quot;background_background&quot;:&quot;classic&quot;}\">\n\t\t\t\t\t<div class=\"e-con-inner\">\n\t\t\t\t<div class=\"elementor-element elementor-element-1f5adab elementor-position-left elementor-vertical-align-middle elementor-widget elementor-widget-image-box\" data-id=\"1f5adab\" data-element_type=\"widget\" data-widget_type=\"image-box.default\">\n\t\t\t\t<div class=\"elementor-widget-container\">\n\t\t\t\t\t<div class=\"elementor-image-box-wrapper\"><figure class=\"elementor-image-box-img\"><a href=\"https:\/\/www.barometreocupacions.cat\/es\/competencias-blandas-por-nivel-de-escolaridad-y-anos-de-experiencia\/\" tabindex=\"-1\"><img decoding=\"async\" width=\"512\" height=\"512\" src=\"https:\/\/www.barometreocupacions.cat\/wp-content\/uploads\/2024\/02\/experiencia.png\" class=\"attachment-full size-full wp-image-1112\" alt=\"\" srcset=\"https:\/\/www.barometreocupacions.cat\/wp-content\/uploads\/2024\/02\/experiencia.png 512w, https:\/\/www.barometreocupacions.cat\/wp-content\/uploads\/2024\/02\/experiencia-300x300.png 300w, https:\/\/www.barometreocupacions.cat\/wp-content\/uploads\/2024\/02\/experiencia-150x150.png 150w\" sizes=\"(max-width: 512px) 100vw, 512px\" \/><\/a><\/figure><div class=\"elementor-image-box-content\"><h3 class=\"elementor-image-box-title\"><a href=\"https:\/\/www.barometreocupacions.cat\/es\/competencias-blandas-por-nivel-de-escolaridad-y-anos-de-experiencia\/\">Competencias blandas por nivel de escolaridad y a\u00f1os de experiencia<\/a><\/h3><\/div><\/div>\t\t\t\t<\/div>\n\t\t\t\t<\/div>\n\t\t\t\t\t<\/div>\n\t\t\t\t<\/div>\n\t\t<div class=\"elementor-element elementor-element-12c5e52 e-flex e-con-boxed e-con e-child\" data-id=\"12c5e52\" data-element_type=\"container\" data-settings=\"{&quot;background_background&quot;:&quot;classic&quot;}\">\n\t\t\t\t\t<div class=\"e-con-inner\">\n\t\t\t\t<div class=\"elementor-element elementor-element-41c5af5 elementor-position-left elementor-vertical-align-middle elementor-widget elementor-widget-image-box\" data-id=\"41c5af5\" data-element_type=\"widget\" data-widget_type=\"image-box.default\">\n\t\t\t\t<div class=\"elementor-widget-container\">\n\t\t\t\t\t<div class=\"elementor-image-box-wrapper\"><figure class=\"elementor-image-box-img\"><a href=\"https:\/\/www.barometreocupacions.cat\/es\/competencias-blandas-presencia-intersectorial-e-interprofesional\/\" tabindex=\"-1\"><img decoding=\"async\" width=\"512\" height=\"512\" src=\"https:\/\/www.barometreocupacions.cat\/wp-content\/uploads\/2024\/03\/transferir.png\" class=\"attachment-full size-full wp-image-1359\" alt=\"\" srcset=\"https:\/\/www.barometreocupacions.cat\/wp-content\/uploads\/2024\/03\/transferir.png 512w, https:\/\/www.barometreocupacions.cat\/wp-content\/uploads\/2024\/03\/transferir-300x300.png 300w, https:\/\/www.barometreocupacions.cat\/wp-content\/uploads\/2024\/03\/transferir-150x150.png 150w\" sizes=\"(max-width: 512px) 100vw, 512px\" \/><\/a><\/figure><div class=\"elementor-image-box-content\"><h3 class=\"elementor-image-box-title\"><a href=\"https:\/\/www.barometreocupacions.cat\/es\/competencias-blandas-presencia-intersectorial-e-interprofesional\/\">Competencias blandas: presencia intersectorial e interprofesional<\/a><\/h3><\/div><\/div>\t\t\t\t<\/div>\n\t\t\t\t<\/div>\n\t\t\t\t\t<\/div>\n\t\t\t\t<\/div>\n\t\t\t\t<\/div>\n\t\t<div class=\"elementor-element elementor-element-d5a250d e-con-full e-flex e-con e-child\" data-id=\"d5a250d\" data-element_type=\"container\">\n\t\t<div class=\"elementor-element elementor-element-11e5c3b e-flex e-con-boxed e-con e-child\" data-id=\"11e5c3b\" data-element_type=\"container\" data-settings=\"{&quot;background_background&quot;:&quot;classic&quot;}\">\n\t\t\t\t\t<div class=\"e-con-inner\">\n\t\t\t\t<div class=\"elementor-element elementor-element-b47cb3b elementor-position-left elementor-vertical-align-middle elementor-widget elementor-widget-image-box\" data-id=\"b47cb3b\" data-element_type=\"widget\" data-widget_type=\"image-box.default\">\n\t\t\t\t<div class=\"elementor-widget-container\">\n\t\t\t\t\t<div class=\"elementor-image-box-wrapper\"><figure class=\"elementor-image-box-img\"><a href=\"https:\/\/www.barometreocupacions.cat\/es\/competencias-blandas-mas-demandadas-por-empleo\/\" tabindex=\"-1\"><img loading=\"lazy\" decoding=\"async\" width=\"512\" height=\"512\" src=\"https:\/\/www.barometreocupacions.cat\/wp-content\/uploads\/2024\/02\/ocupacion.png\" class=\"attachment-full size-full wp-image-1110\" alt=\"\" srcset=\"https:\/\/www.barometreocupacions.cat\/wp-content\/uploads\/2024\/02\/ocupacion.png 512w, https:\/\/www.barometreocupacions.cat\/wp-content\/uploads\/2024\/02\/ocupacion-300x300.png 300w, https:\/\/www.barometreocupacions.cat\/wp-content\/uploads\/2024\/02\/ocupacion-150x150.png 150w\" sizes=\"(max-width: 512px) 100vw, 512px\" \/><\/a><\/figure><div class=\"elementor-image-box-content\"><h3 class=\"elementor-image-box-title\"><a href=\"https:\/\/www.barometreocupacions.cat\/es\/competencias-blandas-mas-demandadas-por-empleo\/\">Competencias blandas: distribuci\u00f3n y demanada por empleo<\/a><\/h3><\/div><\/div>\t\t\t\t<\/div>\n\t\t\t\t<\/div>\n\t\t\t\t\t<\/div>\n\t\t\t\t<\/div>\n\t\t<div class=\"elementor-element elementor-element-bfad54d e-flex e-con-boxed e-con e-child\" data-id=\"bfad54d\" data-element_type=\"container\" data-settings=\"{&quot;background_background&quot;:&quot;classic&quot;}\">\n\t\t\t\t\t<div class=\"e-con-inner\">\n\t\t\t\t<div class=\"elementor-element elementor-element-2fad082 elementor-position-left elementor-vertical-align-middle elementor-widget elementor-widget-image-box\" data-id=\"2fad082\" data-element_type=\"widget\" data-widget_type=\"image-box.default\">\n\t\t\t\t<div class=\"elementor-widget-container\">\n\t\t\t\t\t<div class=\"elementor-image-box-wrapper\"><figure class=\"elementor-image-box-img\"><a href=\"https:\/\/www.barometreocupacions.cat\/es\/competencias-blandas-evolucion\/\" tabindex=\"-1\"><img loading=\"lazy\" decoding=\"async\" width=\"512\" height=\"512\" src=\"https:\/\/www.barometreocupacions.cat\/wp-content\/uploads\/2024\/02\/progreso.png\" class=\"attachment-full size-full wp-image-1114\" alt=\"\" srcset=\"https:\/\/www.barometreocupacions.cat\/wp-content\/uploads\/2024\/02\/progreso.png 512w, https:\/\/www.barometreocupacions.cat\/wp-content\/uploads\/2024\/02\/progreso-300x300.png 300w, https:\/\/www.barometreocupacions.cat\/wp-content\/uploads\/2024\/02\/progreso-150x150.png 150w\" sizes=\"(max-width: 512px) 100vw, 512px\" \/><\/a><\/figure><div class=\"elementor-image-box-content\"><h3 class=\"elementor-image-box-title\"><a href=\"https:\/\/www.barometreocupacions.cat\/es\/competencias-blandas-evolucion\/\">Competencias blandas: evoluci\u00f3n<\/a><\/h3><\/div><\/div>\t\t\t\t<\/div>\n\t\t\t\t<\/div>\n\t\t\t\t\t<\/div>\n\t\t\t\t<\/div>\n\t\t\t\t<\/div>\n\t\t\t\t\t<\/div>\n\t\t\t\t<\/div>\n\t\t\t\t\t<\/div>\n\t\t\t\t<\/div>\n\t\t\t\t<\/div>\n\t\t","protected":false},"excerpt":{"rendered":"<p>RANKING AMPLIADO DE COMPETENCIAS BLANDAS Competencias blandas: distribuci\u00f3n y demanada por sector Competencias blandas por nivel de escolaridad y a\u00f1os de experiencia Competencias blandas: presencia intersectorial e interprofesional Competencias blandas: distribuci\u00f3n y demanada por empleo Competencias blandas: evoluci\u00f3n<\/p>\n","protected":false},"author":2,"featured_media":0,"parent":0,"menu_order":0,"comment_status":"closed","ping_status":"closed","template":"","meta":{"footnotes":""},"class_list":["post-1838","page","type-page","status-publish","hentry"],"yoast_head":"<!-- This site is optimized with the Yoast SEO plugin v25.4 - https:\/\/yoast.com\/wordpress\/plugins\/seo\/ -->\n<title>Ranking ampliado de competencias blandas - Bar\u00f2metre de compet\u00e8ncies i ocupacions de Catalunya<\/title>\n<meta name=\"robots\" content=\"index, follow, max-snippet:-1, max-image-preview:large, max-video-preview:-1\" \/>\n<link rel=\"canonical\" href=\"https:\/\/www.barometreocupacions.cat\/es\/ranking-ampliado-de-competencias-blandas\/\" \/>\n<meta property=\"og:locale\" content=\"es_ES\" \/>\n<meta property=\"og:type\" content=\"article\" \/>\n<meta property=\"og:title\" content=\"Ranking ampliado de competencias blandas - Bar\u00f2metre de compet\u00e8ncies i ocupacions de Catalunya\" \/>\n<meta property=\"og:description\" content=\"RANKING AMPLIADO DE COMPETENCIAS BLANDAS Competencias blandas: distribuci\u00f3n y demanada por sector Competencias blandas por nivel de escolaridad y a\u00f1os de experiencia Competencias blandas: presencia intersectorial e interprofesional Competencias blandas: distribuci\u00f3n y demanada por empleo Competencias blandas: evoluci\u00f3n\" \/>\n<meta property=\"og:url\" content=\"https:\/\/www.barometreocupacions.cat\/es\/ranking-ampliado-de-competencias-blandas\/\" \/>\n<meta property=\"og:site_name\" content=\"Bar\u00f2metre de compet\u00e8ncies i ocupacions de Catalunya\" \/>\n<meta property=\"article:modified_time\" content=\"2024-04-18T07:53:23+00:00\" \/>\n<meta property=\"og:image\" content=\"https:\/\/www.barometreocupacions.cat\/wp-content\/uploads\/2024\/02\/sector-toves.png\" \/>\n<meta name=\"twitter:card\" content=\"summary_large_image\" \/>\n<meta name=\"twitter:label1\" content=\"Tiempo de lectura\" \/>\n\t<meta name=\"twitter:data1\" content=\"2 minutos\" \/>\n<script type=\"application\/ld+json\" class=\"yoast-schema-graph\">{\"@context\":\"https:\/\/schema.org\",\"@graph\":[{\"@type\":\"WebPage\",\"@id\":\"https:\/\/www.barometreocupacions.cat\/es\/ranking-ampliado-de-competencias-blandas\/\",\"url\":\"https:\/\/www.barometreocupacions.cat\/es\/ranking-ampliado-de-competencias-blandas\/\",\"name\":\"Ranking ampliado de competencias blandas - Bar\u00f2metre de compet\u00e8ncies i ocupacions de Catalunya\",\"isPartOf\":{\"@id\":\"https:\/\/www.barometreocupacions.cat\/es\/#website\"},\"primaryImageOfPage\":{\"@id\":\"https:\/\/www.barometreocupacions.cat\/es\/ranking-ampliado-de-competencias-blandas\/#primaryimage\"},\"image\":{\"@id\":\"https:\/\/www.barometreocupacions.cat\/es\/ranking-ampliado-de-competencias-blandas\/#primaryimage\"},\"thumbnailUrl\":\"https:\/\/www.barometreocupacions.cat\/wp-content\/uploads\/2024\/02\/sector-toves.png\",\"datePublished\":\"2024-03-08T09:56:07+00:00\",\"dateModified\":\"2024-04-18T07:53:23+00:00\",\"breadcrumb\":{\"@id\":\"https:\/\/www.barometreocupacions.cat\/es\/ranking-ampliado-de-competencias-blandas\/#breadcrumb\"},\"inLanguage\":\"es\",\"potentialAction\":[{\"@type\":\"ReadAction\",\"target\":[\"https:\/\/www.barometreocupacions.cat\/es\/ranking-ampliado-de-competencias-blandas\/\"]}]},{\"@type\":\"ImageObject\",\"inLanguage\":\"es\",\"@id\":\"https:\/\/www.barometreocupacions.cat\/es\/ranking-ampliado-de-competencias-blandas\/#primaryimage\",\"url\":\"https:\/\/www.barometreocupacions.cat\/wp-content\/uploads\/2024\/02\/sector-toves.png\",\"contentUrl\":\"https:\/\/www.barometreocupacions.cat\/wp-content\/uploads\/2024\/02\/sector-toves.png\"},{\"@type\":\"BreadcrumbList\",\"@id\":\"https:\/\/www.barometreocupacions.cat\/es\/ranking-ampliado-de-competencias-blandas\/#breadcrumb\",\"itemListElement\":[{\"@type\":\"ListItem\",\"position\":1,\"name\":\"Inici\",\"item\":\"https:\/\/www.barometreocupacions.cat\/es\/\"},{\"@type\":\"ListItem\",\"position\":2,\"name\":\"Ranking ampliado de competencias blandas\"}]},{\"@type\":\"WebSite\",\"@id\":\"https:\/\/www.barometreocupacions.cat\/es\/#website\",\"url\":\"https:\/\/www.barometreocupacions.cat\/es\/\",\"name\":\"Bar\u00f2metre de compet\u00e8ncies i ocupacions de Catalunya\",\"description\":\"\",\"publisher\":{\"@id\":\"https:\/\/www.barometreocupacions.cat\/es\/#organization\"},\"potentialAction\":[{\"@type\":\"SearchAction\",\"target\":{\"@type\":\"EntryPoint\",\"urlTemplate\":\"https:\/\/www.barometreocupacions.cat\/es\/?s={search_term_string}\"},\"query-input\":{\"@type\":\"PropertyValueSpecification\",\"valueRequired\":true,\"valueName\":\"search_term_string\"}}],\"inLanguage\":\"es\"},{\"@type\":\"Organization\",\"@id\":\"https:\/\/www.barometreocupacions.cat\/es\/#organization\",\"name\":\"Bar\u00f2metre de compet\u00e8ncies i ocupacions de Catalunya\",\"url\":\"https:\/\/www.barometreocupacions.cat\/es\/\",\"logo\":{\"@type\":\"ImageObject\",\"inLanguage\":\"es\",\"@id\":\"https:\/\/www.barometreocupacions.cat\/es\/#\/schema\/logo\/image\/\",\"url\":\"https:\/\/www.barometreocupacions.cat\/wp-content\/uploads\/2024\/02\/logo.png\",\"contentUrl\":\"https:\/\/www.barometreocupacions.cat\/wp-content\/uploads\/2024\/02\/logo.png\",\"width\":504,\"height\":435,\"caption\":\"Bar\u00f2metre de compet\u00e8ncies i ocupacions de Catalunya\"},\"image\":{\"@id\":\"https:\/\/www.barometreocupacions.cat\/es\/#\/schema\/logo\/image\/\"}}]}<\/script>\n<!-- \/ Yoast SEO plugin. -->","yoast_head_json":{"title":"Ranking ampliado de competencias blandas - Bar\u00f2metre de compet\u00e8ncies i ocupacions de Catalunya","robots":{"index":"index","follow":"follow","max-snippet":"max-snippet:-1","max-image-preview":"max-image-preview:large","max-video-preview":"max-video-preview:-1"},"canonical":"https:\/\/www.barometreocupacions.cat\/es\/ranking-ampliado-de-competencias-blandas\/","og_locale":"es_ES","og_type":"article","og_title":"Ranking ampliado de competencias blandas - Bar\u00f2metre de compet\u00e8ncies i ocupacions de Catalunya","og_description":"RANKING AMPLIADO DE COMPETENCIAS BLANDAS Competencias blandas: distribuci\u00f3n y demanada por sector Competencias blandas por nivel de escolaridad y a\u00f1os de experiencia Competencias blandas: presencia intersectorial e interprofesional Competencias blandas: distribuci\u00f3n y demanada por empleo Competencias blandas: evoluci\u00f3n","og_url":"https:\/\/www.barometreocupacions.cat\/es\/ranking-ampliado-de-competencias-blandas\/","og_site_name":"Bar\u00f2metre de compet\u00e8ncies i ocupacions de Catalunya","article_modified_time":"2024-04-18T07:53:23+00:00","og_image":[{"url":"https:\/\/www.barometreocupacions.cat\/wp-content\/uploads\/2024\/02\/sector-toves.png","type":"","width":"","height":""}],"twitter_card":"summary_large_image","twitter_misc":{"Tiempo de lectura":"2 minutos"},"schema":{"@context":"https:\/\/schema.org","@graph":[{"@type":"WebPage","@id":"https:\/\/www.barometreocupacions.cat\/es\/ranking-ampliado-de-competencias-blandas\/","url":"https:\/\/www.barometreocupacions.cat\/es\/ranking-ampliado-de-competencias-blandas\/","name":"Ranking ampliado de competencias blandas - Bar\u00f2metre de compet\u00e8ncies i ocupacions de Catalunya","isPartOf":{"@id":"https:\/\/www.barometreocupacions.cat\/es\/#website"},"primaryImageOfPage":{"@id":"https:\/\/www.barometreocupacions.cat\/es\/ranking-ampliado-de-competencias-blandas\/#primaryimage"},"image":{"@id":"https:\/\/www.barometreocupacions.cat\/es\/ranking-ampliado-de-competencias-blandas\/#primaryimage"},"thumbnailUrl":"https:\/\/www.barometreocupacions.cat\/wp-content\/uploads\/2024\/02\/sector-toves.png","datePublished":"2024-03-08T09:56:07+00:00","dateModified":"2024-04-18T07:53:23+00:00","breadcrumb":{"@id":"https:\/\/www.barometreocupacions.cat\/es\/ranking-ampliado-de-competencias-blandas\/#breadcrumb"},"inLanguage":"es","potentialAction":[{"@type":"ReadAction","target":["https:\/\/www.barometreocupacions.cat\/es\/ranking-ampliado-de-competencias-blandas\/"]}]},{"@type":"ImageObject","inLanguage":"es","@id":"https:\/\/www.barometreocupacions.cat\/es\/ranking-ampliado-de-competencias-blandas\/#primaryimage","url":"https:\/\/www.barometreocupacions.cat\/wp-content\/uploads\/2024\/02\/sector-toves.png","contentUrl":"https:\/\/www.barometreocupacions.cat\/wp-content\/uploads\/2024\/02\/sector-toves.png"},{"@type":"BreadcrumbList","@id":"https:\/\/www.barometreocupacions.cat\/es\/ranking-ampliado-de-competencias-blandas\/#breadcrumb","itemListElement":[{"@type":"ListItem","position":1,"name":"Inici","item":"https:\/\/www.barometreocupacions.cat\/es\/"},{"@type":"ListItem","position":2,"name":"Ranking ampliado de competencias blandas"}]},{"@type":"WebSite","@id":"https:\/\/www.barometreocupacions.cat\/es\/#website","url":"https:\/\/www.barometreocupacions.cat\/es\/","name":"Bar\u00f2metre de compet\u00e8ncies i ocupacions de Catalunya","description":"","publisher":{"@id":"https:\/\/www.barometreocupacions.cat\/es\/#organization"},"potentialAction":[{"@type":"SearchAction","target":{"@type":"EntryPoint","urlTemplate":"https:\/\/www.barometreocupacions.cat\/es\/?s={search_term_string}"},"query-input":{"@type":"PropertyValueSpecification","valueRequired":true,"valueName":"search_term_string"}}],"inLanguage":"es"},{"@type":"Organization","@id":"https:\/\/www.barometreocupacions.cat\/es\/#organization","name":"Bar\u00f2metre de compet\u00e8ncies i ocupacions de Catalunya","url":"https:\/\/www.barometreocupacions.cat\/es\/","logo":{"@type":"ImageObject","inLanguage":"es","@id":"https:\/\/www.barometreocupacions.cat\/es\/#\/schema\/logo\/image\/","url":"https:\/\/www.barometreocupacions.cat\/wp-content\/uploads\/2024\/02\/logo.png","contentUrl":"https:\/\/www.barometreocupacions.cat\/wp-content\/uploads\/2024\/02\/logo.png","width":504,"height":435,"caption":"Bar\u00f2metre de compet\u00e8ncies i ocupacions de Catalunya"},"image":{"@id":"https:\/\/www.barometreocupacions.cat\/es\/#\/schema\/logo\/image\/"}}]}},"_links":{"self":[{"href":"https:\/\/www.barometreocupacions.cat\/es\/wp-json\/wp\/v2\/pages\/1838","targetHints":{"allow":["GET"]}}],"collection":[{"href":"https:\/\/www.barometreocupacions.cat\/es\/wp-json\/wp\/v2\/pages"}],"about":[{"href":"https:\/\/www.barometreocupacions.cat\/es\/wp-json\/wp\/v2\/types\/page"}],"author":[{"embeddable":true,"href":"https:\/\/www.barometreocupacions.cat\/es\/wp-json\/wp\/v2\/users\/2"}],"replies":[{"embeddable":true,"href":"https:\/\/www.barometreocupacions.cat\/es\/wp-json\/wp\/v2\/comments?post=1838"}],"version-history":[{"count":14,"href":"https:\/\/www.barometreocupacions.cat\/es\/wp-json\/wp\/v2\/pages\/1838\/revisions"}],"predecessor-version":[{"id":2320,"href":"https:\/\/www.barometreocupacions.cat\/es\/wp-json\/wp\/v2\/pages\/1838\/revisions\/2320"}],"wp:attachment":[{"href":"https:\/\/www.barometreocupacions.cat\/es\/wp-json\/wp\/v2\/media?parent=1838"}],"curies":[{"name":"wp","href":"https:\/\/api.w.org\/{rel}","templated":true}]}}