{"id":1799,"date":"2024-02-07T23:16:08","date_gmt":"2024-02-07T21:16:08","guid":{"rendered":"https:\/\/www.barometreocupacions.cat\/barometre\/"},"modified":"2025-08-04T12:51:29","modified_gmt":"2025-08-04T10:51:29","slug":"barometro","status":"publish","type":"page","link":"https:\/\/www.barometreocupacions.cat\/es\/barometro\/","title":{"rendered":"El Bar\u00f3metro"},"content":{"rendered":"\t\t<div data-elementor-type=\"wp-page\" data-elementor-id=\"1799\" class=\"elementor elementor-1799 elementor-164\" data-elementor-post-type=\"page\">\n\t\t\t\t<div class=\"elementor-element elementor-element-ea712c2 e-flex e-con-boxed elementor-invisible e-con e-parent\" data-id=\"ea712c2\" data-element_type=\"container\" data-settings=\"{&quot;animation&quot;:&quot;fadeIn&quot;}\">\n\t\t\t\t\t<div class=\"e-con-inner\">\n\t\t\t\t<div class=\"elementor-element elementor-element-41d8b61 elementor-widget elementor-widget-heading\" data-id=\"41d8b61\" data-element_type=\"widget\" data-widget_type=\"heading.default\">\n\t\t\t\t<div class=\"elementor-widget-container\">\n\t\t\t\t\t<h1 class=\"elementor-heading-title elementor-size-default\">\u00bfQU\u00c9 ES EL BAR\u00d3METRO DE OCUPACIONES?<\/h1>\t\t\t\t<\/div>\n\t\t\t\t<\/div>\n\t\t\t\t\t<\/div>\n\t\t\t\t<\/div>\n\t\t<div class=\"elementor-element elementor-element-e60e10c e-flex e-con-boxed elementor-invisible e-con e-parent\" data-id=\"e60e10c\" data-element_type=\"container\" data-settings=\"{&quot;animation&quot;:&quot;fadeIn&quot;}\">\n\t\t\t\t\t<div class=\"e-con-inner\">\n\t\t<div class=\"elementor-element elementor-element-f09707d e-con-full e-flex e-con e-child\" data-id=\"f09707d\" data-element_type=\"container\">\n\t\t\t\t<div class=\"elementor-element elementor-element-a54f9e5 elementor-widget elementor-widget-text-editor\" data-id=\"a54f9e5\" data-element_type=\"widget\" data-widget_type=\"text-editor.default\">\n\t\t\t\t<div class=\"elementor-widget-container\">\n\t\t\t\t\t\t\t\t\t<p>En esta secci\u00f3n, te sumergir\u00e1s en el an\u00e1lisis detallado de la evoluci\u00f3n de la demanda del mercado de trabajo catal\u00e1n a trav\u00e9s de las vacantes publicadas en l\u00ednea. Nuestro objetivo es ofrecerte una visi\u00f3n integral de las tendencias ocupacionales, proporcionando cifras clave y datos esenciales a partir del contenido de las vacantes en l\u00ednea.<\/p>\t\t\t\t\t\t\t\t<\/div>\n\t\t\t\t<\/div>\n\t\t\t\t<div class=\"elementor-element elementor-element-8c72837 elementor-widget elementor-widget-text-editor\" data-id=\"8c72837\" data-element_type=\"widget\" data-widget_type=\"text-editor.default\">\n\t\t\t\t<div class=\"elementor-widget-container\">\n\t\t\t\t\t\t\t\t\t<p style=\"text-align: left;\">\u00a1\u00danete a nosotros y dispondr\u00e1s de la informaci\u00f3n necesaria para entender las din\u00e1micas del mercado de trabajo en Catalu\u00f1a!<\/p><p style=\"text-align: left;\"><br \/><br \/><\/p>\t\t\t\t\t\t\t\t<\/div>\n\t\t\t\t<\/div>\n\t\t\t\t<\/div>\n\t\t<div class=\"elementor-element elementor-element-610aebd e-con-full e-flex e-con e-child\" data-id=\"610aebd\" data-element_type=\"container\">\n\t\t\t\t<div class=\"elementor-element elementor-element-5e04e06 elementor-widget elementor-widget-image\" data-id=\"5e04e06\" data-element_type=\"widget\" data-widget_type=\"image.default\">\n\t\t\t\t<div class=\"elementor-widget-container\">\n\t\t\t\t\t\t\t\t\t\t\t\t\t\t\t<img fetchpriority=\"high\" decoding=\"async\" width=\"1200\" height=\"900\" src=\"https:\/\/www.barometreocupacions.cat\/wp-content\/uploads\/2024\/02\/barometre-2.jpg\" class=\"attachment-full size-full wp-image-825\" alt=\"\" srcset=\"https:\/\/www.barometreocupacions.cat\/wp-content\/uploads\/2024\/02\/barometre-2.jpg 1200w, https:\/\/www.barometreocupacions.cat\/wp-content\/uploads\/2024\/02\/barometre-2-300x225.jpg 300w, https:\/\/www.barometreocupacions.cat\/wp-content\/uploads\/2024\/02\/barometre-2-1024x768.jpg 1024w, https:\/\/www.barometreocupacions.cat\/wp-content\/uploads\/2024\/02\/barometre-2-768x576.jpg 768w\" sizes=\"(max-width: 1200px) 100vw, 1200px\" \/>\t\t\t\t\t\t\t\t\t\t\t\t\t\t\t<\/div>\n\t\t\t\t<\/div>\n\t\t\t\t<\/div>\n\t\t\t\t\t<\/div>\n\t\t\t\t<\/div>\n\t\t<div class=\"elementor-element elementor-element-31cb614 e-flex e-con-boxed elementor-invisible e-con e-parent\" data-id=\"31cb614\" data-element_type=\"container\" data-settings=\"{&quot;animation&quot;:&quot;fadeIn&quot;}\">\n\t\t\t\t\t<div class=\"e-con-inner\">\n\t\t<div class=\"elementor-element elementor-element-435801d e-con-full e-flex e-con e-child\" data-id=\"435801d\" data-element_type=\"container\">\n\t\t<div class=\"elementor-element elementor-element-701dd38 e-flex e-con-boxed e-con e-child\" data-id=\"701dd38\" data-element_type=\"container\" data-settings=\"{&quot;background_background&quot;:&quot;classic&quot;}\">\n\t\t\t\t\t<div class=\"e-con-inner\">\n\t\t\t\t<div class=\"elementor-element elementor-element-1e064c1 elementor-position-left elementor-vertical-align-bottom elementor-widget elementor-widget-image-box\" data-id=\"1e064c1\" data-element_type=\"widget\" data-widget_type=\"image-box.default\">\n\t\t\t\t<div class=\"elementor-widget-container\">\n\t\t\t\t\t<div class=\"elementor-image-box-wrapper\"><figure class=\"elementor-image-box-img\"><a href=\"https:\/\/www.barometreocupacions.cat\/es\/el-mercado-de-trabajo-en-cataluna-ofertas-publicadas-en-linea\/\" tabindex=\"-1\"><img decoding=\"async\" width=\"512\" height=\"512\" src=\"https:\/\/www.barometreocupacions.cat\/wp-content\/uploads\/2024\/02\/tendencia.png\" class=\"attachment-full size-full wp-image-572\" alt=\"\" srcset=\"https:\/\/www.barometreocupacions.cat\/wp-content\/uploads\/2024\/02\/tendencia.png 512w, https:\/\/www.barometreocupacions.cat\/wp-content\/uploads\/2024\/02\/tendencia-300x300.png 300w, https:\/\/www.barometreocupacions.cat\/wp-content\/uploads\/2024\/02\/tendencia-150x150.png 150w\" sizes=\"(max-width: 512px) 100vw, 512px\" \/><\/a><\/figure><div class=\"elementor-image-box-content\"><h3 class=\"elementor-image-box-title\"><a href=\"https:\/\/www.barometreocupacions.cat\/es\/el-mercado-de-trabajo-en-cataluna-ofertas-publicadas-en-linea\/\">El mercado de trabajo en Catalu\u00f1a:<\/a><\/h3><p class=\"elementor-image-box-description\">New!\n<\/br>\n<\/br>\n<\/p><\/div><\/div>\t\t\t\t<\/div>\n\t\t\t\t<\/div>\n\t\t\t\t<div class=\"elementor-element elementor-element-69b8539 elementor-widget elementor-widget-heading\" data-id=\"69b8539\" data-element_type=\"widget\" data-widget_type=\"heading.default\">\n\t\t\t\t<div class=\"elementor-widget-container\">\n\t\t\t\t\t<div class=\"elementor-heading-title elementor-size-default\"><a href=\"https:\/\/www.barometreocupacions.cat\/es\/el-mercado-de-trabajo-en-cataluna-ofertas-publicadas-en-linea\/\">\u00a1Explora las \u00faltimas tendencias de las vacantes en l\u00ednea publicadas en Catalu\u00f1a!<\/a><\/div>\t\t\t\t<\/div>\n\t\t\t\t<\/div>\n\t\t\t\t\t<\/div>\n\t\t\t\t<\/div>\n\t\t\t\t<\/div>\n\t\t<div class=\"elementor-element elementor-element-5817923 e-con-full e-flex e-con e-child\" data-id=\"5817923\" data-element_type=\"container\">\n\t\t<div class=\"elementor-element elementor-element-9ef5a89 e-flex e-con-boxed e-con e-child\" data-id=\"9ef5a89\" data-element_type=\"container\" data-settings=\"{&quot;background_background&quot;:&quot;classic&quot;}\">\n\t\t\t\t\t<div class=\"e-con-inner\">\n\t\t\t\t<div class=\"elementor-element elementor-element-30f5d4e elementor-position-left elementor-vertical-align-bottom elementor-widget elementor-widget-image-box\" data-id=\"30f5d4e\" data-element_type=\"widget\" data-widget_type=\"image-box.default\">\n\t\t\t\t<div class=\"elementor-widget-container\">\n\t\t\t\t\t<div class=\"elementor-image-box-wrapper\"><figure class=\"elementor-image-box-img\"><a href=\"https:\/\/www.barometreocupacions.cat\/es\/ocupaciones-mas-demandadas-por-sector-economico\/\" tabindex=\"-1\"><img decoding=\"async\" width=\"512\" height=\"512\" src=\"https:\/\/www.barometreocupacions.cat\/wp-content\/uploads\/2024\/02\/grafico-de-torta-1.png\" class=\"attachment-full size-full wp-image-577\" alt=\"\" srcset=\"https:\/\/www.barometreocupacions.cat\/wp-content\/uploads\/2024\/02\/grafico-de-torta-1.png 512w, https:\/\/www.barometreocupacions.cat\/wp-content\/uploads\/2024\/02\/grafico-de-torta-1-300x300.png 300w, https:\/\/www.barometreocupacions.cat\/wp-content\/uploads\/2024\/02\/grafico-de-torta-1-150x150.png 150w\" sizes=\"(max-width: 512px) 100vw, 512px\" \/><\/a><\/figure><div class=\"elementor-image-box-content\"><h3 class=\"elementor-image-box-title\"><a href=\"https:\/\/www.barometreocupacions.cat\/es\/ocupaciones-mas-demandadas-por-sector-economico\/\">Las ocupaciones m\u00e1s demandadas por sector econ\u00f3mico<\/a><\/h3><p class=\"elementor-image-box-description\">New!<\/p><\/div><\/div>\t\t\t\t<\/div>\n\t\t\t\t<\/div>\n\t\t\t\t<div class=\"elementor-element elementor-element-e251da9 elementor-widget elementor-widget-heading\" data-id=\"e251da9\" data-element_type=\"widget\" data-widget_type=\"heading.default\">\n\t\t\t\t<div class=\"elementor-widget-container\">\n\t\t\t\t\t<div class=\"elementor-heading-title elementor-size-default\"><a href=\"https:\/\/www.barometreocupacions.cat\/es\/empleos-mas-demandados-por-sector-economico\/\">\u00bfSabes cu\u00e1les son los perfiles m\u00e1s demandados por los diferentes sectores del tejido productivo catal\u00e1n?<\/a><\/div>\t\t\t\t<\/div>\n\t\t\t\t<\/div>\n\t\t\t\t\t<\/div>\n\t\t\t\t<\/div>\n\t\t\t\t<\/div>\n\t\t\t\t\t<\/div>\n\t\t\t\t<\/div>\n\t\t<div class=\"elementor-element elementor-element-b4e24e7 e-flex e-con-boxed elementor-invisible e-con e-parent\" data-id=\"b4e24e7\" data-element_type=\"container\" data-settings=\"{&quot;animation&quot;:&quot;fadeIn&quot;}\">\n\t\t\t\t\t<div class=\"e-con-inner\">\n\t\t<div class=\"elementor-element elementor-element-abed724 e-flex e-con-boxed e-con e-child\" data-id=\"abed724\" data-element_type=\"container\" data-settings=\"{&quot;background_background&quot;:&quot;classic&quot;}\">\n\t\t\t\t\t<div class=\"e-con-inner\">\n\t\t\t\t<div class=\"elementor-element elementor-element-1311907 elementor-position-left elementor-vertical-align-middle elementor-widget elementor-widget-image-box\" data-id=\"1311907\" data-element_type=\"widget\" data-widget_type=\"image-box.default\">\n\t\t\t\t<div class=\"elementor-widget-container\">\n\t\t\t\t\t<div class=\"elementor-image-box-wrapper\"><figure class=\"elementor-image-box-img\"><a href=\"https:\/\/www.barometreocupacions.cat\/es\/mapa-de-ocupaciones-en-cataluna\/\" tabindex=\"-1\"><img loading=\"lazy\" decoding=\"async\" width=\"512\" height=\"512\" src=\"https:\/\/www.barometreocupacions.cat\/wp-content\/uploads\/2024\/02\/cataluna.png\" class=\"attachment-full size-full wp-image-579\" alt=\"\" srcset=\"https:\/\/www.barometreocupacions.cat\/wp-content\/uploads\/2024\/02\/cataluna.png 512w, https:\/\/www.barometreocupacions.cat\/wp-content\/uploads\/2024\/02\/cataluna-300x300.png 300w, https:\/\/www.barometreocupacions.cat\/wp-content\/uploads\/2024\/02\/cataluna-150x150.png 150w\" sizes=\"(max-width: 512px) 100vw, 512px\" \/><\/a><\/figure><div class=\"elementor-image-box-content\"><h3 class=\"elementor-image-box-title\"><a href=\"https:\/\/www.barometreocupacions.cat\/es\/mapa-de-ocupaciones-en-cataluna\/\">Mapa de ocupaciones en Catalu\u00f1a<\/a><\/h3><\/div><\/div>\t\t\t\t<\/div>\n\t\t\t\t<\/div>\n\t\t\t\t<div class=\"elementor-element elementor-element-323fbd1 elementor-widget elementor-widget-heading\" data-id=\"323fbd1\" data-element_type=\"widget\" data-widget_type=\"heading.default\">\n\t\t\t\t<div class=\"elementor-widget-container\">\n\t\t\t\t\t<div class=\"elementor-heading-title elementor-size-default\"><a href=\"https:\/\/www.barometreocupacions.cat\/es\/mapa-de-empleos-en-cataluna\/\">Explora c\u00f3mo se distribuyen geogr\u00e1ficamente las oportunidades laborales en Catalu\u00f1a.<\/a><\/div>\t\t\t\t<\/div>\n\t\t\t\t<\/div>\n\t\t\t\t\t<\/div>\n\t\t\t\t<\/div>\n\t\t\t\t\t<\/div>\n\t\t\t\t<\/div>\n\t\t\t\t<\/div>\n\t\t","protected":false},"excerpt":{"rendered":"<p>\u00bfQU\u00c9 ES EL BAR\u00d3METRO DE OCUPACIONES? En esta secci\u00f3n, te sumergir\u00e1s en el an\u00e1lisis detallado de la evoluci\u00f3n de la demanda del mercado de trabajo catal\u00e1n a trav\u00e9s de las vacantes publicadas en l\u00ednea. Nuestro objetivo es ofrecerte una visi\u00f3n integral de las tendencias ocupacionales, proporcionando cifras clave y datos esenciales a partir del contenido [&hellip;]<\/p>\n","protected":false},"author":1,"featured_media":0,"parent":0,"menu_order":0,"comment_status":"closed","ping_status":"closed","template":"","meta":{"footnotes":""},"class_list":["post-1799","page","type-page","status-publish","hentry"],"yoast_head":"<!-- This site is optimized with the Yoast SEO plugin v25.4 - https:\/\/yoast.com\/wordpress\/plugins\/seo\/ -->\n<title>El Bar\u00f3metro - Bar\u00f2metre de compet\u00e8ncies i ocupacions de Catalunya<\/title>\n<meta name=\"robots\" content=\"index, follow, max-snippet:-1, max-image-preview:large, max-video-preview:-1\" \/>\n<link rel=\"canonical\" href=\"https:\/\/www.barometreocupacions.cat\/es\/barometro\/\" \/>\n<meta property=\"og:locale\" content=\"es_ES\" \/>\n<meta property=\"og:type\" content=\"article\" \/>\n<meta property=\"og:title\" content=\"El Bar\u00f3metro - Bar\u00f2metre de compet\u00e8ncies i ocupacions de Catalunya\" \/>\n<meta property=\"og:description\" content=\"\u00bfQU\u00c9 ES EL BAR\u00d3METRO DE OCUPACIONES? En esta secci\u00f3n, te sumergir\u00e1s en el an\u00e1lisis detallado de la evoluci\u00f3n de la demanda del mercado de trabajo catal\u00e1n a trav\u00e9s de las vacantes publicadas en l\u00ednea. Nuestro objetivo es ofrecerte una visi\u00f3n integral de las tendencias ocupacionales, proporcionando cifras clave y datos esenciales a partir del contenido [&hellip;]\" \/>\n<meta property=\"og:url\" content=\"https:\/\/www.barometreocupacions.cat\/es\/barometro\/\" \/>\n<meta property=\"og:site_name\" content=\"Bar\u00f2metre de compet\u00e8ncies i ocupacions de Catalunya\" \/>\n<meta property=\"article:modified_time\" content=\"2025-08-04T10:51:29+00:00\" \/>\n<meta property=\"og:image\" content=\"https:\/\/www.barometreocupacions.cat\/wp-content\/uploads\/2024\/02\/barometre-2.jpg\" \/>\n\t<meta property=\"og:image:width\" content=\"1200\" \/>\n\t<meta property=\"og:image:height\" content=\"900\" \/>\n\t<meta property=\"og:image:type\" content=\"image\/jpeg\" \/>\n<meta name=\"twitter:card\" content=\"summary_large_image\" \/>\n<meta name=\"twitter:label1\" content=\"Tiempo de lectura\" \/>\n\t<meta name=\"twitter:data1\" content=\"2 minutos\" \/>\n<script type=\"application\/ld+json\" class=\"yoast-schema-graph\">{\"@context\":\"https:\/\/schema.org\",\"@graph\":[{\"@type\":\"WebPage\",\"@id\":\"https:\/\/www.barometreocupacions.cat\/es\/barometro\/\",\"url\":\"https:\/\/www.barometreocupacions.cat\/es\/barometro\/\",\"name\":\"El Bar\u00f3metro - Bar\u00f2metre de compet\u00e8ncies i ocupacions de Catalunya\",\"isPartOf\":{\"@id\":\"https:\/\/www.barometreocupacions.cat\/es\/#website\"},\"primaryImageOfPage\":{\"@id\":\"https:\/\/www.barometreocupacions.cat\/es\/barometro\/#primaryimage\"},\"image\":{\"@id\":\"https:\/\/www.barometreocupacions.cat\/es\/barometro\/#primaryimage\"},\"thumbnailUrl\":\"https:\/\/www.barometreocupacions.cat\/wp-content\/uploads\/2024\/02\/barometre-2.jpg\",\"datePublished\":\"2024-02-07T21:16:08+00:00\",\"dateModified\":\"2025-08-04T10:51:29+00:00\",\"breadcrumb\":{\"@id\":\"https:\/\/www.barometreocupacions.cat\/es\/barometro\/#breadcrumb\"},\"inLanguage\":\"es\",\"potentialAction\":[{\"@type\":\"ReadAction\",\"target\":[\"https:\/\/www.barometreocupacions.cat\/es\/barometro\/\"]}]},{\"@type\":\"ImageObject\",\"inLanguage\":\"es\",\"@id\":\"https:\/\/www.barometreocupacions.cat\/es\/barometro\/#primaryimage\",\"url\":\"https:\/\/www.barometreocupacions.cat\/wp-content\/uploads\/2024\/02\/barometre-2.jpg\",\"contentUrl\":\"https:\/\/www.barometreocupacions.cat\/wp-content\/uploads\/2024\/02\/barometre-2.jpg\"},{\"@type\":\"BreadcrumbList\",\"@id\":\"https:\/\/www.barometreocupacions.cat\/es\/barometro\/#breadcrumb\",\"itemListElement\":[{\"@type\":\"ListItem\",\"position\":1,\"name\":\"Inici\",\"item\":\"https:\/\/www.barometreocupacions.cat\/es\/\"},{\"@type\":\"ListItem\",\"position\":2,\"name\":\"El Bar\u00f3metro\"}]},{\"@type\":\"WebSite\",\"@id\":\"https:\/\/www.barometreocupacions.cat\/es\/#website\",\"url\":\"https:\/\/www.barometreocupacions.cat\/es\/\",\"name\":\"Bar\u00f2metre de compet\u00e8ncies i ocupacions de Catalunya\",\"description\":\"\",\"publisher\":{\"@id\":\"https:\/\/www.barometreocupacions.cat\/es\/#organization\"},\"potentialAction\":[{\"@type\":\"SearchAction\",\"target\":{\"@type\":\"EntryPoint\",\"urlTemplate\":\"https:\/\/www.barometreocupacions.cat\/es\/?s={search_term_string}\"},\"query-input\":{\"@type\":\"PropertyValueSpecification\",\"valueRequired\":true,\"valueName\":\"search_term_string\"}}],\"inLanguage\":\"es\"},{\"@type\":\"Organization\",\"@id\":\"https:\/\/www.barometreocupacions.cat\/es\/#organization\",\"name\":\"Bar\u00f2metre de compet\u00e8ncies i ocupacions de Catalunya\",\"url\":\"https:\/\/www.barometreocupacions.cat\/es\/\",\"logo\":{\"@type\":\"ImageObject\",\"inLanguage\":\"es\",\"@id\":\"https:\/\/www.barometreocupacions.cat\/es\/#\/schema\/logo\/image\/\",\"url\":\"https:\/\/www.barometreocupacions.cat\/wp-content\/uploads\/2024\/02\/logo.png\",\"contentUrl\":\"https:\/\/www.barometreocupacions.cat\/wp-content\/uploads\/2024\/02\/logo.png\",\"width\":504,\"height\":435,\"caption\":\"Bar\u00f2metre de compet\u00e8ncies i ocupacions de Catalunya\"},\"image\":{\"@id\":\"https:\/\/www.barometreocupacions.cat\/es\/#\/schema\/logo\/image\/\"}}]}<\/script>\n<!-- \/ Yoast SEO plugin. -->","yoast_head_json":{"title":"El Bar\u00f3metro - Bar\u00f2metre de compet\u00e8ncies i ocupacions de Catalunya","robots":{"index":"index","follow":"follow","max-snippet":"max-snippet:-1","max-image-preview":"max-image-preview:large","max-video-preview":"max-video-preview:-1"},"canonical":"https:\/\/www.barometreocupacions.cat\/es\/barometro\/","og_locale":"es_ES","og_type":"article","og_title":"El Bar\u00f3metro - Bar\u00f2metre de compet\u00e8ncies i ocupacions de Catalunya","og_description":"\u00bfQU\u00c9 ES EL BAR\u00d3METRO DE OCUPACIONES? En esta secci\u00f3n, te sumergir\u00e1s en el an\u00e1lisis detallado de la evoluci\u00f3n de la demanda del mercado de trabajo catal\u00e1n a trav\u00e9s de las vacantes publicadas en l\u00ednea. Nuestro objetivo es ofrecerte una visi\u00f3n integral de las tendencias ocupacionales, proporcionando cifras clave y datos esenciales a partir del contenido [&hellip;]","og_url":"https:\/\/www.barometreocupacions.cat\/es\/barometro\/","og_site_name":"Bar\u00f2metre de compet\u00e8ncies i ocupacions de Catalunya","article_modified_time":"2025-08-04T10:51:29+00:00","og_image":[{"width":1200,"height":900,"url":"https:\/\/www.barometreocupacions.cat\/wp-content\/uploads\/2024\/02\/barometre-2.jpg","type":"image\/jpeg"}],"twitter_card":"summary_large_image","twitter_misc":{"Tiempo de lectura":"2 minutos"},"schema":{"@context":"https:\/\/schema.org","@graph":[{"@type":"WebPage","@id":"https:\/\/www.barometreocupacions.cat\/es\/barometro\/","url":"https:\/\/www.barometreocupacions.cat\/es\/barometro\/","name":"El Bar\u00f3metro - Bar\u00f2metre de compet\u00e8ncies i ocupacions de Catalunya","isPartOf":{"@id":"https:\/\/www.barometreocupacions.cat\/es\/#website"},"primaryImageOfPage":{"@id":"https:\/\/www.barometreocupacions.cat\/es\/barometro\/#primaryimage"},"image":{"@id":"https:\/\/www.barometreocupacions.cat\/es\/barometro\/#primaryimage"},"thumbnailUrl":"https:\/\/www.barometreocupacions.cat\/wp-content\/uploads\/2024\/02\/barometre-2.jpg","datePublished":"2024-02-07T21:16:08+00:00","dateModified":"2025-08-04T10:51:29+00:00","breadcrumb":{"@id":"https:\/\/www.barometreocupacions.cat\/es\/barometro\/#breadcrumb"},"inLanguage":"es","potentialAction":[{"@type":"ReadAction","target":["https:\/\/www.barometreocupacions.cat\/es\/barometro\/"]}]},{"@type":"ImageObject","inLanguage":"es","@id":"https:\/\/www.barometreocupacions.cat\/es\/barometro\/#primaryimage","url":"https:\/\/www.barometreocupacions.cat\/wp-content\/uploads\/2024\/02\/barometre-2.jpg","contentUrl":"https:\/\/www.barometreocupacions.cat\/wp-content\/uploads\/2024\/02\/barometre-2.jpg"},{"@type":"BreadcrumbList","@id":"https:\/\/www.barometreocupacions.cat\/es\/barometro\/#breadcrumb","itemListElement":[{"@type":"ListItem","position":1,"name":"Inici","item":"https:\/\/www.barometreocupacions.cat\/es\/"},{"@type":"ListItem","position":2,"name":"El Bar\u00f3metro"}]},{"@type":"WebSite","@id":"https:\/\/www.barometreocupacions.cat\/es\/#website","url":"https:\/\/www.barometreocupacions.cat\/es\/","name":"Bar\u00f2metre de compet\u00e8ncies i ocupacions de Catalunya","description":"","publisher":{"@id":"https:\/\/www.barometreocupacions.cat\/es\/#organization"},"potentialAction":[{"@type":"SearchAction","target":{"@type":"EntryPoint","urlTemplate":"https:\/\/www.barometreocupacions.cat\/es\/?s={search_term_string}"},"query-input":{"@type":"PropertyValueSpecification","valueRequired":true,"valueName":"search_term_string"}}],"inLanguage":"es"},{"@type":"Organization","@id":"https:\/\/www.barometreocupacions.cat\/es\/#organization","name":"Bar\u00f2metre de compet\u00e8ncies i ocupacions de Catalunya","url":"https:\/\/www.barometreocupacions.cat\/es\/","logo":{"@type":"ImageObject","inLanguage":"es","@id":"https:\/\/www.barometreocupacions.cat\/es\/#\/schema\/logo\/image\/","url":"https:\/\/www.barometreocupacions.cat\/wp-content\/uploads\/2024\/02\/logo.png","contentUrl":"https:\/\/www.barometreocupacions.cat\/wp-content\/uploads\/2024\/02\/logo.png","width":504,"height":435,"caption":"Bar\u00f2metre de compet\u00e8ncies i ocupacions de Catalunya"},"image":{"@id":"https:\/\/www.barometreocupacions.cat\/es\/#\/schema\/logo\/image\/"}}]}},"_links":{"self":[{"href":"https:\/\/www.barometreocupacions.cat\/es\/wp-json\/wp\/v2\/pages\/1799","targetHints":{"allow":["GET"]}}],"collection":[{"href":"https:\/\/www.barometreocupacions.cat\/es\/wp-json\/wp\/v2\/pages"}],"about":[{"href":"https:\/\/www.barometreocupacions.cat\/es\/wp-json\/wp\/v2\/types\/page"}],"author":[{"embeddable":true,"href":"https:\/\/www.barometreocupacions.cat\/es\/wp-json\/wp\/v2\/users\/1"}],"replies":[{"embeddable":true,"href":"https:\/\/www.barometreocupacions.cat\/es\/wp-json\/wp\/v2\/comments?post=1799"}],"version-history":[{"count":65,"href":"https:\/\/www.barometreocupacions.cat\/es\/wp-json\/wp\/v2\/pages\/1799\/revisions"}],"predecessor-version":[{"id":5625,"href":"https:\/\/www.barometreocupacions.cat\/es\/wp-json\/wp\/v2\/pages\/1799\/revisions\/5625"}],"wp:attachment":[{"href":"https:\/\/www.barometreocupacions.cat\/es\/wp-json\/wp\/v2\/media?parent=1799"}],"curies":[{"name":"wp","href":"https:\/\/api.w.org\/{rel}","templated":true}]}}