{"id":1733,"date":"2024-03-11T17:13:38","date_gmt":"2024-03-11T15:13:38","guid":{"rendered":"https:\/\/www.barometreocupacions.cat\/barometre-tendencies-per-provincia\/"},"modified":"2024-05-09T09:36:15","modified_gmt":"2024-05-09T07:36:15","slug":"barometro-tendencias-por-provincia","status":"publish","type":"page","link":"https:\/\/www.barometreocupacions.cat\/es\/barometro-tendencias-por-provincia\/","title":{"rendered":"Bar\u00f3metro tendencias por provincia"},"content":{"rendered":"\t\t<div data-elementor-type=\"wp-page\" data-elementor-id=\"1733\" class=\"elementor elementor-1733 elementor-1494\" data-elementor-post-type=\"page\">\n\t\t\t\t<div class=\"elementor-element elementor-element-e68e719 e-flex e-con-boxed elementor-invisible e-con e-parent\" data-id=\"e68e719\" data-element_type=\"container\" data-settings=\"{&quot;animation&quot;:&quot;fadeIn&quot;}\">\n\t\t\t\t\t<div class=\"e-con-inner\">\n\t\t\t\t<div class=\"elementor-element elementor-element-c4431e8 elementor-widget elementor-widget-heading\" data-id=\"c4431e8\" data-element_type=\"widget\" data-widget_type=\"heading.default\">\n\t\t\t\t<div class=\"elementor-widget-container\">\n\t\t\t\t\t<h1 class=\"elementor-heading-title elementor-size-default\">tendencias del mercado de trabajo en l\u00ednea por provincia<\/h1>\t\t\t\t<\/div>\n\t\t\t\t<\/div>\n\t\t\t\t\t<\/div>\n\t\t\t\t<\/div>\n\t\t<div class=\"elementor-element elementor-element-64c881e e-flex e-con-boxed elementor-invisible e-con e-parent\" data-id=\"64c881e\" data-element_type=\"container\" data-settings=\"{&quot;animation&quot;:&quot;fadeIn&quot;}\">\n\t\t\t\t\t<div class=\"e-con-inner\">\n\t\t\t\t<div class=\"elementor-element elementor-element-17bf529 elementor-widget elementor-widget-html\" data-id=\"17bf529\" data-element_type=\"widget\" data-widget_type=\"html.default\">\n\t\t\t\t<div class=\"elementor-widget-container\">\n\t\t\t\t\t<iframe title=\"Informe PIMEC ESP - Bot\u00f3n saber m\u00e1s\" width=\"100%\" height=\"700\" src=\"https:\/\/app.powerbi.com\/view?r=eyJrIjoiMjUyY2Y3NDItZjY4Yi00YzY3LWJkOTMtOTMxMDQ3MjI3OGE3IiwidCI6IjM1NGExOGYzLTI5OWQtNDRkMy1iMmFkLTg4NTkxYmUzMDQxNCIsImMiOjh9\" frameborder=\"0\" allowFullScreen=\"true\"><\/iframe>\t\t\t\t<\/div>\n\t\t\t\t<\/div>\n\t\t\t\t\t<\/div>\n\t\t\t\t<\/div>\n\t\t<div class=\"elementor-element elementor-element-f73bf11 e-flex e-con-boxed elementor-invisible e-con e-parent\" data-id=\"f73bf11\" data-element_type=\"container\" data-settings=\"{&quot;animation&quot;:&quot;fadeIn&quot;}\">\n\t\t\t\t\t<div class=\"e-con-inner\">\n\t\t\t\t<div class=\"elementor-element elementor-element-8e3adb7 elementor-widget elementor-widget-heading\" data-id=\"8e3adb7\" data-element_type=\"widget\" data-widget_type=\"heading.default\">\n\t\t\t\t<div class=\"elementor-widget-container\">\n\t\t\t\t\t<h3 class=\"elementor-heading-title elementor-size-default\">Y ADEM\u00c1S...<\/h3>\t\t\t\t<\/div>\n\t\t\t\t<\/div>\n\t\t<div class=\"elementor-element elementor-element-d9f255c e-flex e-con-boxed e-con e-child\" data-id=\"d9f255c\" data-element_type=\"container\">\n\t\t\t\t\t<div class=\"e-con-inner\">\n\t\t<div class=\"elementor-element elementor-element-d15dcaf e-flex e-con-boxed e-con e-child\" data-id=\"d15dcaf\" data-element_type=\"container\" data-settings=\"{&quot;background_background&quot;:&quot;classic&quot;}\">\n\t\t\t\t\t<div class=\"e-con-inner\">\n\t\t\t\t<div class=\"elementor-element elementor-element-f837dcd elementor-position-left elementor-vertical-align-middle elementor-widget elementor-widget-image-box\" data-id=\"f837dcd\" data-element_type=\"widget\" data-widget_type=\"image-box.default\">\n\t\t\t\t<div class=\"elementor-widget-container\">\n\t\t\t\t\t<div class=\"elementor-image-box-wrapper\"><figure class=\"elementor-image-box-img\"><a href=\"https:\/\/www.barometreocupacions.cat\/es\/el-mercado-de-trabajo-en-cataluna-ofertas-publicadas-en-linea\/\" tabindex=\"-1\"><img fetchpriority=\"high\" decoding=\"async\" width=\"512\" height=\"512\" src=\"https:\/\/www.barometreocupacions.cat\/wp-content\/uploads\/2024\/02\/tendencia.png\" class=\"attachment-full size-full wp-image-572\" alt=\"\" srcset=\"https:\/\/www.barometreocupacions.cat\/wp-content\/uploads\/2024\/02\/tendencia.png 512w, https:\/\/www.barometreocupacions.cat\/wp-content\/uploads\/2024\/02\/tendencia-300x300.png 300w, https:\/\/www.barometreocupacions.cat\/wp-content\/uploads\/2024\/02\/tendencia-150x150.png 150w\" sizes=\"(max-width: 512px) 100vw, 512px\" \/><\/a><\/figure><div class=\"elementor-image-box-content\"><h3 class=\"elementor-image-box-title\"><a href=\"https:\/\/www.barometreocupacions.cat\/es\/el-mercado-de-trabajo-en-cataluna-ofertas-publicadas-en-linea\/\">El mercado de trabajo en Catalu\u00f1a: Ofertas publicadas en l\u00ednea<\/a><\/h3><\/div><\/div>\t\t\t\t<\/div>\n\t\t\t\t<\/div>\n\t\t\t\t\t<\/div>\n\t\t\t\t<\/div>\n\t\t<div class=\"elementor-element elementor-element-9a545ad e-flex e-con-boxed e-con e-child\" data-id=\"9a545ad\" data-element_type=\"container\" data-settings=\"{&quot;background_background&quot;:&quot;classic&quot;}\">\n\t\t\t\t\t<div class=\"e-con-inner\">\n\t\t\t\t<div class=\"elementor-element elementor-element-2c40608 elementor-position-left elementor-vertical-align-middle elementor-widget elementor-widget-image-box\" data-id=\"2c40608\" data-element_type=\"widget\" data-widget_type=\"image-box.default\">\n\t\t\t\t<div class=\"elementor-widget-container\">\n\t\t\t\t\t<div class=\"elementor-image-box-wrapper\"><figure class=\"elementor-image-box-img\"><a href=\"https:\/\/www.barometreocupacions.cat\/es\/ocupaciones-mas-demandadas-por-sector-economico\/\" tabindex=\"-1\"><img decoding=\"async\" width=\"512\" height=\"512\" src=\"https:\/\/www.barometreocupacions.cat\/wp-content\/uploads\/2024\/02\/grafico-de-torta-1.png\" class=\"attachment-full size-full wp-image-577\" alt=\"\" srcset=\"https:\/\/www.barometreocupacions.cat\/wp-content\/uploads\/2024\/02\/grafico-de-torta-1.png 512w, https:\/\/www.barometreocupacions.cat\/wp-content\/uploads\/2024\/02\/grafico-de-torta-1-300x300.png 300w, https:\/\/www.barometreocupacions.cat\/wp-content\/uploads\/2024\/02\/grafico-de-torta-1-150x150.png 150w\" sizes=\"(max-width: 512px) 100vw, 512px\" \/><\/a><\/figure><div class=\"elementor-image-box-content\"><h3 class=\"elementor-image-box-title\"><a href=\"https:\/\/www.barometreocupacions.cat\/es\/ocupaciones-mas-demandadas-por-sector-economico\/\">Las ocupaciones m\u00e1s demandadas por sector econ\u00f3mico<\/a><\/h3><\/div><\/div>\t\t\t\t<\/div>\n\t\t\t\t<\/div>\n\t\t\t\t\t<\/div>\n\t\t\t\t<\/div>\n\t\t\t\t\t<\/div>\n\t\t\t\t<\/div>\n\t\t\t\t\t<\/div>\n\t\t\t\t<\/div>\n\t\t\t\t<\/div>\n\t\t","protected":false},"excerpt":{"rendered":"<p>tendencias del mercado de trabajo en l\u00ednea por provincia Y ADEM\u00c1S&#8230; El mercado de trabajo en Catalu\u00f1a: Ofertas publicadas en l\u00ednea Las ocupaciones m\u00e1s demandadas por sector econ\u00f3mico<\/p>\n","protected":false},"author":2,"featured_media":0,"parent":0,"menu_order":0,"comment_status":"closed","ping_status":"closed","template":"","meta":{"footnotes":""},"class_list":["post-1733","page","type-page","status-publish","hentry"],"yoast_head":"<!-- This site is optimized with the Yoast SEO plugin v25.4 - https:\/\/yoast.com\/wordpress\/plugins\/seo\/ -->\n<title>Bar\u00f3metro tendencias por provincia - Bar\u00f2metre de compet\u00e8ncies i ocupacions de Catalunya<\/title>\n<meta name=\"robots\" content=\"index, follow, max-snippet:-1, max-image-preview:large, max-video-preview:-1\" \/>\n<link rel=\"canonical\" href=\"https:\/\/www.barometreocupacions.cat\/es\/barometro-tendencias-por-provincia\/\" \/>\n<meta property=\"og:locale\" content=\"es_ES\" \/>\n<meta property=\"og:type\" content=\"article\" \/>\n<meta property=\"og:title\" content=\"Bar\u00f3metro tendencias por provincia - Bar\u00f2metre de compet\u00e8ncies i ocupacions de Catalunya\" \/>\n<meta property=\"og:description\" content=\"tendencias del mercado de trabajo en l\u00ednea por provincia Y ADEM\u00c1S&#8230; El mercado de trabajo en Catalu\u00f1a: Ofertas publicadas en l\u00ednea Las ocupaciones m\u00e1s demandadas por sector econ\u00f3mico\" \/>\n<meta property=\"og:url\" content=\"https:\/\/www.barometreocupacions.cat\/es\/barometro-tendencias-por-provincia\/\" \/>\n<meta property=\"og:site_name\" content=\"Bar\u00f2metre de compet\u00e8ncies i ocupacions de Catalunya\" \/>\n<meta property=\"article:modified_time\" content=\"2024-05-09T07:36:15+00:00\" \/>\n<meta property=\"og:image\" content=\"https:\/\/www.barometreocupacions.cat\/wp-content\/uploads\/2024\/02\/tendencia.png\" \/>\n<meta name=\"twitter:card\" content=\"summary_large_image\" \/>\n<meta name=\"twitter:label1\" content=\"Tiempo de lectura\" \/>\n\t<meta name=\"twitter:data1\" content=\"1 minuto\" \/>\n<script type=\"application\/ld+json\" class=\"yoast-schema-graph\">{\"@context\":\"https:\/\/schema.org\",\"@graph\":[{\"@type\":\"WebPage\",\"@id\":\"https:\/\/www.barometreocupacions.cat\/es\/barometro-tendencias-por-provincia\/\",\"url\":\"https:\/\/www.barometreocupacions.cat\/es\/barometro-tendencias-por-provincia\/\",\"name\":\"Bar\u00f3metro tendencias por provincia - Bar\u00f2metre de compet\u00e8ncies i ocupacions de Catalunya\",\"isPartOf\":{\"@id\":\"https:\/\/www.barometreocupacions.cat\/es\/#website\"},\"primaryImageOfPage\":{\"@id\":\"https:\/\/www.barometreocupacions.cat\/es\/barometro-tendencias-por-provincia\/#primaryimage\"},\"image\":{\"@id\":\"https:\/\/www.barometreocupacions.cat\/es\/barometro-tendencias-por-provincia\/#primaryimage\"},\"thumbnailUrl\":\"https:\/\/www.barometreocupacions.cat\/wp-content\/uploads\/2024\/02\/tendencia.png\",\"datePublished\":\"2024-03-11T15:13:38+00:00\",\"dateModified\":\"2024-05-09T07:36:15+00:00\",\"breadcrumb\":{\"@id\":\"https:\/\/www.barometreocupacions.cat\/es\/barometro-tendencias-por-provincia\/#breadcrumb\"},\"inLanguage\":\"es\",\"potentialAction\":[{\"@type\":\"ReadAction\",\"target\":[\"https:\/\/www.barometreocupacions.cat\/es\/barometro-tendencias-por-provincia\/\"]}]},{\"@type\":\"ImageObject\",\"inLanguage\":\"es\",\"@id\":\"https:\/\/www.barometreocupacions.cat\/es\/barometro-tendencias-por-provincia\/#primaryimage\",\"url\":\"https:\/\/www.barometreocupacions.cat\/wp-content\/uploads\/2024\/02\/tendencia.png\",\"contentUrl\":\"https:\/\/www.barometreocupacions.cat\/wp-content\/uploads\/2024\/02\/tendencia.png\"},{\"@type\":\"BreadcrumbList\",\"@id\":\"https:\/\/www.barometreocupacions.cat\/es\/barometro-tendencias-por-provincia\/#breadcrumb\",\"itemListElement\":[{\"@type\":\"ListItem\",\"position\":1,\"name\":\"Inici\",\"item\":\"https:\/\/www.barometreocupacions.cat\/es\/\"},{\"@type\":\"ListItem\",\"position\":2,\"name\":\"Bar\u00f3metro tendencias por provincia\"}]},{\"@type\":\"WebSite\",\"@id\":\"https:\/\/www.barometreocupacions.cat\/es\/#website\",\"url\":\"https:\/\/www.barometreocupacions.cat\/es\/\",\"name\":\"Bar\u00f2metre de compet\u00e8ncies i ocupacions de Catalunya\",\"description\":\"\",\"publisher\":{\"@id\":\"https:\/\/www.barometreocupacions.cat\/es\/#organization\"},\"potentialAction\":[{\"@type\":\"SearchAction\",\"target\":{\"@type\":\"EntryPoint\",\"urlTemplate\":\"https:\/\/www.barometreocupacions.cat\/es\/?s={search_term_string}\"},\"query-input\":{\"@type\":\"PropertyValueSpecification\",\"valueRequired\":true,\"valueName\":\"search_term_string\"}}],\"inLanguage\":\"es\"},{\"@type\":\"Organization\",\"@id\":\"https:\/\/www.barometreocupacions.cat\/es\/#organization\",\"name\":\"Bar\u00f2metre de compet\u00e8ncies i ocupacions de Catalunya\",\"url\":\"https:\/\/www.barometreocupacions.cat\/es\/\",\"logo\":{\"@type\":\"ImageObject\",\"inLanguage\":\"es\",\"@id\":\"https:\/\/www.barometreocupacions.cat\/es\/#\/schema\/logo\/image\/\",\"url\":\"https:\/\/www.barometreocupacions.cat\/wp-content\/uploads\/2024\/02\/logo.png\",\"contentUrl\":\"https:\/\/www.barometreocupacions.cat\/wp-content\/uploads\/2024\/02\/logo.png\",\"width\":504,\"height\":435,\"caption\":\"Bar\u00f2metre de compet\u00e8ncies i ocupacions de Catalunya\"},\"image\":{\"@id\":\"https:\/\/www.barometreocupacions.cat\/es\/#\/schema\/logo\/image\/\"}}]}<\/script>\n<!-- \/ Yoast SEO plugin. -->","yoast_head_json":{"title":"Bar\u00f3metro tendencias por provincia - Bar\u00f2metre de compet\u00e8ncies i ocupacions de Catalunya","robots":{"index":"index","follow":"follow","max-snippet":"max-snippet:-1","max-image-preview":"max-image-preview:large","max-video-preview":"max-video-preview:-1"},"canonical":"https:\/\/www.barometreocupacions.cat\/es\/barometro-tendencias-por-provincia\/","og_locale":"es_ES","og_type":"article","og_title":"Bar\u00f3metro tendencias por provincia - Bar\u00f2metre de compet\u00e8ncies i ocupacions de Catalunya","og_description":"tendencias del mercado de trabajo en l\u00ednea por provincia Y ADEM\u00c1S&#8230; El mercado de trabajo en Catalu\u00f1a: Ofertas publicadas en l\u00ednea Las ocupaciones m\u00e1s demandadas por sector econ\u00f3mico","og_url":"https:\/\/www.barometreocupacions.cat\/es\/barometro-tendencias-por-provincia\/","og_site_name":"Bar\u00f2metre de compet\u00e8ncies i ocupacions de Catalunya","article_modified_time":"2024-05-09T07:36:15+00:00","og_image":[{"url":"https:\/\/www.barometreocupacions.cat\/wp-content\/uploads\/2024\/02\/tendencia.png","type":"","width":"","height":""}],"twitter_card":"summary_large_image","twitter_misc":{"Tiempo de lectura":"1 minuto"},"schema":{"@context":"https:\/\/schema.org","@graph":[{"@type":"WebPage","@id":"https:\/\/www.barometreocupacions.cat\/es\/barometro-tendencias-por-provincia\/","url":"https:\/\/www.barometreocupacions.cat\/es\/barometro-tendencias-por-provincia\/","name":"Bar\u00f3metro tendencias por provincia - Bar\u00f2metre de compet\u00e8ncies i ocupacions de Catalunya","isPartOf":{"@id":"https:\/\/www.barometreocupacions.cat\/es\/#website"},"primaryImageOfPage":{"@id":"https:\/\/www.barometreocupacions.cat\/es\/barometro-tendencias-por-provincia\/#primaryimage"},"image":{"@id":"https:\/\/www.barometreocupacions.cat\/es\/barometro-tendencias-por-provincia\/#primaryimage"},"thumbnailUrl":"https:\/\/www.barometreocupacions.cat\/wp-content\/uploads\/2024\/02\/tendencia.png","datePublished":"2024-03-11T15:13:38+00:00","dateModified":"2024-05-09T07:36:15+00:00","breadcrumb":{"@id":"https:\/\/www.barometreocupacions.cat\/es\/barometro-tendencias-por-provincia\/#breadcrumb"},"inLanguage":"es","potentialAction":[{"@type":"ReadAction","target":["https:\/\/www.barometreocupacions.cat\/es\/barometro-tendencias-por-provincia\/"]}]},{"@type":"ImageObject","inLanguage":"es","@id":"https:\/\/www.barometreocupacions.cat\/es\/barometro-tendencias-por-provincia\/#primaryimage","url":"https:\/\/www.barometreocupacions.cat\/wp-content\/uploads\/2024\/02\/tendencia.png","contentUrl":"https:\/\/www.barometreocupacions.cat\/wp-content\/uploads\/2024\/02\/tendencia.png"},{"@type":"BreadcrumbList","@id":"https:\/\/www.barometreocupacions.cat\/es\/barometro-tendencias-por-provincia\/#breadcrumb","itemListElement":[{"@type":"ListItem","position":1,"name":"Inici","item":"https:\/\/www.barometreocupacions.cat\/es\/"},{"@type":"ListItem","position":2,"name":"Bar\u00f3metro tendencias por provincia"}]},{"@type":"WebSite","@id":"https:\/\/www.barometreocupacions.cat\/es\/#website","url":"https:\/\/www.barometreocupacions.cat\/es\/","name":"Bar\u00f2metre de compet\u00e8ncies i ocupacions de Catalunya","description":"","publisher":{"@id":"https:\/\/www.barometreocupacions.cat\/es\/#organization"},"potentialAction":[{"@type":"SearchAction","target":{"@type":"EntryPoint","urlTemplate":"https:\/\/www.barometreocupacions.cat\/es\/?s={search_term_string}"},"query-input":{"@type":"PropertyValueSpecification","valueRequired":true,"valueName":"search_term_string"}}],"inLanguage":"es"},{"@type":"Organization","@id":"https:\/\/www.barometreocupacions.cat\/es\/#organization","name":"Bar\u00f2metre de compet\u00e8ncies i ocupacions de Catalunya","url":"https:\/\/www.barometreocupacions.cat\/es\/","logo":{"@type":"ImageObject","inLanguage":"es","@id":"https:\/\/www.barometreocupacions.cat\/es\/#\/schema\/logo\/image\/","url":"https:\/\/www.barometreocupacions.cat\/wp-content\/uploads\/2024\/02\/logo.png","contentUrl":"https:\/\/www.barometreocupacions.cat\/wp-content\/uploads\/2024\/02\/logo.png","width":504,"height":435,"caption":"Bar\u00f2metre de compet\u00e8ncies i ocupacions de Catalunya"},"image":{"@id":"https:\/\/www.barometreocupacions.cat\/es\/#\/schema\/logo\/image\/"}}]}},"_links":{"self":[{"href":"https:\/\/www.barometreocupacions.cat\/es\/wp-json\/wp\/v2\/pages\/1733","targetHints":{"allow":["GET"]}}],"collection":[{"href":"https:\/\/www.barometreocupacions.cat\/es\/wp-json\/wp\/v2\/pages"}],"about":[{"href":"https:\/\/www.barometreocupacions.cat\/es\/wp-json\/wp\/v2\/types\/page"}],"author":[{"embeddable":true,"href":"https:\/\/www.barometreocupacions.cat\/es\/wp-json\/wp\/v2\/users\/2"}],"replies":[{"embeddable":true,"href":"https:\/\/www.barometreocupacions.cat\/es\/wp-json\/wp\/v2\/comments?post=1733"}],"version-history":[{"count":28,"href":"https:\/\/www.barometreocupacions.cat\/es\/wp-json\/wp\/v2\/pages\/1733\/revisions"}],"predecessor-version":[{"id":2619,"href":"https:\/\/www.barometreocupacions.cat\/es\/wp-json\/wp\/v2\/pages\/1733\/revisions\/2619"}],"wp:attachment":[{"href":"https:\/\/www.barometreocupacions.cat\/es\/wp-json\/wp\/v2\/media?parent=1733"}],"curies":[{"name":"wp","href":"https:\/\/api.w.org\/{rel}","templated":true}]}}